{"id":10486,"date":"2025-04-17T11:47:25","date_gmt":"2025-04-17T11:47:25","guid":{"rendered":"https:\/\/whitelip.com\/stng-raspberry-max\/"},"modified":"2026-05-07T10:11:34","modified_gmt":"2026-05-07T10:11:34","slug":"stng-raspberry-max","status":"publish","type":"product","link":"https:\/\/whitelip.com\/es\/stng\/stng-raspberry-max\/","title":{"rendered":"Frambuesa Max STNG"},"content":{"rendered":"<h2><strong>Frambuesa Max STNG<\/strong><\/h2>\n<p>Las bolsitas de nicotina STNG Raspberry Max ofrecen un vibrante y jugoso sabor a frambuesa que logra un equilibrio perfecto entre el dulzor natural y las notas \u00e1cidas de las bayas. Con una potencia de nicotina adaptada a los usuarios de m\u00e1xima intensidad, cada bolsita blanca y delgada proporciona 27,5 mg de nicotina. Discretas y c\u00f3modas bajo el labio, estas bolsitas sin tabaco proporcionan una experiencia limpia y sabrosa sin manchar los dientes. Fabricadas por STNG, estas bolsitas combinan un sabor intenso con una calidad fiable para una satisfacci\u00f3n diaria.<\/p>\n<table>\n<tbody>\n<tr>\n<td><b>Atributo<\/b><\/td>\n<td><b>Detalles<\/b><\/td>\n<\/tr>\n<tr>\n<td><b>Contenido por lata<\/b><\/td>\n<td><span style=\"font-weight: 400;\">11g (20 bolsitas)<\/span><\/td>\n<\/tr>\n<tr>\n<td><b>Contenido de nicotina<\/b><\/td>\n<td><span style=\"font-weight: 400;\">50 mg\/g (27,5 mg por bolsita)<\/span><\/td>\n<\/tr>\n<tr>\n<td><b>Formato bolsa<\/b><\/td>\n<td><span style=\"font-weight: 400;\">Delgado<\/span><\/td>\n<\/tr>\n<tr>\n<td><b>Productor<\/b><\/td>\n<td><span style=\"font-weight: 400;\">STNG<\/span><\/td>\n<\/tr>\n<tr>\n<td><b>Sabor<\/b><\/td>\n<td><span style=\"font-weight: 400;\">Frambuesa<\/span><\/td>\n<\/tr>\n<tr>\n<td><b>Tipo<\/b><\/td>\n<td><span style=\"font-weight: 400;\">Bolsa blanca<\/span><\/td>\n<\/tr>\n<\/tbody>\n<\/table>","protected":false},"excerpt":{"rendered":"<p>Las bolsitas de nicotina STNG Raspberry Max ofrecen un sabor vibrante y jugoso. <strong data-start=\"61\" data-end=\"74\">Frambuesa<\/strong> sabor con equilibradas notas agridulces. <strong data-start=\"114\" data-end=\"122\">Delgado<\/strong>, formato totalmente blanco para un confort discreto bajo el labio. Cada bolsa contiene <strong data-start=\"197\" data-end=\"217\">27,5 mg de nicotina<\/strong>. Experiencia limpia y sin tabaco con la m\u00e1xima intensidad.<\/p>","protected":false},"featured_media":27183,"comment_status":"open","ping_status":"closed","template":"","format":[206],"meta":{"_acf_changed":false},"product_brand":[],"product_cat":[111],"product_tag":[16445,17003],"flavours":[196],"nicotine":[226,233],"class_list":{"0":"post-10486","1":"product","2":"type-product","3":"status-publish","4":"has-post-thumbnail","6":"product_cat-stng","7":"product_tag-20-off","8":"product_tag-27-5-mg-pouch","9":"pa_quantity-1-pack","10":"pa_quantity-10-pack","11":"pa_quantity-3-pack","12":"pa_quantity-30-pack","13":"pa_quantity-5-pack","14":"pa_quantity-60-pack","15":"flavours-fruits-berries","16":"format-slim","17":"nicotine-50-mg-g","18":"nicotine-extreme","20":"first","21":"outofstock","22":"sale","23":"taxable","24":"shipping-taxable","25":"purchasable","26":"product-type-variable","27":"has-default-attributes"},"acf":[],"_links":{"self":[{"href":"https:\/\/whitelip.com\/es\/wp-json\/wp\/v2\/product\/10486","targetHints":{"allow":["GET"]}}],"collection":[{"href":"https:\/\/whitelip.com\/es\/wp-json\/wp\/v2\/product"}],"about":[{"href":"https:\/\/whitelip.com\/es\/wp-json\/wp\/v2\/types\/product"}],"replies":[{"embeddable":true,"href":"https:\/\/whitelip.com\/es\/wp-json\/wp\/v2\/comments?post=10486"}],"wp:featuredmedia":[{"embeddable":true,"href":"https:\/\/whitelip.com\/es\/wp-json\/wp\/v2\/media\/27183"}],"wp:attachment":[{"href":"https:\/\/whitelip.com\/es\/wp-json\/wp\/v2\/media?parent=10486"}],"wp:term":[{"taxonomy":"product_brand","embeddable":true,"href":"https:\/\/whitelip.com\/es\/wp-json\/wp\/v2\/product_brand?post=10486"},{"taxonomy":"product_cat","embeddable":true,"href":"https:\/\/whitelip.com\/es\/wp-json\/wp\/v2\/product_cat?post=10486"},{"taxonomy":"product_tag","embeddable":true,"href":"https:\/\/whitelip.com\/es\/wp-json\/wp\/v2\/product_tag?post=10486"},{"taxonomy":"flavours","embeddable":true,"href":"https:\/\/whitelip.com\/es\/wp-json\/wp\/v2\/flavours?post=10486"},{"taxonomy":"format","embeddable":true,"href":"https:\/\/whitelip.com\/es\/wp-json\/wp\/v2\/format?post=10486"},{"taxonomy":"nicotine","embeddable":true,"href":"https:\/\/whitelip.com\/es\/wp-json\/wp\/v2\/nicotine?post=10486"}],"curies":[{"name":"wp","href":"https:\/\/api.w.org\/{rel}","templated":true}]}}