{"id":10426,"date":"2025-04-16T12:50:07","date_gmt":"2025-04-16T12:50:07","guid":{"rendered":"https:\/\/whitelip.com\/pablo-exclusive-strawberry-watermelon-50mg\/"},"modified":"2026-05-17T10:11:03","modified_gmt":"2026-05-17T10:11:03","slug":"pablo-exclusive-strawberry-watermelon-50mg","status":"publish","type":"product","link":"https:\/\/whitelip.com\/es\/pablo\/pablo-exclusive-strawberry-watermelon-50mg\/","title":{"rendered":"PABLO Exclusivo Fresa Sand\u00eda 50mg"},"content":{"rendered":"<h2><strong>PABLO Exclusivo Fresa Sand\u00eda 50mg<\/strong><\/h2>\n<p class=\"\" data-start=\"100\" data-end=\"587\">Las bolsitas de nicotina PABLO Exclusive Fresa y Sand\u00eda de 50mg ofrecen una jugosa mezcla de fresas dulces y sand\u00eda refrescante, combinada con un potente chute de nicotina. Dise\u00f1adas para usuarios experimentados, estas finas bolsitas sin tabaco combinan un sabor afrutado con una intensidad cruda para una experiencia audaz y satisfactoria. Discreto y c\u00f3modo bajo el labio, PABLO Fresa y Sand\u00eda a\u00fana un sabor vibrante y una potencia extrema en cada petaca, sin humo y con todo el sabor.<\/p>\n<table>\n<tbody>\n<tr>\n<td><b>Atributo<\/b><\/td>\n<td><b>Detalles<\/b><\/td>\n<\/tr>\n<tr>\n<td><b>Contenido por lata<\/b><\/td>\n<td><span style=\"font-weight: 400;\">15g (20 bolsitas)<\/span><\/td>\n<\/tr>\n<tr>\n<td><b>Contenido de nicotina<\/b><\/td>\n<td><span style=\"font-weight: 400;\">50 mg\/g (30 mg por bolsita)<\/span><\/td>\n<\/tr>\n<tr>\n<td><b>Formato bolsa<\/b><\/td>\n<td><span style=\"font-weight: 400;\">Delgado<\/span><\/td>\n<\/tr>\n<tr>\n<td><b>Productor<\/b><\/td>\n<td><span style=\"font-weight: 400;\">N.G.P Empire<\/span><\/td>\n<\/tr>\n<tr>\n<td><b>Sabor<\/b><\/td>\n<td><span style=\"font-weight: 400;\">Fresa y Sand\u00eda<\/span><\/td>\n<\/tr>\n<tr>\n<td><b>Tipo<\/b><\/td>\n<td><span style=\"font-weight: 400;\">Bolsa blanca, Sin tabaco<\/span><\/td>\n<\/tr>\n<\/tbody>\n<\/table>","protected":false},"excerpt":{"rendered":"<p>Las bolsitas de nicotina PABLO Exclusive Fresa Sand\u00eda de 50 mg proporcionan un jugoso <strong data-start=\"76\" data-end=\"101\">Sand\u00eda con fresa<\/strong> sabor con intensidad ultra fuerte. <strong data-start=\"138\" data-end=\"146\">Delgado<\/strong>, Un formato sin tabaco para un uso discreto y c\u00f3modo y una liberaci\u00f3n limpia y satisfactoria. Cada bolsita contiene <strong>30 mg de nicotina<\/strong>.<\/p>","protected":false},"featured_media":3387,"comment_status":"open","ping_status":"closed","template":"","format":[206],"meta":{"_acf_changed":false},"product_brand":[],"product_cat":[44],"product_tag":[16605],"flavours":[196],"nicotine":[226,233],"class_list":{"0":"post-10426","1":"product","2":"type-product","3":"status-publish","4":"has-post-thumbnail","6":"product_cat-pablo","7":"product_tag-30-mg-pouch","8":"pa_quantity-1-pack","9":"pa_quantity-10-pack","10":"pa_quantity-3-pack","11":"pa_quantity-30-pack","12":"pa_quantity-5-pack","13":"pa_quantity-60-pack","14":"flavours-fruits-berries","15":"format-slim","16":"nicotine-50-mg-g","17":"nicotine-extreme","19":"first","20":"outofstock","21":"taxable","22":"shipping-taxable","23":"purchasable","24":"product-type-variable"},"acf":[],"_links":{"self":[{"href":"https:\/\/whitelip.com\/es\/wp-json\/wp\/v2\/product\/10426","targetHints":{"allow":["GET"]}}],"collection":[{"href":"https:\/\/whitelip.com\/es\/wp-json\/wp\/v2\/product"}],"about":[{"href":"https:\/\/whitelip.com\/es\/wp-json\/wp\/v2\/types\/product"}],"replies":[{"embeddable":true,"href":"https:\/\/whitelip.com\/es\/wp-json\/wp\/v2\/comments?post=10426"}],"wp:featuredmedia":[{"embeddable":true,"href":"https:\/\/whitelip.com\/es\/wp-json\/wp\/v2\/media\/3387"}],"wp:attachment":[{"href":"https:\/\/whitelip.com\/es\/wp-json\/wp\/v2\/media?parent=10426"}],"wp:term":[{"taxonomy":"product_brand","embeddable":true,"href":"https:\/\/whitelip.com\/es\/wp-json\/wp\/v2\/product_brand?post=10426"},{"taxonomy":"product_cat","embeddable":true,"href":"https:\/\/whitelip.com\/es\/wp-json\/wp\/v2\/product_cat?post=10426"},{"taxonomy":"product_tag","embeddable":true,"href":"https:\/\/whitelip.com\/es\/wp-json\/wp\/v2\/product_tag?post=10426"},{"taxonomy":"flavours","embeddable":true,"href":"https:\/\/whitelip.com\/es\/wp-json\/wp\/v2\/flavours?post=10426"},{"taxonomy":"format","embeddable":true,"href":"https:\/\/whitelip.com\/es\/wp-json\/wp\/v2\/format?post=10426"},{"taxonomy":"nicotine","embeddable":true,"href":"https:\/\/whitelip.com\/es\/wp-json\/wp\/v2\/nicotine?post=10426"}],"curies":[{"name":"wp","href":"https:\/\/api.w.org\/{rel}","templated":true}]}}