{"id":10371,"date":"2025-04-16T12:25:44","date_gmt":"2025-04-16T12:25:44","guid":{"rendered":"https:\/\/whitelip.com\/killa-cappuccino\/"},"modified":"2026-05-12T10:11:41","modified_gmt":"2026-05-12T10:11:41","slug":"killa-cappuccino","status":"publish","type":"product","link":"https:\/\/whitelip.com\/es\/killa\/killa-cappuccino\/","title":{"rendered":"KILLA Capuchino"},"content":{"rendered":"<h2><strong>KILLA Capuchino<\/strong><\/h2>\n<p class=\"\" data-start=\"100\" data-end=\"587\">Las bolsitas de nicotina KILLA Cappuccino ofrecen una rica y suave experiencia de caf\u00e9, mezclando el cremoso sabor del cappuccino con un s\u00f3lido chute de nicotina. Perfecto para los amantes del caf\u00e9 que quieren su sabor favorito en cualquier lugar, estas bolsitas sin tabaco ofrecen una alternativa discreta y satisfactoria a los productos tradicionales de nicotina. El formato delgado asegura un ajuste c\u00f3modo debajo del labio, liberando un sabor c\u00e1lido e indulgente con cada uso, sin humo, sin complicaciones, s\u00f3lo vibraciones de caf\u00e9.<\/p>\n<table>\n<tbody>\n<tr>\n<td><b>Atributo<\/b><\/td>\n<td><b>Detalles<\/b><\/td>\n<\/tr>\n<tr>\n<td><b>Contenido por lata<\/b><\/td>\n<td><span style=\"font-weight: 400;\">16g (20 bolsitas)<\/span><\/td>\n<\/tr>\n<tr>\n<td><b>Contenido de nicotina<\/b><\/td>\n<td><span style=\"font-weight: 400;\">16 mg\/g (12,8 mg por bolsita)<\/span><\/td>\n<\/tr>\n<tr>\n<td><b>Formato bolsa<\/b><\/td>\n<td><span style=\"font-weight: 400;\">Delgado<\/span><\/td>\n<\/tr>\n<tr>\n<td><b>Productor<\/b><\/td>\n<td><span style=\"font-weight: 400;\">NGP Empire<\/span><\/td>\n<\/tr>\n<tr>\n<td><b>Sabor<\/b><\/td>\n<td><span style=\"font-weight: 400;\">Capuchino<\/span><\/td>\n<\/tr>\n<tr>\n<td><b>Tipo<\/b><\/td>\n<td><span style=\"font-weight: 400;\">Bolsa blanca, Sin tabaco<\/span><\/td>\n<\/tr>\n<\/tbody>\n<\/table>","protected":false},"excerpt":{"rendered":"<p>Rico, suave <strong data-start=\"13\" data-end=\"27\">capuchino<\/strong> con notas cremosas de caf\u00e9 y una s\u00f3lida patada. <strong data-start=\"71\" data-end=\"79\">Delgado<\/strong>, Las bolsitas sin tabaco se colocan discretamente bajo el labio para disfrutar de un sabor c\u00e1lido y agradable sobre la marcha. Cada bolsita contiene <strong data-start=\"189\" data-end=\"209\">12,8 mg de nicotina<\/strong> para una experiencia fuerte y satisfactoria.<\/p>","protected":false},"featured_media":10372,"comment_status":"open","ping_status":"closed","template":"","format":[206],"meta":{"_acf_changed":false},"product_brand":[],"product_cat":[64],"product_tag":[16676],"flavours":[192],"nicotine":[213,232],"class_list":{"0":"post-10371","1":"product","2":"type-product","3":"status-publish","4":"has-post-thumbnail","6":"product_cat-killa","7":"product_tag-12-8-mg-pouch","8":"pa_quantity-1-pack","9":"pa_quantity-10-pack","10":"pa_quantity-3-pack","11":"pa_quantity-30-pack","12":"pa_quantity-5-pack","13":"pa_quantity-60-pack","14":"flavours-coffee","15":"format-slim","16":"nicotine-16-mg-g","17":"nicotine-extra-strong","19":"first","20":"outofstock","21":"taxable","22":"shipping-taxable","23":"purchasable","24":"product-type-variable"},"acf":[],"_links":{"self":[{"href":"https:\/\/whitelip.com\/es\/wp-json\/wp\/v2\/product\/10371","targetHints":{"allow":["GET"]}}],"collection":[{"href":"https:\/\/whitelip.com\/es\/wp-json\/wp\/v2\/product"}],"about":[{"href":"https:\/\/whitelip.com\/es\/wp-json\/wp\/v2\/types\/product"}],"replies":[{"embeddable":true,"href":"https:\/\/whitelip.com\/es\/wp-json\/wp\/v2\/comments?post=10371"}],"wp:featuredmedia":[{"embeddable":true,"href":"https:\/\/whitelip.com\/es\/wp-json\/wp\/v2\/media\/10372"}],"wp:attachment":[{"href":"https:\/\/whitelip.com\/es\/wp-json\/wp\/v2\/media?parent=10371"}],"wp:term":[{"taxonomy":"product_brand","embeddable":true,"href":"https:\/\/whitelip.com\/es\/wp-json\/wp\/v2\/product_brand?post=10371"},{"taxonomy":"product_cat","embeddable":true,"href":"https:\/\/whitelip.com\/es\/wp-json\/wp\/v2\/product_cat?post=10371"},{"taxonomy":"product_tag","embeddable":true,"href":"https:\/\/whitelip.com\/es\/wp-json\/wp\/v2\/product_tag?post=10371"},{"taxonomy":"flavours","embeddable":true,"href":"https:\/\/whitelip.com\/es\/wp-json\/wp\/v2\/flavours?post=10371"},{"taxonomy":"format","embeddable":true,"href":"https:\/\/whitelip.com\/es\/wp-json\/wp\/v2\/format?post=10371"},{"taxonomy":"nicotine","embeddable":true,"href":"https:\/\/whitelip.com\/es\/wp-json\/wp\/v2\/nicotine?post=10371"}],"curies":[{"name":"wp","href":"https:\/\/api.w.org\/{rel}","templated":true}]}}