{"id":10320,"date":"2025-04-08T11:45:07","date_gmt":"2025-04-08T11:45:07","guid":{"rendered":"https:\/\/whitelip.com\/apres-tangerine-spritz-mini\/"},"modified":"2026-04-15T11:33:17","modified_gmt":"2026-04-15T11:33:17","slug":"apres-tangerine-spritz-mini","status":"publish","type":"product","link":"https:\/\/whitelip.com\/es\/apres\/apres-tangerine-spritz-mini\/","title":{"rendered":"APR\u00c8S Mandarina Spritz Mini"},"content":{"rendered":"<h2><strong>APR\u00c8S Mandarina Spritz Mini<\/strong><\/h2>\n<p><span style=\"font-weight: 400;\">Las mini bolsitas de nicotina APR\u00c8S Tangerine Spritz capturan la vibrante esencia del zumo de mandarina reci\u00e9n exprimido, proporcionando un perfil de sabor natural y afrutado. Cada mini bolsita, totalmente blanca, contiene 3,2<\/span><span style=\"font-weight: 400;\">\u00a0mg de nicotina, ofreciendo una experiencia suave adecuada para aquellos que buscan un efecto nicot\u00ednico suave. Su discreto dise\u00f1o asegura un c\u00f3modo ajuste bajo el labio, permitiendo su uso en cualquier momento sin manchar los dientes. Producidas por APR\u00c8S Nicotine AB, estas bolsitas sin tabaco ejemplifican est\u00e1ndares de alta calidad e innovadoras combinaciones de sabores.<\/span><\/p>\n<table>\n<tbody>\n<tr>\n<td><b>Atributo<\/b><\/td>\n<td><b>Detalles<\/b><\/td>\n<\/tr>\n<tr>\n<td><b>Contenido por lata<\/b><\/td>\n<td><span style=\"font-weight: 400;\">11g (20 bolsitas)<\/span><\/td>\n<\/tr>\n<tr>\n<td><b>Contenido de nicotina<\/b><\/td>\n<td><span style=\"font-weight: 400;\">8 mg\/g (3,2 mg por bolsa)<\/span><\/td>\n<\/tr>\n<tr>\n<td><b>Formato bolsa<\/b><\/td>\n<td><span style=\"font-weight: 400;\">Mini<\/span><\/td>\n<\/tr>\n<tr>\n<td><b>Productor<\/b><\/td>\n<td><span style=\"font-weight: 400;\">APR\u00c8S Nicotina AB<\/span><\/td>\n<\/tr>\n<tr>\n<td><b>Sabor<\/b><\/td>\n<td><span style=\"font-weight: 400;\">Mandar\u00edn<\/span><\/td>\n<\/tr>\n<tr>\n<td><b>Tipo<\/b><\/td>\n<td><span style=\"font-weight: 400;\">Bolsa blanca<\/span><\/td>\n<\/tr>\n<\/tbody>\n<\/table>","protected":false},"excerpt":{"rendered":"<p>Brillante, natural <strong data-start=\"16\" data-end=\"38\">mandarina\/mandarina<\/strong> con un toque afrutado reci\u00e9n exprimido. En <strong data-start=\"81\" data-end=\"100\">mini, <\/strong>Las bolsitas totalmente blancas descansan discreta y c\u00f3modamente bajo el labio para un uso limpio y en cualquier momento. Cada bolsa contiene <strong data-start=\"199\" data-end=\"218\">3,2 mg de nicotina<\/strong>, Una experiencia suave y relajante de APR\u00c8S Nicotine AB.<\/p>","protected":false},"featured_media":10321,"comment_status":"open","ping_status":"closed","template":"","format":[205],"meta":{"_acf_changed":false},"product_brand":[],"product_cat":[41],"product_tag":[16555],"flavours":[190],"nicotine":[230,236],"class_list":{"0":"post-10320","1":"product","2":"type-product","3":"status-publish","4":"has-post-thumbnail","6":"product_cat-apres","7":"product_tag-3-2-mg-pouch","8":"pa_quantity-1-pack","9":"pa_quantity-10-pack","10":"pa_quantity-3-pack","11":"pa_quantity-30-pack","12":"pa_quantity-5-pack","13":"pa_quantity-60-pack","14":"flavours-citrus","15":"format-mini","16":"nicotine-8-mg-g","17":"nicotine-strong","19":"first","20":"instock","21":"taxable","22":"shipping-taxable","23":"purchasable","24":"product-type-variable"},"acf":[],"_links":{"self":[{"href":"https:\/\/whitelip.com\/es\/wp-json\/wp\/v2\/product\/10320","targetHints":{"allow":["GET"]}}],"collection":[{"href":"https:\/\/whitelip.com\/es\/wp-json\/wp\/v2\/product"}],"about":[{"href":"https:\/\/whitelip.com\/es\/wp-json\/wp\/v2\/types\/product"}],"replies":[{"embeddable":true,"href":"https:\/\/whitelip.com\/es\/wp-json\/wp\/v2\/comments?post=10320"}],"wp:featuredmedia":[{"embeddable":true,"href":"https:\/\/whitelip.com\/es\/wp-json\/wp\/v2\/media\/10321"}],"wp:attachment":[{"href":"https:\/\/whitelip.com\/es\/wp-json\/wp\/v2\/media?parent=10320"}],"wp:term":[{"taxonomy":"product_brand","embeddable":true,"href":"https:\/\/whitelip.com\/es\/wp-json\/wp\/v2\/product_brand?post=10320"},{"taxonomy":"product_cat","embeddable":true,"href":"https:\/\/whitelip.com\/es\/wp-json\/wp\/v2\/product_cat?post=10320"},{"taxonomy":"product_tag","embeddable":true,"href":"https:\/\/whitelip.com\/es\/wp-json\/wp\/v2\/product_tag?post=10320"},{"taxonomy":"flavours","embeddable":true,"href":"https:\/\/whitelip.com\/es\/wp-json\/wp\/v2\/flavours?post=10320"},{"taxonomy":"format","embeddable":true,"href":"https:\/\/whitelip.com\/es\/wp-json\/wp\/v2\/format?post=10320"},{"taxonomy":"nicotine","embeddable":true,"href":"https:\/\/whitelip.com\/es\/wp-json\/wp\/v2\/nicotine?post=10320"}],"curies":[{"name":"wp","href":"https:\/\/api.w.org\/{rel}","templated":true}]}}