{"id":10305,"date":"2025-04-08T11:30:04","date_gmt":"2025-04-08T11:30:04","guid":{"rendered":"https:\/\/whitelip.com\/apres-lemon-curd-hyper-strong\/"},"modified":"2026-04-14T21:40:50","modified_gmt":"2026-04-14T21:40:50","slug":"apres-lemon-curd-hyper-strong","status":"publish","type":"product","link":"https:\/\/whitelip.com\/es\/apres\/apres-lemon-curd-hyper-strong\/","title":{"rendered":"APR\u00c8S Lemon Curd Hyp\u00e8r Strong"},"content":{"rendered":"<h2><strong>APR\u00c8S Lemon Curd Hyp\u00e8r Strong<\/strong><\/h2>\n<p><span style=\"font-weight: 400;\">Las bolsitas de nicotina APR\u00c8S Lemon Curd Hyp\u00e8r Strong ofrecen un sabor agrio y dulce a lim\u00f3n que recuerda a la cl\u00e1sica cuajada de lim\u00f3n. Cada bolsita delgada completamente blanca contiene 11 mg de nicotina, proporcionando una sensaci\u00f3n robusta adecuada para usuarios experimentados. El dise\u00f1o discreto asegura un ajuste c\u00f3modo bajo el labio, permitiendo su uso en cualquier momento sin manchar los dientes. Producidas por APR\u00c8S Nicotine AB, estas bolsitas libres de tabaco ejemplifican altos est\u00e1ndares de calidad y combinaciones de sabores innovadoras.<\/span><\/p>\n<table>\n<tbody>\n<tr>\n<td><b>Atributo<\/b><\/td>\n<td><b>Detalles<\/b><\/td>\n<\/tr>\n<tr>\n<td><b>Contenido por lata<\/b><\/td>\n<td><span style=\"font-weight: 400;\">11g (20 bolsitas)<\/span><\/td>\n<\/tr>\n<tr>\n<td><b>Contenido de nicotina<\/b><\/td>\n<td><span style=\"font-weight: 400;\">20 mg\/g (11 mg por sobre)<\/span><\/td>\n<\/tr>\n<tr>\n<td><b>Formato bolsa<\/b><\/td>\n<td><span style=\"font-weight: 400;\">Delgado<\/span><\/td>\n<\/tr>\n<tr>\n<td><b>Productor<\/b><\/td>\n<td><span style=\"font-weight: 400;\">APR\u00c8S Nicotina AB<\/span><\/td>\n<\/tr>\n<tr>\n<td><b>Sabor<\/b><\/td>\n<td><span style=\"font-weight: 400;\">Lemon Curd<\/span><\/td>\n<\/tr>\n<tr>\n<td><b>Tipo<\/b><\/td>\n<td><span style=\"font-weight: 400;\">Bolsa blanca<\/span><\/td>\n<\/tr>\n<\/tbody>\n<\/table>\n<p>\u00a0<\/p>","protected":false},"excerpt":{"rendered":"<p>Dulce, \u00e1cido <strong data-start=\"13\" data-end=\"27\">cuajada de lim\u00f3n<\/strong> para un toque c\u00edtrico brillante y de postre. La <strong data-start=\"71\" data-end=\"90\">delgado, <\/strong>Las bolsitas blancas se colocan discreta y c\u00f3modamente bajo el labio para poder usarlas en cualquier momento. Cada bolsa contiene <strong data-start=\"188\" data-end=\"206\">11 mg de nicotina<\/strong>, La experiencia Hyp\u00e8r Strong de APR\u00c8S Nicotine AB.<\/p>","protected":false},"featured_media":10306,"comment_status":"open","ping_status":"closed","template":"","format":[206],"meta":{"_acf_changed":false},"product_brand":[],"product_cat":[41],"product_tag":[16551],"flavours":[190],"nicotine":[218,232],"class_list":{"0":"post-10305","1":"product","2":"type-product","3":"status-publish","4":"has-post-thumbnail","6":"product_cat-apres","7":"product_tag-11-mg-pouch","8":"pa_quantity-1-pack","9":"pa_quantity-10-pack","10":"pa_quantity-3-pack","11":"pa_quantity-30-pack","12":"pa_quantity-5-pack","13":"pa_quantity-60-pack","14":"flavours-citrus","15":"format-slim","16":"nicotine-20-mg-g","17":"nicotine-extra-strong","19":"first","20":"instock","21":"taxable","22":"shipping-taxable","23":"purchasable","24":"product-type-variable"},"acf":[],"_links":{"self":[{"href":"https:\/\/whitelip.com\/es\/wp-json\/wp\/v2\/product\/10305","targetHints":{"allow":["GET"]}}],"collection":[{"href":"https:\/\/whitelip.com\/es\/wp-json\/wp\/v2\/product"}],"about":[{"href":"https:\/\/whitelip.com\/es\/wp-json\/wp\/v2\/types\/product"}],"replies":[{"embeddable":true,"href":"https:\/\/whitelip.com\/es\/wp-json\/wp\/v2\/comments?post=10305"}],"wp:featuredmedia":[{"embeddable":true,"href":"https:\/\/whitelip.com\/es\/wp-json\/wp\/v2\/media\/10306"}],"wp:attachment":[{"href":"https:\/\/whitelip.com\/es\/wp-json\/wp\/v2\/media?parent=10305"}],"wp:term":[{"taxonomy":"product_brand","embeddable":true,"href":"https:\/\/whitelip.com\/es\/wp-json\/wp\/v2\/product_brand?post=10305"},{"taxonomy":"product_cat","embeddable":true,"href":"https:\/\/whitelip.com\/es\/wp-json\/wp\/v2\/product_cat?post=10305"},{"taxonomy":"product_tag","embeddable":true,"href":"https:\/\/whitelip.com\/es\/wp-json\/wp\/v2\/product_tag?post=10305"},{"taxonomy":"flavours","embeddable":true,"href":"https:\/\/whitelip.com\/es\/wp-json\/wp\/v2\/flavours?post=10305"},{"taxonomy":"format","embeddable":true,"href":"https:\/\/whitelip.com\/es\/wp-json\/wp\/v2\/format?post=10305"},{"taxonomy":"nicotine","embeddable":true,"href":"https:\/\/whitelip.com\/es\/wp-json\/wp\/v2\/nicotine?post=10305"}],"curies":[{"name":"wp","href":"https:\/\/api.w.org\/{rel}","templated":true}]}}