{"id":10275,"date":"2025-04-08T10:01:36","date_gmt":"2025-04-08T10:01:36","guid":{"rendered":"https:\/\/whitelip.com\/chainpop-cherry-chili\/"},"modified":"2026-03-09T17:49:34","modified_gmt":"2026-03-09T17:49:34","slug":"chainpop-cherry-chili","status":"publish","type":"product","link":"https:\/\/whitelip.com\/es\/chainpop\/chainpop-cherry-chili\/","title":{"rendered":"CHAINPOP Cereza y guindilla"},"content":{"rendered":"<h2><strong>CHAINPOP Cereza y guindilla<\/strong><\/h2>\n<p class=\"\" data-start=\"112\" data-end=\"592\">El audaz sabor a cereza se encuentra con una patada de chile picante en esta bolsita de nicotina rica y atrevida. La combinaci\u00f3n dulce y picante crea un sabor profundo y de cuerpo completo que perdura sin abrumar. Cada bolsita es suave, c\u00f3moda bajo el labio y entrega sabor duradero sin gotear. Hecha en Suecia con ingredientes de alta calidad, es la opci\u00f3n perfecta para quienes creen algo audaz, equilibrado y un poco inesperado. Calor dulce, elaborado expertamente para una experiencia verdaderamente \u00fanica.<\/p>\n<table>\n<tbody>\n<tr>\n<td><b>Atributo<\/b><\/td>\n<td><b>Detalles<\/b><\/td>\n<\/tr>\n<tr>\n<td><b>Contenido por lata<\/b><\/td>\n<td><span style=\"font-weight: 400;\">10 g (20 bolsitas)<\/span><\/td>\n<\/tr>\n<tr>\n<td><b>Contenido de nicotina<\/b><\/td>\n<td><span style=\"font-weight: 400;\">15 mg\/g (9 mg por paquete)<\/span><\/td>\n<\/tr>\n<tr>\n<td><b>Formato bolsa<\/b><\/td>\n<td><span style=\"font-weight: 400;\">Delgado<\/span><\/td>\n<\/tr>\n<tr>\n<td><b>Productor<\/b><\/td>\n<td><span style=\"font-weight: 400;\">Chainpop AB<\/span><\/td>\n<\/tr>\n<tr>\n<td><b>Sabor<\/b><\/td>\n<td><span style=\"font-weight: 400;\">Cereza y chile<\/span><\/td>\n<\/tr>\n<tr>\n<td><b>Tipo<\/b><\/td>\n<td><span style=\"font-weight: 400;\">Bolsa blanca<\/span><\/td>\n<\/tr>\n<\/tbody>\n<\/table>","protected":false},"excerpt":{"rendered":"<p>Negrita <strong data-start=\"5\" data-end=\"32\">cereza <\/strong>con chile picante para un perfil dulce-caliente que perdura sin abrumar. La bolsita blanda y antigoteo se asienta c\u00f3modamente bajo el labio y libera el sabor suavemente. Cada bolsa contiene <strong data-start=\"203\" data-end=\"230\">9 mg de nicotina por bolsa<\/strong>, Fabricado en Suecia para ofrecer una experiencia audaz, equilibrada y duradera.<\/p>","protected":false},"featured_media":3356,"comment_status":"open","ping_status":"closed","template":"","format":[206],"meta":{"_acf_changed":false},"product_brand":[],"product_cat":[106],"product_tag":[16563],"flavours":[187,196],"nicotine":[212,232],"class_list":{"0":"post-10275","1":"product","2":"type-product","3":"status-publish","4":"has-post-thumbnail","6":"product_cat-chainpop","7":"product_tag-9-mg-pouch","8":"pa_quantity-1-pack","9":"pa_quantity-10-pack","10":"pa_quantity-3-pack","11":"pa_quantity-30-pack","12":"pa_quantity-5-pack","13":"pa_quantity-60-pack","14":"flavours-chili","15":"flavours-fruits-berries","16":"format-slim","17":"nicotine-15-mg-g","18":"nicotine-extra-strong","20":"first","21":"outofstock","22":"taxable","23":"shipping-taxable","24":"purchasable","25":"product-type-variable"},"acf":[],"_links":{"self":[{"href":"https:\/\/whitelip.com\/es\/wp-json\/wp\/v2\/product\/10275","targetHints":{"allow":["GET"]}}],"collection":[{"href":"https:\/\/whitelip.com\/es\/wp-json\/wp\/v2\/product"}],"about":[{"href":"https:\/\/whitelip.com\/es\/wp-json\/wp\/v2\/types\/product"}],"replies":[{"embeddable":true,"href":"https:\/\/whitelip.com\/es\/wp-json\/wp\/v2\/comments?post=10275"}],"wp:featuredmedia":[{"embeddable":true,"href":"https:\/\/whitelip.com\/es\/wp-json\/wp\/v2\/media\/3356"}],"wp:attachment":[{"href":"https:\/\/whitelip.com\/es\/wp-json\/wp\/v2\/media?parent=10275"}],"wp:term":[{"taxonomy":"product_brand","embeddable":true,"href":"https:\/\/whitelip.com\/es\/wp-json\/wp\/v2\/product_brand?post=10275"},{"taxonomy":"product_cat","embeddable":true,"href":"https:\/\/whitelip.com\/es\/wp-json\/wp\/v2\/product_cat?post=10275"},{"taxonomy":"product_tag","embeddable":true,"href":"https:\/\/whitelip.com\/es\/wp-json\/wp\/v2\/product_tag?post=10275"},{"taxonomy":"flavours","embeddable":true,"href":"https:\/\/whitelip.com\/es\/wp-json\/wp\/v2\/flavours?post=10275"},{"taxonomy":"format","embeddable":true,"href":"https:\/\/whitelip.com\/es\/wp-json\/wp\/v2\/format?post=10275"},{"taxonomy":"nicotine","embeddable":true,"href":"https:\/\/whitelip.com\/es\/wp-json\/wp\/v2\/nicotine?post=10275"}],"curies":[{"name":"wp","href":"https:\/\/api.w.org\/{rel}","templated":true}]}}