{"id":10245,"date":"2025-04-02T12:06:03","date_gmt":"2025-04-02T12:06:03","guid":{"rendered":"https:\/\/whitelip.com\/shogun-mint-shock\/"},"modified":"2026-04-14T10:16:55","modified_gmt":"2026-04-14T10:16:55","slug":"shogun-mint-shock","status":"publish","type":"product","link":"https:\/\/whitelip.com\/es\/shogun\/shogun-mint-shock\/","title":{"rendered":"SHOGUN Menta Shock"},"content":{"rendered":"<h2><strong>SHOGUN Menta Shock<\/strong><\/h2>\n<div class=\"x_elementToProof\" data-ogsc=\"rgb(0, 0, 0)\" data-olk-copy-source=\"MessageBody\">No es una bolsita de menta cualquiera. Mint Shock toma ese sabor a menta fresca y limpia y le a\u00f1ade un toque de dulzor, como si fuera tu chicle Orbit favorito, pero con una sensaci\u00f3n refrescante que perdura. En un formato fino y h\u00famedo de 0,6 g, es suave, refrescante y con la dosis justa de atrevimiento. Y con 20 mg\/g de nicotina (12 mg por paquete), es el m\u00e1s potente de la gama. Si te gusta la menta pero quieres algo m\u00e1s, \u00e9ste es para ti.<\/div>\n<table>\n<tbody>\n<tr>\n<td><b>Atributo<\/b><\/td>\n<td><b>Detalles<\/b><\/td>\n<\/tr>\n<tr>\n<td><b>Contenido por lata<\/b><\/td>\n<td>15 g\/g (20 bolsas)<\/td>\n<\/tr>\n<tr>\n<td><b>Contenido de nicotina<\/b><\/td>\n<td>20 mg\/g (12 mg por bolsita)<\/td>\n<\/tr>\n<tr>\n<td><b>Formato bolsa<\/b><\/td>\n<td>Delgado<\/td>\n<\/tr>\n<tr>\n<td><b>Productor<\/b><\/td>\n<td>Wizax Sp. z o.o<\/td>\n<\/tr>\n<tr>\n<td><b>Sabor<\/b><\/td>\n<td>Menta<\/td>\n<\/tr>\n<tr>\n<td><b>Tipo<\/b><\/td>\n<td>Bolsa de nicotina<\/td>\n<\/tr>\n<\/tbody>\n<\/table>","protected":false},"excerpt":{"rendered":"<div class=\"x_elementToProof\" data-ogsc=\"rgb(0, 0, 0)\" data-olk-copy-source=\"MessageBody\">Las bolsitas de nicotina Mint Shock ofrecen un sabor fresco y limpio. <strong data-start=\"51\" data-end=\"59\">Menta<\/strong> sabor con un extra de frescor y un toque de dulzor. <strong data-start=\"111\" data-end=\"119\">Delgado<\/strong>, formato h\u00famedo de 0,6 g para un uso suave y refrescante. Cada bolsita contiene <strong data-start=\"188\" data-end=\"206\">12 mg de nicotina<\/strong> (20 mg\/g).<\/div>","protected":false},"featured_media":10246,"comment_status":"open","ping_status":"closed","template":"","format":[206],"meta":{"_acf_changed":false},"product_brand":[],"product_cat":[105],"product_tag":[16561],"flavours":[199],"nicotine":[218,232],"class_list":{"0":"post-10245","1":"product","2":"type-product","3":"status-publish","4":"has-post-thumbnail","6":"product_cat-shogun","7":"product_tag-12-mg-pouch","8":"pa_quantity-1-pack","9":"pa_quantity-10-pack","10":"pa_quantity-3-pack","11":"pa_quantity-30-pack","12":"pa_quantity-5-pack","13":"pa_quantity-60-pack","14":"flavours-mint","15":"format-slim","16":"nicotine-20-mg-g","17":"nicotine-extra-strong","19":"first","20":"outofstock","21":"taxable","22":"shipping-taxable","23":"purchasable","24":"product-type-variable"},"acf":[],"_links":{"self":[{"href":"https:\/\/whitelip.com\/es\/wp-json\/wp\/v2\/product\/10245","targetHints":{"allow":["GET"]}}],"collection":[{"href":"https:\/\/whitelip.com\/es\/wp-json\/wp\/v2\/product"}],"about":[{"href":"https:\/\/whitelip.com\/es\/wp-json\/wp\/v2\/types\/product"}],"replies":[{"embeddable":true,"href":"https:\/\/whitelip.com\/es\/wp-json\/wp\/v2\/comments?post=10245"}],"wp:featuredmedia":[{"embeddable":true,"href":"https:\/\/whitelip.com\/es\/wp-json\/wp\/v2\/media\/10246"}],"wp:attachment":[{"href":"https:\/\/whitelip.com\/es\/wp-json\/wp\/v2\/media?parent=10245"}],"wp:term":[{"taxonomy":"product_brand","embeddable":true,"href":"https:\/\/whitelip.com\/es\/wp-json\/wp\/v2\/product_brand?post=10245"},{"taxonomy":"product_cat","embeddable":true,"href":"https:\/\/whitelip.com\/es\/wp-json\/wp\/v2\/product_cat?post=10245"},{"taxonomy":"product_tag","embeddable":true,"href":"https:\/\/whitelip.com\/es\/wp-json\/wp\/v2\/product_tag?post=10245"},{"taxonomy":"flavours","embeddable":true,"href":"https:\/\/whitelip.com\/es\/wp-json\/wp\/v2\/flavours?post=10245"},{"taxonomy":"format","embeddable":true,"href":"https:\/\/whitelip.com\/es\/wp-json\/wp\/v2\/format?post=10245"},{"taxonomy":"nicotine","embeddable":true,"href":"https:\/\/whitelip.com\/es\/wp-json\/wp\/v2\/nicotine?post=10245"}],"curies":[{"name":"wp","href":"https:\/\/api.w.org\/{rel}","templated":true}]}}