{"id":10200,"date":"2025-03-31T11:25:22","date_gmt":"2025-03-31T11:25:22","guid":{"rendered":"https:\/\/whitelip.com\/iceberg-emerald-extreme\/"},"modified":"2026-04-21T10:11:33","modified_gmt":"2026-04-21T10:11:33","slug":"iceberg-emerald-extreme","status":"publish","type":"product","link":"https:\/\/whitelip.com\/es\/iceberg\/iceberg-emerald-extreme\/","title":{"rendered":"ICEBERG Esmeralda Extreme"},"content":{"rendered":"<h2><strong>ICEBERG Esmeralda Extreme<\/strong><\/h2>\n<p class=\"\" data-start=\"83\" data-end=\"752\">Las bolsitas de nicotina ICEBERG Emerald Extreme ofrecen un sabor fresco y refrescante con una esencia de menta fresca y sutiles matices de hierbas, ofreciendo una experiencia limpia y vigorizante. Cada bolsita de formato fino contiene 50 mg de nicotina por gramo -aproximadamente 35 mg por bolsita- dise\u00f1ada para usuarios experimentados que anhelan un golpe de nicotina fuerte y revitalizante. Dise\u00f1adas para un uso discreto bajo el labio sin manchar los dientes, estas bolsitas son perfectas para disfrutar en cualquier momento y lugar. Producidas por Neoptolem, un fabricante polaco conocido por combinar la innovaci\u00f3n moderna con la calidad tradicional, estas bolsitas sin tabaco destacan por su refinado sabor y su extrema potencia.<\/p>\n<table>\n<tbody>\n<tr>\n<td><b>Atributo<\/b><\/td>\n<td><b>Detalles<\/b><\/td>\n<\/tr>\n<tr>\n<td><b>Contenido por lata<\/b><\/td>\n<td><span style=\"font-weight: 400;\">13g (20 bolsas)<\/span><\/td>\n<\/tr>\n<tr>\n<td><b>Contenido de nicotina<\/b><\/td>\n<td><span style=\"font-weight: 400;\">50 mg\/g (35 mg por bolsita)<\/span><\/td>\n<\/tr>\n<tr>\n<td><b>Formato bolsa<\/b><\/td>\n<td><span style=\"font-weight: 400;\">Delgado<\/span><\/td>\n<\/tr>\n<tr>\n<td><b>Productor<\/b><\/td>\n<td><span style=\"font-weight: 400;\">Neoptolem<\/span><\/td>\n<\/tr>\n<tr>\n<td><b>Sabor<\/b><\/td>\n<td>Menta<\/td>\n<\/tr>\n<tr>\n<td><b>Tipo<\/b><\/td>\n<td><span style=\"font-weight: 400;\">Bolsa blanca<\/span><\/td>\n<\/tr>\n<\/tbody>\n<\/table>\n<p>\u00a0<\/p>","protected":false},"excerpt":{"rendered":"<p>ICEBERG Esmeralda crujiente,<strong data-start=\"131\" data-end=\"187\"> menta refrescante <\/strong>con sutiles matices herb\u00e1ceos para un sabor limpio y afrutado. <strong data-start=\"227\" data-end=\"235\">Delgado<\/strong> los p\u00e5sar all-white sitter diskret under l\u00e4ppen utan att f\u00e4rga t\u00e4nderna. Estiramiento extremo a partir de 50 mg\/g; m\u00e1s de una dosis es insuficiente. <strong data-start=\"362\" data-end=\"381\">~35 mg de nicotina<\/strong>. Tobaksfritt. Producido por Neoptolem en Polonia.<\/p>","protected":false},"featured_media":10201,"comment_status":"open","ping_status":"closed","template":"","format":[206],"meta":{"_acf_changed":false},"product_brand":[],"product_cat":[50],"product_tag":[16603],"flavours":[199],"nicotine":[226,233],"class_list":{"0":"post-10200","1":"product","2":"type-product","3":"status-publish","4":"has-post-thumbnail","6":"product_cat-iceberg","7":"product_tag-35-mg-pouch","8":"pa_quantity-1-pack","9":"pa_quantity-10-pack","10":"pa_quantity-3-pack","11":"pa_quantity-30-pack","12":"pa_quantity-5-pack","13":"pa_quantity-60-pack","14":"flavours-mint","15":"format-slim","16":"nicotine-50-mg-g","17":"nicotine-extreme","19":"first","20":"instock","21":"taxable","22":"shipping-taxable","23":"purchasable","24":"product-type-variable","25":"has-default-attributes"},"acf":[],"_links":{"self":[{"href":"https:\/\/whitelip.com\/es\/wp-json\/wp\/v2\/product\/10200","targetHints":{"allow":["GET"]}}],"collection":[{"href":"https:\/\/whitelip.com\/es\/wp-json\/wp\/v2\/product"}],"about":[{"href":"https:\/\/whitelip.com\/es\/wp-json\/wp\/v2\/types\/product"}],"replies":[{"embeddable":true,"href":"https:\/\/whitelip.com\/es\/wp-json\/wp\/v2\/comments?post=10200"}],"wp:featuredmedia":[{"embeddable":true,"href":"https:\/\/whitelip.com\/es\/wp-json\/wp\/v2\/media\/10201"}],"wp:attachment":[{"href":"https:\/\/whitelip.com\/es\/wp-json\/wp\/v2\/media?parent=10200"}],"wp:term":[{"taxonomy":"product_brand","embeddable":true,"href":"https:\/\/whitelip.com\/es\/wp-json\/wp\/v2\/product_brand?post=10200"},{"taxonomy":"product_cat","embeddable":true,"href":"https:\/\/whitelip.com\/es\/wp-json\/wp\/v2\/product_cat?post=10200"},{"taxonomy":"product_tag","embeddable":true,"href":"https:\/\/whitelip.com\/es\/wp-json\/wp\/v2\/product_tag?post=10200"},{"taxonomy":"flavours","embeddable":true,"href":"https:\/\/whitelip.com\/es\/wp-json\/wp\/v2\/flavours?post=10200"},{"taxonomy":"format","embeddable":true,"href":"https:\/\/whitelip.com\/es\/wp-json\/wp\/v2\/format?post=10200"},{"taxonomy":"nicotine","embeddable":true,"href":"https:\/\/whitelip.com\/es\/wp-json\/wp\/v2\/nicotine?post=10200"}],"curies":[{"name":"wp","href":"https:\/\/api.w.org\/{rel}","templated":true}]}}