{"id":10130,"date":"2025-03-31T09:14:02","date_gmt":"2025-03-31T09:14:02","guid":{"rendered":"https:\/\/whitelip.com\/cuba-white-ice-spearmint\/"},"modified":"2026-04-22T10:11:53","modified_gmt":"2026-04-22T10:11:53","slug":"cuba-white-ice-spearmint","status":"publish","type":"product","link":"https:\/\/whitelip.com\/es\/cuba\/cuba-white-ice-spearmint\/","title":{"rendered":"CUBA Hielo Blanco Menta"},"content":{"rendered":"<h2><strong>CUBA Hielo Blanco Menta<\/strong><\/h2>\n<p class=\"\" data-start=\"82\" data-end=\"712\">Las bolsitas de nicotina CUBA White Ice Spearmint ofrecen un fresco y vigorizante sabor a menta verde con un refrescante acabado helado, que proporciona una experiencia de sabor fresca y duradera. Cada bolsita blanca y fina contiene 16 mg de nicotina, proporcionando un fuerte y satisfactorio subid\u00f3n adecuado para usuarios experimentados. Dise\u00f1adas para un uso discreto y c\u00f3modo bajo el labio, estas bolsitas no manchan los dientes y son ideales para llevar. Estas bolsitas sin tabaco destacan por su calidad superior y su refrescante perfil de sabor.<\/p>\n<table>\n<tbody>\n<tr>\n<td><b>Atributo<\/b><\/td>\n<td><b>Detalles<\/b><\/td>\n<\/tr>\n<tr>\n<td><b>Contenido por lata<\/b><\/td>\n<td><span style=\"font-weight: 400;\">13g (20 bolsas)<\/span><\/td>\n<\/tr>\n<tr>\n<td><b>Contenido de nicotina<\/b><\/td>\n<td><span style=\"font-weight: 400;\">16 mg\/g (16 mg por bolsa)<\/span><\/td>\n<\/tr>\n<tr>\n<td><b>Formato bolsa<\/b><\/td>\n<td><span style=\"font-weight: 400;\">Delgado<\/span><\/td>\n<\/tr>\n<tr>\n<td><b>Productor<\/b><\/td>\n<td><span style=\"font-weight: 400;\">CUBA<\/span><\/td>\n<\/tr>\n<tr>\n<td><b>Sabor<\/b><\/td>\n<td><span style=\"font-weight: 400;\">Menta verde<\/span><\/td>\n<\/tr>\n<tr>\n<td><b>Tipo<\/b><\/td>\n<td><span style=\"font-weight: 400;\">Bolsa blanca<\/span><\/td>\n<\/tr>\n<\/tbody>\n<\/table>","protected":false},"excerpt":{"rendered":"<p>Fresco, vigorizante <strong data-start=\"20\" data-end=\"52\">menta verde <\/strong>con un acabado helado para un sabor fresco y duradero. En <strong data-start=\"90\" data-end=\"109\">delgado, <\/strong>de color blanco, se colocan discreta y c\u00f3modamente bajo el labio para un uso limpio y sobre la marcha. Cada bolsa contiene <strong data-start=\"209\" data-end=\"237\">16 mg de nicotina por bolsa<\/strong>, La l\u00ednea CUBA, de primera calidad y sin tabaco, proporciona un fuerte y satisfactorio subid\u00f3n.<\/p>","protected":false},"featured_media":10131,"comment_status":"open","ping_status":"closed","template":"","format":[206],"meta":{"_acf_changed":false},"product_brand":[],"product_cat":[46],"product_tag":[16569],"flavours":[199],"nicotine":[213,232],"class_list":{"0":"post-10130","1":"product","2":"type-product","3":"status-publish","4":"has-post-thumbnail","6":"product_cat-cuba","7":"product_tag-16-mg-pouch","8":"pa_quantity-1-pack","9":"pa_quantity-10-pack","10":"pa_quantity-3-pack","11":"pa_quantity-30-pack","12":"pa_quantity-5-pack","13":"pa_quantity-60-pack","14":"flavours-mint","15":"format-slim","16":"nicotine-16-mg-g","17":"nicotine-extra-strong","19":"first","20":"outofstock","21":"taxable","22":"shipping-taxable","23":"purchasable","24":"product-type-variable","25":"has-default-attributes"},"acf":[],"_links":{"self":[{"href":"https:\/\/whitelip.com\/es\/wp-json\/wp\/v2\/product\/10130","targetHints":{"allow":["GET"]}}],"collection":[{"href":"https:\/\/whitelip.com\/es\/wp-json\/wp\/v2\/product"}],"about":[{"href":"https:\/\/whitelip.com\/es\/wp-json\/wp\/v2\/types\/product"}],"replies":[{"embeddable":true,"href":"https:\/\/whitelip.com\/es\/wp-json\/wp\/v2\/comments?post=10130"}],"wp:featuredmedia":[{"embeddable":true,"href":"https:\/\/whitelip.com\/es\/wp-json\/wp\/v2\/media\/10131"}],"wp:attachment":[{"href":"https:\/\/whitelip.com\/es\/wp-json\/wp\/v2\/media?parent=10130"}],"wp:term":[{"taxonomy":"product_brand","embeddable":true,"href":"https:\/\/whitelip.com\/es\/wp-json\/wp\/v2\/product_brand?post=10130"},{"taxonomy":"product_cat","embeddable":true,"href":"https:\/\/whitelip.com\/es\/wp-json\/wp\/v2\/product_cat?post=10130"},{"taxonomy":"product_tag","embeddable":true,"href":"https:\/\/whitelip.com\/es\/wp-json\/wp\/v2\/product_tag?post=10130"},{"taxonomy":"flavours","embeddable":true,"href":"https:\/\/whitelip.com\/es\/wp-json\/wp\/v2\/flavours?post=10130"},{"taxonomy":"format","embeddable":true,"href":"https:\/\/whitelip.com\/es\/wp-json\/wp\/v2\/format?post=10130"},{"taxonomy":"nicotine","embeddable":true,"href":"https:\/\/whitelip.com\/es\/wp-json\/wp\/v2\/nicotine?post=10130"}],"curies":[{"name":"wp","href":"https:\/\/api.w.org\/{rel}","templated":true}]}}