{"id":10125,"date":"2025-03-31T09:08:55","date_gmt":"2025-03-31T09:08:55","guid":{"rendered":"https:\/\/whitelip.com\/77-ghost-original-mini\/"},"modified":"2026-05-12T10:11:53","modified_gmt":"2026-05-12T10:11:53","slug":"77-ghost-original-mini","status":"publish","type":"product","link":"https:\/\/whitelip.com\/es\/77\/77-ghost-original-mini\/","title":{"rendered":"77 Ghost Original Mini"},"content":{"rendered":"<h2><strong>77 Ghost Original Mini<\/strong><\/h2>\n<p class=\"\" data-start=\"62\" data-end=\"607\">77 Ghost Original Mini bolsitas de nicotina ofrecen un sabor audaz y potente con una mezcla \u00fanica de intensa y refrescante menta y sutil dulzura. Cada mini bolsa, totalmente blanca, contiene 20 mg de nicotina, proporcionando una experiencia fuerte y satisfactoria adaptada a los usuarios experimentados. El discreto dise\u00f1o asegura un c\u00f3modo ajuste bajo el labio, permitiendo un uso f\u00e1cil sin riesgo de manchar los dientes. Fabricadas por 77 Group, estas bolsitas sin tabaco ejemplifican los est\u00e1ndares de alta calidad, ofreciendo tanto un sabor intenso como una experiencia limpia y c\u00f3moda.<\/p>\n<table>\n<tbody>\n<tr>\n<td><b>Atributo<\/b><\/td>\n<td><b>Detalles<\/b><\/td>\n<\/tr>\n<tr>\n<td><b>Contenido por lata<\/b><\/td>\n<td><span style=\"font-weight: 400;\">13 g (24 bolsitas)<\/span><\/td>\n<\/tr>\n<tr>\n<td><b>Contenido de nicotina<\/b><\/td>\n<td><span style=\"font-weight: 400;\">40 mg\/g (20 mg por bolsita)<\/span><\/td>\n<\/tr>\n<tr>\n<td><b>Formato bolsa<\/b><\/td>\n<td><span style=\"font-weight: 400;\">Mini<\/span><\/td>\n<\/tr>\n<tr>\n<td><b>Productor<\/b><\/td>\n<td><span style=\"font-weight: 400;\">77 Group<\/span><\/td>\n<\/tr>\n<tr>\n<td><b>Sabor<\/b><\/td>\n<td><span style=\"font-weight: 400;\">Menta<\/span><\/td>\n<\/tr>\n<tr>\n<td><b>Tipo<\/b><\/td>\n<td><span style=\"font-weight: 400;\">Bolsa blanca<\/span><\/td>\n<\/tr>\n<\/tbody>\n<\/table>","protected":false},"excerpt":{"rendered":"<p>Atrevido, refrescante <strong data-start=\"17\" data-end=\"25\">menta<\/strong> con un toque de dulzura. El <strong data-start=\"57\" data-end=\"76\">mini, <\/strong>Las bolsas blancas se colocan discreta y c\u00f3modamente bajo el labio para un uso limpio y sin manchas. Cada bolsa contiene <strong data-start=\"177\" data-end=\"195\">20 mg de nicotina<\/strong>, que proporciona una patada fuerte y satisfactoria para los usuarios experimentados.<\/p>","protected":false},"featured_media":10126,"comment_status":"open","ping_status":"closed","template":"","format":[205],"meta":{"_acf_changed":false},"product_brand":[],"product_cat":[23],"product_tag":[16545],"flavours":[199],"nicotine":[225,233],"class_list":{"0":"post-10125","1":"product","2":"type-product","3":"status-publish","4":"has-post-thumbnail","6":"product_cat-23","7":"product_tag-20-mg-pouch","8":"pa_quantity-1-pack","9":"pa_quantity-10-pack","10":"pa_quantity-3-pack","11":"pa_quantity-30-pack","12":"pa_quantity-5-pack","13":"pa_quantity-60-pack","14":"flavours-mint","15":"format-mini","16":"nicotine-40-mg-g","17":"nicotine-extreme","19":"first","20":"instock","21":"taxable","22":"shipping-taxable","23":"purchasable","24":"product-type-variable","25":"has-default-attributes"},"acf":[],"_links":{"self":[{"href":"https:\/\/whitelip.com\/es\/wp-json\/wp\/v2\/product\/10125","targetHints":{"allow":["GET"]}}],"collection":[{"href":"https:\/\/whitelip.com\/es\/wp-json\/wp\/v2\/product"}],"about":[{"href":"https:\/\/whitelip.com\/es\/wp-json\/wp\/v2\/types\/product"}],"replies":[{"embeddable":true,"href":"https:\/\/whitelip.com\/es\/wp-json\/wp\/v2\/comments?post=10125"}],"wp:featuredmedia":[{"embeddable":true,"href":"https:\/\/whitelip.com\/es\/wp-json\/wp\/v2\/media\/10126"}],"wp:attachment":[{"href":"https:\/\/whitelip.com\/es\/wp-json\/wp\/v2\/media?parent=10125"}],"wp:term":[{"taxonomy":"product_brand","embeddable":true,"href":"https:\/\/whitelip.com\/es\/wp-json\/wp\/v2\/product_brand?post=10125"},{"taxonomy":"product_cat","embeddable":true,"href":"https:\/\/whitelip.com\/es\/wp-json\/wp\/v2\/product_cat?post=10125"},{"taxonomy":"product_tag","embeddable":true,"href":"https:\/\/whitelip.com\/es\/wp-json\/wp\/v2\/product_tag?post=10125"},{"taxonomy":"flavours","embeddable":true,"href":"https:\/\/whitelip.com\/es\/wp-json\/wp\/v2\/flavours?post=10125"},{"taxonomy":"format","embeddable":true,"href":"https:\/\/whitelip.com\/es\/wp-json\/wp\/v2\/format?post=10125"},{"taxonomy":"nicotine","embeddable":true,"href":"https:\/\/whitelip.com\/es\/wp-json\/wp\/v2\/nicotine?post=10125"}],"curies":[{"name":"wp","href":"https:\/\/api.w.org\/{rel}","templated":true}]}}