{"id":10105,"date":"2025-03-31T08:42:57","date_gmt":"2025-03-31T08:42:57","guid":{"rendered":"https:\/\/whitelip.com\/77-cola-ice-medium\/"},"modified":"2026-04-22T14:01:21","modified_gmt":"2026-04-22T14:01:21","slug":"77-cola-ice-medium","status":"publish","type":"product","link":"https:\/\/whitelip.com\/es\/77\/77-cola-ice-medium\/","title":{"rendered":"77 Cola Ice Medium"},"content":{"rendered":"<h2><strong>77 Cola Ice Medium<\/strong><\/h2>\n<p class=\"\" data-start=\"91\" data-end=\"587\">Las bolsitas de nicotina 77 Cola Ice Medium ofrecen un nost\u00e1lgico y efervescente sabor a cola con un toque de dulzor, que recuerda a los refrescos cl\u00e1sicos. Cada bolsita, delgada y totalmente blanca, contiene 10,4 mg de nicotina, proporcionando un fuerte y satisfactorio subid\u00f3n adaptado a los fumadores experimentados. Dise\u00f1adas para un uso discreto, las bolsitas se ajustan c\u00f3modamente bajo el labio sin manchar los dientes, lo que las hace ideales para su uso sobre la marcha. Fabricadas por 77 Group, estas bolsitas sin tabaco presentan una calidad superior y un sabor atrevido y refrescante.<\/p>\n<table>\n<tbody>\n<tr>\n<td><b>Atributo<\/b><\/td>\n<td><b>Detalles<\/b><\/td>\n<\/tr>\n<tr>\n<td><b>Contenido por lata<\/b><\/td>\n<td><span style=\"font-weight: 400;\">13g (20 bolsas)<\/span><\/td>\n<\/tr>\n<tr>\n<td><b>Contenido de nicotina<\/b><\/td>\n<td><span style=\"font-weight: 400;\">16 mg\/g (10.4 mg por bolsa)<\/span><\/td>\n<\/tr>\n<tr>\n<td><b>Formato bolsa<\/b><\/td>\n<td><span style=\"font-weight: 400;\">Delgado<\/span><\/td>\n<\/tr>\n<tr>\n<td><b>Productor<\/b><\/td>\n<td><span style=\"font-weight: 400;\">77 Group<\/span><\/td>\n<\/tr>\n<tr>\n<td><b>Sabor<\/b><\/td>\n<td><span style=\"font-weight: 400;\">Cola<\/span><\/td>\n<\/tr>\n<tr>\n<td><b>Tipo<\/b><\/td>\n<td><span style=\"font-weight: 400;\">Bolsa blanca<\/span><\/td>\n<\/tr>\n<\/tbody>\n<\/table>","protected":false},"excerpt":{"rendered":"<p>Nost\u00e1lgico <strong data-start=\"10\" data-end=\"18\">cola<\/strong> con un ligero dulzor efervescente para un sabor limpio y refrescante. En <strong data-start=\"83\" data-end=\"102\">delgado, <\/strong>de color blanco, se colocan discreta y c\u00f3modamente bajo el labio para que no se manchen y puedan utilizarse sobre la marcha. Cada bolsa contiene <strong data-start=\"207\" data-end=\"227\">10,4 mg de nicotina<\/strong>, que proporciona una potencia media constante con una claridad sin tabaco.<\/p>","protected":false},"featured_media":10106,"comment_status":"open","ping_status":"closed","template":"","format":[206],"meta":{"_acf_changed":false},"product_brand":[],"product_cat":[23],"product_tag":[16543],"flavours":[193],"nicotine":[213,232],"class_list":{"0":"post-10105","1":"product","2":"type-product","3":"status-publish","4":"has-post-thumbnail","6":"product_cat-23","7":"product_tag-10-4-mg-pouch","8":"pa_quantity-1-pack","9":"pa_quantity-10-pack","10":"pa_quantity-3-pack","11":"pa_quantity-30-pack","12":"pa_quantity-5-pack","13":"pa_quantity-60-pack","14":"flavours-cola","15":"format-slim","16":"nicotine-16-mg-g","17":"nicotine-extra-strong","19":"first","20":"instock","21":"taxable","22":"shipping-taxable","23":"purchasable","24":"product-type-variable","25":"has-default-attributes"},"acf":[],"_links":{"self":[{"href":"https:\/\/whitelip.com\/es\/wp-json\/wp\/v2\/product\/10105","targetHints":{"allow":["GET"]}}],"collection":[{"href":"https:\/\/whitelip.com\/es\/wp-json\/wp\/v2\/product"}],"about":[{"href":"https:\/\/whitelip.com\/es\/wp-json\/wp\/v2\/types\/product"}],"replies":[{"embeddable":true,"href":"https:\/\/whitelip.com\/es\/wp-json\/wp\/v2\/comments?post=10105"}],"wp:featuredmedia":[{"embeddable":true,"href":"https:\/\/whitelip.com\/es\/wp-json\/wp\/v2\/media\/10106"}],"wp:attachment":[{"href":"https:\/\/whitelip.com\/es\/wp-json\/wp\/v2\/media?parent=10105"}],"wp:term":[{"taxonomy":"product_brand","embeddable":true,"href":"https:\/\/whitelip.com\/es\/wp-json\/wp\/v2\/product_brand?post=10105"},{"taxonomy":"product_cat","embeddable":true,"href":"https:\/\/whitelip.com\/es\/wp-json\/wp\/v2\/product_cat?post=10105"},{"taxonomy":"product_tag","embeddable":true,"href":"https:\/\/whitelip.com\/es\/wp-json\/wp\/v2\/product_tag?post=10105"},{"taxonomy":"flavours","embeddable":true,"href":"https:\/\/whitelip.com\/es\/wp-json\/wp\/v2\/flavours?post=10105"},{"taxonomy":"format","embeddable":true,"href":"https:\/\/whitelip.com\/es\/wp-json\/wp\/v2\/format?post=10105"},{"taxonomy":"nicotine","embeddable":true,"href":"https:\/\/whitelip.com\/es\/wp-json\/wp\/v2\/nicotine?post=10105"}],"curies":[{"name":"wp","href":"https:\/\/api.w.org\/{rel}","templated":true}]}}