{"id":10100,"date":"2025-03-27T09:20:22","date_gmt":"2025-03-27T09:20:22","guid":{"rendered":"https:\/\/whitelip.com\/pablo-exclusive-dark-cherry-50mg\/"},"modified":"2026-04-29T10:11:14","modified_gmt":"2026-04-29T10:11:14","slug":"pablo-exclusive-dark-cherry-50mg","status":"publish","type":"product","link":"https:\/\/whitelip.com\/es\/pablo\/pablo-exclusive-dark-cherry-50mg\/","title":{"rendered":"PABLO Exclusivo Cereza Oscura 50mg"},"content":{"rendered":"<h2><strong>PABLO Exclusivo Cereza Oscura 50mg<\/strong><\/h2>\n<p><span style=\"font-weight: 400;\">Las bolsitas de nicotina PABLO Exclusive Dark Cherry 50mg ofrecen una atrevida fusi\u00f3n de dulce y jugoso sabor a cereza con un refrescante acabado de menta helada, combinado con una potencia de nicotina extremadamente alta para una experiencia potente. Estas finas bolsitas libres de tabaco est\u00e1n dise\u00f1adas para un uso discreto y c\u00f3modo, encajando perfectamente bajo el labio. Creado para usuarios experimentados, PABLO Exclusive Dark Cherry proporciona una liberaci\u00f3n constante de sabor y nicotina, ofreciendo una sensaci\u00f3n \u00fanica y vigorizante.<\/span><\/p>\n<table>\n<tbody>\n<tr>\n<td><b>Atributo<\/b><\/td>\n<td><b>Detalles<\/b><\/td>\n<\/tr>\n<tr>\n<td><span style=\"font-weight: 400;\">Contenido por lata<\/span><\/td>\n<td><span style=\"font-weight: 400;\">15g (20 bolsitas)<\/span><\/td>\n<\/tr>\n<tr>\n<td><span style=\"font-weight: 400;\">Contenido de nicotina<\/span><\/td>\n<td><span style=\"font-weight: 400;\">50 mg\/g (30 mg por bolsita)<\/span><\/td>\n<\/tr>\n<tr>\n<td><span style=\"font-weight: 400;\">Formato de bolsa<\/span><\/td>\n<td><span style=\"font-weight: 400;\">Delgado<\/span><\/td>\n<\/tr>\n<tr>\n<td><span style=\"font-weight: 400;\">Productor<\/span><\/td>\n<td><span style=\"font-weight: 400;\">N.G.P Empire<\/span><\/td>\n<\/tr>\n<tr>\n<td><span style=\"font-weight: 400;\">Sabor<\/span><\/td>\n<td><span style=\"font-weight: 400;\">Cereza con Menta Helada<\/span><\/td>\n<\/tr>\n<tr>\n<td><span style=\"font-weight: 400;\">Tipo<\/span><\/td>\n<td><span style=\"font-weight: 400;\">Bolsa blanca, Sin tabaco<\/span><\/td>\n<\/tr>\n<\/tbody>\n<\/table>","protected":false},"excerpt":{"rendered":"<p>Las bolsitas de nicotina de 50 mg PABLO Exclusive Dark Cherry ofrecen un sabor intenso y jugoso. <strong data-start=\"72\" data-end=\"87\">Cerezo oscuro<\/strong> con un refrescante final a menta helada. <strong data-start=\"130\" data-end=\"138\">Delgado<\/strong>, formato sin tabaco para un uso discreto y c\u00f3modo y una liberaci\u00f3n limpia y constante. Cada bolsita contiene <strong data-start=\"239\" data-end=\"259\">30 mg de nicotina<\/strong>.<\/p>","protected":false},"featured_media":10101,"comment_status":"open","ping_status":"closed","template":"","format":[206],"meta":{"_acf_changed":false},"product_brand":[],"product_cat":[44],"product_tag":[16605],"flavours":[196],"nicotine":[226,233],"class_list":{"0":"post-10100","1":"product","2":"type-product","3":"status-publish","4":"has-post-thumbnail","6":"product_cat-pablo","7":"product_tag-30-mg-pouch","8":"pa_quantity-1-pack","9":"pa_quantity-10-pack","10":"pa_quantity-3-pack","11":"pa_quantity-30-pack","12":"pa_quantity-5-pack","13":"pa_quantity-60-pack","14":"flavours-fruits-berries","15":"format-slim","16":"nicotine-50-mg-g","17":"nicotine-extreme","19":"first","20":"instock","21":"taxable","22":"shipping-taxable","23":"purchasable","24":"product-type-variable","25":"has-default-attributes"},"acf":[],"_links":{"self":[{"href":"https:\/\/whitelip.com\/es\/wp-json\/wp\/v2\/product\/10100","targetHints":{"allow":["GET"]}}],"collection":[{"href":"https:\/\/whitelip.com\/es\/wp-json\/wp\/v2\/product"}],"about":[{"href":"https:\/\/whitelip.com\/es\/wp-json\/wp\/v2\/types\/product"}],"replies":[{"embeddable":true,"href":"https:\/\/whitelip.com\/es\/wp-json\/wp\/v2\/comments?post=10100"}],"wp:featuredmedia":[{"embeddable":true,"href":"https:\/\/whitelip.com\/es\/wp-json\/wp\/v2\/media\/10101"}],"wp:attachment":[{"href":"https:\/\/whitelip.com\/es\/wp-json\/wp\/v2\/media?parent=10100"}],"wp:term":[{"taxonomy":"product_brand","embeddable":true,"href":"https:\/\/whitelip.com\/es\/wp-json\/wp\/v2\/product_brand?post=10100"},{"taxonomy":"product_cat","embeddable":true,"href":"https:\/\/whitelip.com\/es\/wp-json\/wp\/v2\/product_cat?post=10100"},{"taxonomy":"product_tag","embeddable":true,"href":"https:\/\/whitelip.com\/es\/wp-json\/wp\/v2\/product_tag?post=10100"},{"taxonomy":"flavours","embeddable":true,"href":"https:\/\/whitelip.com\/es\/wp-json\/wp\/v2\/flavours?post=10100"},{"taxonomy":"format","embeddable":true,"href":"https:\/\/whitelip.com\/es\/wp-json\/wp\/v2\/format?post=10100"},{"taxonomy":"nicotine","embeddable":true,"href":"https:\/\/whitelip.com\/es\/wp-json\/wp\/v2\/nicotine?post=10100"}],"curies":[{"name":"wp","href":"https:\/\/api.w.org\/{rel}","templated":true}]}}