{"id":7545,"date":"2024-11-29T20:01:43","date_gmt":"2024-11-29T20:01:43","guid":{"rendered":"https:\/\/whitelip.com\/shipping-deliveries\/"},"modified":"2026-01-07T11:03:03","modified_gmt":"2026-01-07T11:03:03","slug":"envios-y-entregas","status":"publish","type":"page","link":"https:\/\/whitelip.com\/es\/shipping-deliveries\/","title":{"rendered":"Env\u00edos y entregas"},"content":{"rendered":"<div class=\"wp-block-group container\"><div class=\"wp-block-group__inner-container is-layout-constrained wp-block-group-is-layout-constrained\"><section class=\"block--text\">\n    <div class=\"inner_blocks\">\n        \n\n<h1 class=\"wp-block-heading\">ENV\u00cdO Y ENTREGAS<\/h1>\n\n\n\n<p><strong>Informaci\u00f3n y condiciones de env\u00edo<\/strong><\/p>\n\n\n\n<p>Actualmente ofrecemos entrega por UPS, USPS, DHL Express, DHL Freight, PostNord, FedEx International Economy y FedEx International Priority.<\/p>\n\n\n\n<p>Puede elegir la entrega en su domicilio, en un Punto de Servicio o en otra direcci\u00f3n facilitada por usted.<\/p>\n\n\n\n<p><strong>Env\u00edo por pa\u00eds<\/strong><\/p>\n\n\n\n<p>EE.UU.: USPS 3-20 d\u00edas laborables, dependiendo del estado en el que viva. Si tiene problemas para realizar el seguimiento de su paquete con el enlace de seguimiento inicial enviado por nosotros, consulte https:\/\/www.17track.net\/en e introduzca su n\u00famero de seguimiento para obtener m\u00e1s informaci\u00f3n. Antes de realizar un pedido a EE.UU., lea nuestro <a href=\"https:\/\/whitelip.com\/es\/devoluciones\/\">pol\u00edtica de devoluciones<\/a>.<\/p>\n\n\n\n<p>REINO UNIDO: UPS Express 1-2 d\u00edas de entrega - Tenga en cuenta - No se aplicar\u00e1n impuestos de importaci\u00f3n, todos los precios mostrados en la caja es final.<br>- Si tiene alg\u00fan problema con lo anterior, escr\u00edbanos a support@whitelip.com.<\/p>\n\n\n\n<p>UE: Var\u00eda seg\u00fan el pa\u00eds, pero la mayor\u00eda de los pa\u00edses tienen FedEx Express, FedEx Economy y DHL Express.<\/p>\n\n\n\n<p><strong>\u00bfC\u00f3mo gestiona Whitelip.com los env\u00edos?<\/strong><\/p>\n\n\n\n<ol class=\"wp-block-list\">\n<li>Tras completar su compra, recibir\u00e1 una confirmaci\u00f3n del pedido en la direcci\u00f3n de correo electr\u00f3nico utilizada. Este correo electr\u00f3nico contendr\u00e1 informaci\u00f3n sobre su compra.<\/li>\n\n\n\n<li>Empaquetamos sus productos en una caja resistente y ligera, a la que a\u00f1adimos golosinas adicionales.<\/li>\n\n\n\n<li>Una vez que su pedido haya sido entregado al transportista que haya elegido, se le enviar\u00e1 un correo electr\u00f3nico con un n\u00famero de seguimiento. Con este n\u00famero de seguimiento podr\u00e1 seguir el recorrido de su paquete.<\/li>\n<\/ol>\n\n\n\n<p><\/p>\n\n\n\n<p><strong>Tiempo de manipulaci\u00f3n<\/strong><\/p>\n\n\n\n<p>La mayor\u00eda de nuestros pedidos (90%) se env\u00edan el mismo d\u00eda en que se recibe el pedido. Los casos en los que los plazos de tramitaci\u00f3n son m\u00e1s largos son, por ejemplo, cuando los productos para su pedido est\u00e1n agotados. Si esto le ocurre y el tiempo de tramitaci\u00f3n es superior a 48 horas, nos pondremos en contacto con usted para explicarle los motivos. &nbsp;<\/p>\n\n\n\n<p><strong>Informaci\u00f3n complementaria<\/strong><\/p>\n\n\n\n<p>Whitelip.com se reserva el derecho de retener cualquier pedido para una revisi\u00f3n de seguridad. Si su pedido se ve afectado, se le notificar\u00e1 en un plazo de dos d\u00edas laborables.<\/p>\n\n\n\n<p>Atenci\u00f3n: los clientes estadounidenses s\u00f3lo pueden recoger su paquete si son mayores de 21 a\u00f1os.<\/p>\n\n\n\n<p><strong>Para compradores de fuera de la Uni\u00f3n Europea (UE)<\/strong><\/p>\n\n\n\n<p>Usted, como cliente, es responsable de asegurarse de que el producto puede importarse legalmente al pa\u00eds de destino. Al realizar un pedido a Whitelip.com, el destinatario es el importador registrado y debe cumplir todas las leyes y normativas del pa\u00eds de destino. Los pedidos que se env\u00eden a pa\u00edses fuera de Suecia pueden estar sujetos a impuestos especiales, derechos de aduana y tasas recaudados por el pa\u00eds y\/o jurisdicci\u00f3n local. El destinatario de un env\u00edo internacional puede estar sujeto a dichos impuestos especiales, derechos de aduana y tasas, que se cobran una vez que el env\u00edo llega a su pa\u00eds y\/o a su direcci\u00f3n de entrega. Es responsabilidad del cliente declarar y remitir estos impuestos. Los gastos adicionales por despacho de aduanas correr\u00e1n a cargo del destinatario; no tenemos control alguno sobre estos gastos y no podemos predecir cu\u00e1les pueden ser. Las pol\u00edticas aduaneras var\u00edan mucho de un pa\u00eds a otro; debe ponerse en contacto con su oficina de aduanas local para obtener m\u00e1s informaci\u00f3n. Cuando se requieren procedimientos de despacho de aduanas, puede causar retrasos m\u00e1s all\u00e1 de nuestras estimaciones originales de entrega. Cuando el pedido sale del almac\u00e9n de Whitelip.com, dejamos de ser responsables del paquete y la responsabilidad recae sobre usted, como cliente. Por favor, lea nuestra <a href=\"https:\/\/whitelip.com\/es\/devoluciones\/\">pol\u00edtica de devoluciones<\/a> antes de realizar su pedido fuera de la UE.<\/p>\n\n\n    <\/div>\n<\/section>\n<\/div><\/div>","protected":false},"excerpt":{"rendered":"","protected":false},"author":8456,"featured_media":0,"parent":0,"menu_order":0,"comment_status":"open","ping_status":"open","template":"text.php","meta":{"_acf_changed":false,"footnotes":""},"class_list":["post-7545","page","type-page","status-publish","hentry"],"acf":[],"_links":{"self":[{"href":"https:\/\/whitelip.com\/es\/wp-json\/wp\/v2\/pages\/7545","targetHints":{"allow":["GET"]}}],"collection":[{"href":"https:\/\/whitelip.com\/es\/wp-json\/wp\/v2\/pages"}],"about":[{"href":"https:\/\/whitelip.com\/es\/wp-json\/wp\/v2\/types\/page"}],"author":[{"embeddable":true,"href":"https:\/\/whitelip.com\/es\/wp-json\/wp\/v2\/users\/8456"}],"replies":[{"embeddable":true,"href":"https:\/\/whitelip.com\/es\/wp-json\/wp\/v2\/comments?post=7545"}],"version-history":[{"count":0,"href":"https:\/\/whitelip.com\/es\/wp-json\/wp\/v2\/pages\/7545\/revisions"}],"wp:attachment":[{"href":"https:\/\/whitelip.com\/es\/wp-json\/wp\/v2\/media?parent=7545"}],"curies":[{"name":"wp","href":"https:\/\/api.w.org\/{rel}","templated":true}]}}