{"id":10315,"date":"2025-04-08T11:40:28","date_gmt":"2025-04-08T11:40:28","guid":{"rendered":"https:\/\/whitelip.com\/apres-cactus-lime-hyper-strong\/"},"modified":"2026-05-07T10:11:32","modified_gmt":"2026-05-07T10:11:32","slug":"apres-cactus-lime-hyper-strong","status":"publish","type":"product","link":"https:\/\/whitelip.com\/el\/apres\/apres-cactus-lime-hyper-strong\/","title":{"rendered":"APR\u00c8S Cactus Lime Hyp\u00e8r Strong"},"content":{"rendered":"<h2><strong>APR\u00c8S Cactus Lime Hyp\u00e8r Strong<\/strong><\/h2>\n<p><span style=\"font-weight: 400;\">\u039f\u03b9 \u03c3\u03b1\u03ba\u03bf\u03cd\u03bb\u03b5\u03c2 \u03bd\u03b9\u03ba\u03bf\u03c4\u03af\u03bd\u03b7\u03c2 APR\u00c8S Cactus Lime Hyp\u00e8r Strong \u03c0\u03c1\u03bf\u03c3\u03c6\u03ad\u03c1\u03bf\u03c5\u03bd \u03ad\u03bd\u03b1 \u03b4\u03b9\u03b1\u03ba\u03c1\u03b9\u03c4\u03b9\u03ba\u03cc \u03bc\u03af\u03b3\u03bc\u03b1 \u03b3\u03b5\u03cd\u03c3\u03b7\u03c2 \u03ba\u03ac\u03ba\u03c4\u03bf\u03c5 \u03ba\u03b1\u03b9 \u03bb\u03ac\u03b9\u03bc, \u03c0\u03b1\u03c1\u03ad\u03c7\u03bf\u03bd\u03c4\u03b1\u03c2 \u03bc\u03b9\u03b1 \u03bc\u03bf\u03bd\u03b1\u03b4\u03b9\u03ba\u03ae \u03ba\u03b1\u03b9 \u03b4\u03c1\u03bf\u03c3\u03b5\u03c1\u03ae \u03b5\u03bc\u03c0\u03b5\u03b9\u03c1\u03af\u03b1 \u03b3\u03b5\u03cd\u03c3\u03b7\u03c2. \u039a\u03ac\u03b8\u03b5 \u03bb\u03b5\u03c0\u03c4\u03ae, \u03b5\u03bd\u03c4\u03b5\u03bb\u03ce\u03c2 \u03bb\u03b5\u03c5\u03ba\u03ae \u03c3\u03b1\u03ba\u03bf\u03cd\u03bb\u03b1 \u03c0\u03b5\u03c1\u03b9\u03ad\u03c7\u03b5\u03b9 11 mg \u03bd\u03b9\u03ba\u03bf\u03c4\u03af\u03bd\u03b7\u03c2, \u03c0\u03b1\u03c1\u03ad\u03c7\u03bf\u03bd\u03c4\u03b1\u03c2 \u03ad\u03bd\u03b1 \u03ae\u03c0\u03b9\u03bf \u03b1\u03c0\u03bf\u03c4\u03ad\u03bb\u03b5\u03c3\u03bc\u03b1 \u03ba\u03b1\u03c4\u03ac\u03bb\u03bb\u03b7\u03bb\u03bf \u03b3\u03b9\u03b1 \u03cc\u03c3\u03bf\u03c5\u03c2 \u03b1\u03bd\u03b1\u03b6\u03b7\u03c4\u03bf\u03cd\u03bd \u03ad\u03bd\u03b1 \u03ae\u03c0\u03b9\u03bf \u03b1\u03af\u03c3\u03b8\u03b7\u03bc\u03b1 \u03bd\u03b9\u03ba\u03bf\u03c4\u03af\u03bd\u03b7\u03c2. \u039f \u03b4\u03b9\u03b1\u03ba\u03c1\u03b9\u03c4\u03b9\u03ba\u03cc\u03c2 \u03c3\u03c7\u03b5\u03b4\u03b9\u03b1\u03c3\u03bc\u03cc\u03c2 \u03b4\u03b9\u03b1\u03c3\u03c6\u03b1\u03bb\u03af\u03b6\u03b5\u03b9 \u03bc\u03b9\u03b1 \u03ac\u03bd\u03b5\u03c4\u03b7 \u03b5\u03c6\u03b1\u03c1\u03bc\u03bf\u03b3\u03ae \u03ba\u03ac\u03c4\u03c9 \u03b1\u03c0\u03cc \u03c4\u03bf \u03c7\u03b5\u03af\u03bb\u03bf\u03c2, \u03b5\u03c0\u03b9\u03c4\u03c1\u03ad\u03c0\u03bf\u03bd\u03c4\u03b1\u03c2 \u03c4\u03b7 \u03c7\u03c1\u03ae\u03c3\u03b7 \u03b1\u03bd\u03ac \u03c0\u03ac\u03c3\u03b1 \u03c3\u03c4\u03b9\u03b3\u03bc\u03ae \u03c7\u03c9\u03c1\u03af\u03c2 \u03bd\u03b1 \u03c7\u03c1\u03c9\u03bc\u03b1\u03c4\u03af\u03c3\u03b5\u03b9 \u03c4\u03b1 \u03b4\u03cc\u03bd\u03c4\u03b9\u03b1. \u03a0\u03b1\u03c1\u03b1\u03b3\u03cc\u03bc\u03b5\u03bd\u03b1 \u03b1\u03c0\u03cc \u03c4\u03bf APR\u00c8S Nicotine AB, \u03b1\u03c5\u03c4\u03ad\u03c2 \u03bf\u03b9 \u03c3\u03b1\u03ba\u03bf\u03cd\u03bb\u03b5\u03c2 \u03c7\u03c9\u03c1\u03af\u03c2 \u03ba\u03b1\u03c0\u03bd\u03cc \u03b1\u03c0\u03bf\u03b4\u03b5\u03b9\u03ba\u03bd\u03cd\u03bf\u03c5\u03bd \u03c5\u03c8\u03b7\u03bb\u03ae \u03c0\u03bf\u03b9\u03cc\u03c4\u03b7\u03c4\u03b1 \u03ba\u03b1\u03b9 \u03ba\u03b1\u03b9\u03bd\u03bf\u03c4\u03cc\u03bc\u03bf\u03c5\u03c2 \u03c3\u03c5\u03bd\u03b4\u03c5\u03b1\u03c3\u03bc\u03bf\u03cd\u03c2 \u03b3\u03b5\u03cd\u03c3\u03b7\u03c2.<\/span><\/p>\n<table>\n<tbody>\n<tr>\n<td><b>Attribute<\/b><\/td>\n<td><b>\u039b\u03b5\u03c0\u03c4\u03bf\u03bc\u03ad\u03c1\u03b5\u03b9\u03b5\u03c2<\/b><\/td>\n<\/tr>\n<tr>\n<td><b>\u03a0\u03b5\u03c1\u03b9\u03b5\u03c7\u03cc\u03bc\u03b5\u03bd\u03bf \u03b1\u03bd\u03ac \u03ba\u03bf\u03c5\u03c4\u03af<\/b><\/td>\n<td><span style=\"font-weight: 400;\">11g (20 \u03b8\u03ae\u03ba\u03b5\u03c2)<\/span><\/td>\n<\/tr>\n<tr>\n<td><b>\u03a0\u03b5\u03c1\u03b9\u03b5\u03c7\u03cc\u03bc\u03b5\u03bd\u03bf \u03bd\u03b9\u03ba\u03bf\u03c4\u03af\u03bd\u03b7\u03c2<\/b><\/td>\n<td><span style=\"font-weight: 400;\">20 mg\/g (11 mg \u03b1\u03bd\u03ac \u03b8\u03ae\u03ba\u03b7)<\/span><\/td>\n<\/tr>\n<tr>\n<td><b>\u039c\u03bf\u03c1\u03c6\u03ae \u03c3\u03b1\u03ba\u03bf\u03cd\u03bb\u03b1\u03c2<\/b><\/td>\n<td><span style=\"font-weight: 400;\">\u039b\u03b5\u03c0\u03c4\u03cc\u03c2<\/span><\/td>\n<\/tr>\n<tr>\n<td><b>\u03a0\u03b1\u03c1\u03b1\u03b3\u03c9\u03b3\u03cc\u03c2<\/b><\/td>\n<td><span style=\"font-weight: 400;\">APR\u00c8S Nicotine AB<\/span><\/td>\n<\/tr>\n<tr>\n<td><b>\u0393\u03b5\u03cd\u03c3\u03b7<\/b><\/td>\n<td><span style=\"font-weight: 400;\">\u039a\u03ac\u03ba\u03c4\u03bf\u03c2 \u03ba\u03b1\u03b9 \u039b\u03ac\u03b9\u03bc<\/span><\/td>\n<\/tr>\n<tr>\n<td><b>\u03a4\u03cd\u03c0\u03bf\u03c2<\/b><\/td>\n<td><span style=\"font-weight: 400;\">\u0395\u03bd\u03c4\u03b5\u03bb\u03ce\u03c2 \u03bb\u03b5\u03c5\u03ba\u03ae \u03c3\u03b1\u03ba\u03bf\u03cd\u03bb\u03b1<\/span><\/td>\n<\/tr>\n<\/tbody>\n<\/table>\n<p>\u00a0<\/p>","protected":false},"excerpt":{"rendered":"<p>\u03a7\u03b1\u03c1\u03b1\u03ba\u03c4\u03b7\u03c1\u03b9\u03c3\u03c4\u03b9\u03ba\u03cc <strong data-start=\"12\" data-end=\"31\">\u03ba\u03ac\u03ba\u03c4\u03bf \u03ba\u03b1\u03b9 \u03bb\u03ac\u03b9\u03bc<\/strong> \u03bc\u03b5 \u03ad\u03bd\u03b1 \u03b4\u03c1\u03bf\u03c3\u03b5\u03c1\u03cc, \u03b1\u03bd\u03b1\u03bd\u03b5\u03c9\u03c4\u03b9\u03ba\u03cc \u03c4\u03c3\u03b9\u03bc\u03c0\u03ae\u03bc\u03b1\u03c4\u03b1. \u0397 <strong data-start=\"67\" data-end=\"86\">\u03bb\u03b5\u03c0\u03c4\u03ac, <\/strong>\u03b5\u03bd\u03c4\u03b5\u03bb\u03ce\u03c2 \u03bb\u03b5\u03c5\u03ba\u03ad\u03c2 \u03c3\u03b1\u03ba\u03bf\u03cd\u03bb\u03b5\u03c2 \u03ba\u03b1\u03b8\u03af\u03c3\u03c4\u03b1\u03bd\u03c4\u03b1\u03b9 \u03b4\u03b9\u03b1\u03ba\u03c1\u03b9\u03c4\u03b9\u03ba\u03ac \u03ba\u03b1\u03b9 \u03ac\u03bd\u03b5\u03c4\u03b1 \u03ba\u03ac\u03c4\u03c9 \u03b1\u03c0\u03cc \u03c4\u03bf \u03c7\u03b5\u03af\u03bb\u03bf\u03c2 \u03b3\u03b9\u03b1 \u03ba\u03b1\u03b8\u03b1\u03c1\u03ae \u03c7\u03c1\u03ae\u03c3\u03b7, \u03b1\u03bd\u03ac \u03c0\u03ac\u03c3\u03b1 \u03c3\u03c4\u03b9\u03b3\u03bc\u03ae. \u039a\u03ac\u03b8\u03b5 \u03c3\u03b1\u03ba\u03bf\u03cd\u03bb\u03b1 \u03c0\u03b5\u03c1\u03b9\u03ad\u03c7\u03b5\u03b9 <strong data-start=\"184\" data-end=\"202\">11 mg \u03bd\u03b9\u03ba\u03bf\u03c4\u03af\u03bd\u03b7<\/strong>, \u03c0\u03b1\u03c1\u03ad\u03c7\u03bf\u03bd\u03c4\u03b1\u03c2 \u03bc\u03b9\u03b1 \u03c5\u03c0\u03b5\u03c1-\u03b4\u03c5\u03bd\u03b1\u03c4\u03ae, \u03b5\u03bd\u03b5\u03c1\u03b3\u03bf\u03c0\u03bf\u03b9\u03b7\u03c4\u03b9\u03ba\u03ae \u03b5\u03bc\u03c0\u03b5\u03b9\u03c1\u03af\u03b1 \u03b1\u03c0\u03cc \u03c4\u03bf APR\u00c8S Nicotine AB.<\/p>","protected":false},"featured_media":10316,"comment_status":"open","ping_status":"closed","template":"","format":[206],"meta":{"_acf_changed":false},"product_brand":[],"product_cat":[41],"product_tag":[16551],"flavours":[190,196],"nicotine":[218,232],"class_list":{"0":"post-10315","1":"product","2":"type-product","3":"status-publish","4":"has-post-thumbnail","6":"product_cat-apres","7":"product_tag-11-mg-pouch","8":"pa_quantity-1-pack","9":"pa_quantity-10-pack","10":"pa_quantity-3-pack","11":"pa_quantity-30-pack","12":"pa_quantity-5-pack","13":"pa_quantity-60-pack","14":"flavours-citrus","15":"flavours-fruits-berries","16":"format-slim","17":"nicotine-20-mg-g","18":"nicotine-extra-strong","20":"first","21":"outofstock","22":"taxable","23":"shipping-taxable","24":"purchasable","25":"product-type-variable"},"acf":[],"_links":{"self":[{"href":"https:\/\/whitelip.com\/el\/wp-json\/wp\/v2\/product\/10315","targetHints":{"allow":["GET"]}}],"collection":[{"href":"https:\/\/whitelip.com\/el\/wp-json\/wp\/v2\/product"}],"about":[{"href":"https:\/\/whitelip.com\/el\/wp-json\/wp\/v2\/types\/product"}],"replies":[{"embeddable":true,"href":"https:\/\/whitelip.com\/el\/wp-json\/wp\/v2\/comments?post=10315"}],"wp:featuredmedia":[{"embeddable":true,"href":"https:\/\/whitelip.com\/el\/wp-json\/wp\/v2\/media\/10316"}],"wp:attachment":[{"href":"https:\/\/whitelip.com\/el\/wp-json\/wp\/v2\/media?parent=10315"}],"wp:term":[{"taxonomy":"product_brand","embeddable":true,"href":"https:\/\/whitelip.com\/el\/wp-json\/wp\/v2\/product_brand?post=10315"},{"taxonomy":"product_cat","embeddable":true,"href":"https:\/\/whitelip.com\/el\/wp-json\/wp\/v2\/product_cat?post=10315"},{"taxonomy":"product_tag","embeddable":true,"href":"https:\/\/whitelip.com\/el\/wp-json\/wp\/v2\/product_tag?post=10315"},{"taxonomy":"flavours","embeddable":true,"href":"https:\/\/whitelip.com\/el\/wp-json\/wp\/v2\/flavours?post=10315"},{"taxonomy":"format","embeddable":true,"href":"https:\/\/whitelip.com\/el\/wp-json\/wp\/v2\/format?post=10315"},{"taxonomy":"nicotine","embeddable":true,"href":"https:\/\/whitelip.com\/el\/wp-json\/wp\/v2\/nicotine?post=10315"}],"curies":[{"name":"wp","href":"https:\/\/api.w.org\/{rel}","templated":true}]}}