{"id":10295,"date":"2025-04-08T11:20:42","date_gmt":"2025-04-08T11:20:42","guid":{"rendered":"https:\/\/whitelip.com\/apres-menthol-hyper-strong\/"},"modified":"2026-04-13T17:48:07","modified_gmt":"2026-04-13T17:48:07","slug":"apres-menthol-hyper-strong","status":"publish","type":"product","link":"https:\/\/whitelip.com\/el\/apres\/apres-menthol-hyper-strong\/","title":{"rendered":"APR\u00c8S Menthol Hyp\u00e8r Strong"},"content":{"rendered":"<h2><strong>APR\u00c8S Menthol Hyp\u00e8r Strong<\/strong><\/h2>\n<p><span style=\"font-weight: 400;\">\u03a4\u03b1 nicotine pouches APR\u00c8S Menthol Hyp\u00e8r Strong \u03c0\u03b1\u03c1\u03ad\u03c7\u03bf\u03c5\u03bd \u03b4\u03c1\u03bf\u03c3\u03b5\u03c1\u03ae \u03b3\u03b5\u03cd\u03c3\u03b7 \u03bc\u03ad\u03bd\u03c4\u03b1\u03c2 \u03bc\u03b5 \u03c8\u03c5\u03ba\u03c4\u03b9\u03ba\u03cc \u03b1\u03c0\u03bf\u03c4\u03ad\u03bb\u03b5\u03c3\u03bc\u03b1. \u039a\u03ac\u03b8\u03b5 \u03bb\u03b5\u03c0\u03c4\u03cc, \u03bb\u03b5\u03c5\u03ba\u03cc pouch \u03c0\u03b5\u03c1\u03b9\u03ad\u03c7\u03b5\u03b9 11 mg \u03bd\u03b9\u03ba\u03bf\u03c4\u03af\u03bd\u03b7\u03c2, \u03c0\u03c1\u03bf\u03c3\u03c6\u03ad\u03c1\u03bf\u03bd\u03c4\u03b1\u03c2 \u03b9\u03c3\u03c7\u03c5\u03c1\u03ae \u03b1\u03af\u03c3\u03b8\u03b7\u03c3\u03b7 \u03ba\u03b1\u03c4\u03ac\u03bb\u03bb\u03b7\u03bb\u03b7 \u03b3\u03b9\u03b1 \u03ad\u03bc\u03c0\u03b5\u03b9\u03c1\u03bf\u03c5\u03c2 \u03c7\u03c1\u03ae\u03c3\u03c4\u03b5\u03c2. \u03a4\u03bf \u03b4\u03b9\u03b1\u03ba\u03c1\u03b9\u03c4\u03b9\u03ba\u03cc \u03c3\u03c7\u03ad\u03b4\u03b9\u03bf \u03b5\u03be\u03b1\u03c3\u03c6\u03b1\u03bb\u03af\u03b6\u03b5\u03b9 \u03ac\u03bd\u03b5\u03c4\u03b7 \u03b5\u03c6\u03b1\u03c1\u03bc\u03bf\u03b3\u03ae \u03ba\u03ac\u03c4\u03c9 \u03b1\u03c0\u03cc \u03c4\u03bf \u03c7\u03b5\u03af\u03bb\u03bf\u03c2, \u03b5\u03c0\u03b9\u03c4\u03c1\u03ad\u03c0\u03bf\u03bd\u03c4\u03b1\u03c2 \u03c4\u03b7 \u03c7\u03c1\u03ae\u03c3\u03b7 \u03b1\u03bd\u03ac \u03c0\u03ac\u03c3\u03b1 \u03c3\u03c4\u03b9\u03b3\u03bc\u03ae \u03c7\u03c9\u03c1\u03af\u03c2 \u03bb\u03b5\u03cd\u03ba\u03b1\u03bd\u03c3\u03b7 \u03c4\u03c9\u03bd \u03b4\u03bf\u03bd\u03c4\u03b9\u03ce\u03bd. \u03a0\u03b1\u03c1\u03b1\u03b3\u03cc\u03bc\u03b5\u03bd\u03b1 \u03b1\u03c0\u03cc \u03c4\u03b7\u03bd APR\u00c8S Nicotine AB \u03c3\u03c4\u03b7 \u03a3\u03c4\u03bf\u03ba\u03c7\u03cc\u03bb\u03bc\u03b7, \u03a3\u03bf\u03c5\u03b7\u03b4\u03af\u03b1, \u03b1\u03c5\u03c4\u03ac \u03c4\u03b1 \u03c7\u03c9\u03c1\u03af\u03c2 \u03ba\u03b1\u03c0\u03bd\u03cc pouches \u03b1\u03bd\u03c4\u03b9\u03c0\u03c1\u03bf\u03c3\u03c9\u03c0\u03b5\u03cd\u03bf\u03c5\u03bd \u03c5\u03c8\u03b7\u03bb\u03ad\u03c2 \u03c0\u03c1\u03bf\u03b4\u03b9\u03b1\u03b3\u03c1\u03b1\u03c6\u03ad\u03c2 \u03c0\u03bf\u03b9\u03cc\u03c4\u03b7\u03c4\u03b1\u03c2 \u03ba\u03b1\u03b9 \u03ba\u03b1\u03b9\u03bd\u03bf\u03c4\u03cc\u03bc\u03bf\u03c5\u03c2 \u03c3\u03c5\u03bd\u03b4\u03c5\u03b1\u03c3\u03bc\u03bf\u03cd\u03c2 \u03b3\u03b5\u03cd\u03c3\u03b5\u03c9\u03bd.<\/span><\/p>\n<table>\n<tbody>\n<tr>\n<td><b>Attribute<\/b><\/td>\n<td><b>\u039b\u03b5\u03c0\u03c4\u03bf\u03bc\u03ad\u03c1\u03b5\u03b9\u03b5\u03c2<\/b><\/td>\n<\/tr>\n<tr>\n<td><b>\u03a0\u03b5\u03c1\u03b9\u03b5\u03c7\u03cc\u03bc\u03b5\u03bd\u03bf \u03b1\u03bd\u03ac \u03ba\u03bf\u03c5\u03c4\u03af<\/b><\/td>\n<td><span style=\"font-weight: 400;\">11g (20 \u03b8\u03ae\u03ba\u03b5\u03c2)<\/span><\/td>\n<\/tr>\n<tr>\n<td><b>\u03a0\u03b5\u03c1\u03b9\u03b5\u03c7\u03cc\u03bc\u03b5\u03bd\u03bf \u03bd\u03b9\u03ba\u03bf\u03c4\u03af\u03bd\u03b7\u03c2<\/b><\/td>\n<td><span style=\"font-weight: 400;\">20 mg\/g (11 mg \u03b1\u03bd\u03ac \u03b8\u03ae\u03ba\u03b7)<\/span><\/td>\n<\/tr>\n<tr>\n<td><b>\u039c\u03bf\u03c1\u03c6\u03ae \u03c3\u03b1\u03ba\u03bf\u03cd\u03bb\u03b1\u03c2<\/b><\/td>\n<td><span style=\"font-weight: 400;\">\u039b\u03b5\u03c0\u03c4\u03cc\u03c2<\/span><\/td>\n<\/tr>\n<tr>\n<td><b>\u03a0\u03b1\u03c1\u03b1\u03b3\u03c9\u03b3\u03cc\u03c2<\/b><\/td>\n<td><span style=\"font-weight: 400;\">APR\u00c8S Nicotine AB<\/span><\/td>\n<\/tr>\n<tr>\n<td><b>\u0393\u03b5\u03cd\u03c3\u03b7<\/b><\/td>\n<td><span style=\"font-weight: 400;\">Menthol<\/span><\/td>\n<\/tr>\n<tr>\n<td><b>\u03a4\u03cd\u03c0\u03bf\u03c2<\/b><\/td>\n<td><span style=\"font-weight: 400;\">\u0395\u03bd\u03c4\u03b5\u03bb\u03ce\u03c2 \u03bb\u03b5\u03c5\u03ba\u03ae \u03c3\u03b1\u03ba\u03bf\u03cd\u03bb\u03b1<\/span><\/td>\n<\/tr>\n<\/tbody>\n<\/table>\n<p>\u00a0<\/p>","protected":false},"excerpt":{"rendered":"<p>\u03a4\u03c1\u03b1\u03b3\u03b1\u03bd\u03ae, \u03b4\u03c1\u03bf\u03c3\u03b5\u03c1\u03ae <strong data-start=\"15\" data-end=\"26\">menthol<\/strong> \u03bc\u03b5 \u03bc\u03b9\u03b1 \u03ba\u03b1\u03b8\u03b1\u03c1\u03ae, \u03b4\u03c1\u03bf\u03c3\u03b9\u03c3\u03c4\u03b9\u03ba\u03ae \u03c6\u03b9\u03bd\u03ac\u03bb\u03b5. \u03a4\u03bf <strong data-start=\"64\" data-end=\"83\">\u03bb\u03b5\u03c0\u03c4\u03ac, <\/strong>\u03b5\u03bd\u03c4\u03b5\u03bb\u03ce\u03c2 \u03bb\u03b5\u03c5\u03ba\u03ad\u03c2 \u03c3\u03b1\u03ba\u03bf\u03cd\u03bb\u03b5\u03c2 \u03ba\u03b1\u03b8\u03af\u03c3\u03c4\u03b1\u03bd\u03c4\u03b1\u03b9 \u03b4\u03b9\u03b1\u03ba\u03c1\u03b9\u03c4\u03b9\u03ba\u03ac \u03ba\u03b1\u03b9 \u03ac\u03bd\u03b5\u03c4\u03b1 \u03ba\u03ac\u03c4\u03c9 \u03b1\u03c0\u03cc \u03c4\u03bf \u03c7\u03b5\u03af\u03bb\u03bf\u03c2 \u03b3\u03b9\u03b1 \u03c7\u03c1\u03ae\u03c3\u03b7 \u03c7\u03c9\u03c1\u03af\u03c2 \u03bb\u03b5\u03ba\u03ad, \u03b1\u03bd\u03ac \u03c0\u03ac\u03c3\u03b1 \u03c3\u03c4\u03b9\u03b3\u03bc\u03ae. \u039a\u03ac\u03b8\u03b5 \u03c3\u03b1\u03ba\u03bf\u03cd\u03bb\u03b1 \u03c0\u03b5\u03c1\u03b9\u03ad\u03c7\u03b5\u03b9 <strong data-start=\"186\" data-end=\"204\">11 mg \u03bd\u03b9\u03ba\u03bf\u03c4\u03af\u03bd\u03b7<\/strong>, \u03c0\u03b1\u03c1\u03ad\u03c7\u03bf\u03bd\u03c4\u03b1\u03c2 \u03bc\u03b9\u03b1 \u03b9\u03c3\u03c7\u03c5\u03c1\u03ae \u03b1\u03af\u03c3\u03b8\u03b7\u03c3\u03b7 Hyp\u00e8r Strong \u03ba\u03b1\u03c4\u03ac\u03bb\u03bb\u03b7\u03bb\u03b7 \u03b3\u03b9\u03b1 \u03ad\u03bc\u03c0\u03b5\u03b9\u03c1\u03bf\u03c5\u03c2 \u03c7\u03c1\u03ae\u03c3\u03c4\u03b5\u03c2 \u03b1\u03c0\u03cc \u03c4\u03b7\u03bd APR\u00c8S Nicotine AB \u03c3\u03c4\u03b7 \u03a3\u03c4\u03bf\u03ba\u03c7\u03cc\u03bb\u03bc\u03b7, \u03a3\u03bf\u03c5\u03b7\u03b4\u03af\u03b1.<\/p>","protected":false},"featured_media":10296,"comment_status":"open","ping_status":"closed","template":"","format":[206],"meta":{"_acf_changed":false},"product_brand":[],"product_cat":[41],"product_tag":[16551],"flavours":[199],"nicotine":[218,232],"class_list":{"0":"post-10295","1":"product","2":"type-product","3":"status-publish","4":"has-post-thumbnail","6":"product_cat-apres","7":"product_tag-11-mg-pouch","8":"pa_quantity-1-pack","9":"pa_quantity-10-pack","10":"pa_quantity-3-pack","11":"pa_quantity-30-pack","12":"pa_quantity-5-pack","13":"pa_quantity-60-pack","14":"flavours-mint","15":"format-slim","16":"nicotine-20-mg-g","17":"nicotine-extra-strong","19":"first","20":"instock","21":"taxable","22":"shipping-taxable","23":"purchasable","24":"product-type-variable","25":"has-default-attributes"},"acf":[],"_links":{"self":[{"href":"https:\/\/whitelip.com\/el\/wp-json\/wp\/v2\/product\/10295","targetHints":{"allow":["GET"]}}],"collection":[{"href":"https:\/\/whitelip.com\/el\/wp-json\/wp\/v2\/product"}],"about":[{"href":"https:\/\/whitelip.com\/el\/wp-json\/wp\/v2\/types\/product"}],"replies":[{"embeddable":true,"href":"https:\/\/whitelip.com\/el\/wp-json\/wp\/v2\/comments?post=10295"}],"wp:featuredmedia":[{"embeddable":true,"href":"https:\/\/whitelip.com\/el\/wp-json\/wp\/v2\/media\/10296"}],"wp:attachment":[{"href":"https:\/\/whitelip.com\/el\/wp-json\/wp\/v2\/media?parent=10295"}],"wp:term":[{"taxonomy":"product_brand","embeddable":true,"href":"https:\/\/whitelip.com\/el\/wp-json\/wp\/v2\/product_brand?post=10295"},{"taxonomy":"product_cat","embeddable":true,"href":"https:\/\/whitelip.com\/el\/wp-json\/wp\/v2\/product_cat?post=10295"},{"taxonomy":"product_tag","embeddable":true,"href":"https:\/\/whitelip.com\/el\/wp-json\/wp\/v2\/product_tag?post=10295"},{"taxonomy":"flavours","embeddable":true,"href":"https:\/\/whitelip.com\/el\/wp-json\/wp\/v2\/flavours?post=10295"},{"taxonomy":"format","embeddable":true,"href":"https:\/\/whitelip.com\/el\/wp-json\/wp\/v2\/format?post=10295"},{"taxonomy":"nicotine","embeddable":true,"href":"https:\/\/whitelip.com\/el\/wp-json\/wp\/v2\/nicotine?post=10295"}],"curies":[{"name":"wp","href":"https:\/\/api.w.org\/{rel}","templated":true}]}}