{"id":9997,"date":"2025-03-25T13:43:09","date_gmt":"2025-03-25T13:43:09","guid":{"rendered":"https:\/\/whitelip.com\/garant-extreme-edition-ice-peach-50mg\/"},"modified":"2026-04-08T16:32:15","modified_gmt":"2026-04-08T16:32:15","slug":"garant-extreme-edition-ice-peach-50mg","status":"publish","type":"product","link":"https:\/\/whitelip.com\/de\/garant\/garant-extreme-edition-ice-peach-50mg\/","title":{"rendered":"Garant Extreme Edition Eis Pfirsich 50mg"},"content":{"rendered":"<h2><strong>Garant Extreme Edition Eis Pfirsich 50mg<\/strong><\/h2>\n<p>Garant Extreme Ice Peach Nikotinbeutel bieten das perfekte Sommererlebnis, mit der saftigen S\u00fc\u00dfe vollreifer Pfirsiche kombiniert mit einem erfrischenden Eiskick. Der nat\u00fcrliche, sonnenverw\u00f6hnte Pfirsichgeschmack ist lebendig und reichhaltig, w\u00e4hrend das charakteristische eisige Gef\u00fchl eine belebende Wendung hinzuf\u00fcgt und einen k\u00fchlen, knackigen Abgang liefert. Jeder schlanke, ganz wei\u00dfe Beutel enth\u00e4lt 25 mg Nikotin, mit insgesamt 50 mg Nikotin pro Gramm, was eine starke, lang anhaltende Wirkung gew\u00e4hrleistet. Diese tabakfreien Beutel wurden f\u00fcr den diskreten Gebrauch entwickelt und bieten einen sanften, erfrischenden Nikotinschub, der die Essenz des Sommers in jedem Beutel einf\u00e4ngt.<\/p>\n<table>\n<tbody>\n<tr>\n<td><b>Attribut<\/b><\/td>\n<td><b>Einzelheiten<\/b><\/td>\n<\/tr>\n<tr>\n<td><span style=\"font-weight: 400;\">Inhalt pro Dose<\/span><\/td>\n<td>27 S\u00e4ckchen<\/td>\n<\/tr>\n<tr>\n<td><span style=\"font-weight: 400;\">Nikotingehalt<\/span><\/td>\n<td><span style=\"font-weight: 400;\">50 mg\/g (25 mg pro Beutel)<\/span><\/td>\n<\/tr>\n<tr>\n<td><span style=\"font-weight: 400;\">Format der Tasche<\/span><\/td>\n<td><span style=\"font-weight: 400;\">Schlank<\/span><\/td>\n<\/tr>\n<tr>\n<td><span style=\"font-weight: 400;\">Produzent<\/span><\/td>\n<td><span style=\"font-weight: 400;\">Garant<\/span><\/td>\n<\/tr>\n<tr>\n<td><span style=\"font-weight: 400;\">Geschmack<\/span><\/td>\n<td>Pfirsich, Minze<\/td>\n<\/tr>\n<tr>\n<td><span style=\"font-weight: 400;\">Typ<\/span><\/td>\n<td><span style=\"font-weight: 400;\">Wei\u00dfe Beutel, tabakfrei<\/span><\/td>\n<\/tr>\n<\/tbody>\n<\/table>","protected":false},"excerpt":{"rendered":"<p>Saftig, erfrischend <strong data-start=\"18\" data-end=\"31\">Eispfirsich<\/strong> mit reifer S\u00fc\u00dfe und einem k\u00fchlen, knackigen Abgang. <strong data-start=\"78\" data-end=\"86\">Schlank<\/strong>, Die komplett wei\u00dfen, tabakfreien Beutel sitzen diskret unter der Lippe und lassen sich bequem verwenden. Jeder Beutel enth\u00e4lt <strong data-start=\"190\" data-end=\"208\">25 mg Nikotin<\/strong> (50 mg\/g) und sorgt f\u00fcr eine starke, lang anhaltende Wirkung.<\/p>","protected":false},"featured_media":9998,"comment_status":"open","ping_status":"closed","template":"","format":[206],"meta":{"_acf_changed":false},"product_brand":[],"product_cat":[102],"product_tag":[16510,16589],"flavours":[196,199],"nicotine":[226,233],"class_list":{"0":"post-9997","1":"product","2":"type-product","3":"status-publish","4":"has-post-thumbnail","6":"product_cat-garant","7":"product_tag-12-off","8":"product_tag-25-mg-pouch","9":"pa_quantity-1-pack","10":"pa_quantity-10-pack","11":"pa_quantity-3-pack","12":"pa_quantity-30-pack","13":"pa_quantity-5-pack","14":"pa_quantity-60-pack","15":"flavours-fruits-berries","16":"flavours-mint","17":"format-slim","18":"nicotine-50-mg-g","19":"nicotine-extreme","21":"first","22":"instock","23":"sale","24":"taxable","25":"shipping-taxable","26":"purchasable","27":"product-type-variable","28":"has-default-attributes"},"acf":[],"_links":{"self":[{"href":"https:\/\/whitelip.com\/de\/wp-json\/wp\/v2\/product\/9997","targetHints":{"allow":["GET"]}}],"collection":[{"href":"https:\/\/whitelip.com\/de\/wp-json\/wp\/v2\/product"}],"about":[{"href":"https:\/\/whitelip.com\/de\/wp-json\/wp\/v2\/types\/product"}],"replies":[{"embeddable":true,"href":"https:\/\/whitelip.com\/de\/wp-json\/wp\/v2\/comments?post=9997"}],"wp:featuredmedia":[{"embeddable":true,"href":"https:\/\/whitelip.com\/de\/wp-json\/wp\/v2\/media\/9998"}],"wp:attachment":[{"href":"https:\/\/whitelip.com\/de\/wp-json\/wp\/v2\/media?parent=9997"}],"wp:term":[{"taxonomy":"product_brand","embeddable":true,"href":"https:\/\/whitelip.com\/de\/wp-json\/wp\/v2\/product_brand?post=9997"},{"taxonomy":"product_cat","embeddable":true,"href":"https:\/\/whitelip.com\/de\/wp-json\/wp\/v2\/product_cat?post=9997"},{"taxonomy":"product_tag","embeddable":true,"href":"https:\/\/whitelip.com\/de\/wp-json\/wp\/v2\/product_tag?post=9997"},{"taxonomy":"flavours","embeddable":true,"href":"https:\/\/whitelip.com\/de\/wp-json\/wp\/v2\/flavours?post=9997"},{"taxonomy":"format","embeddable":true,"href":"https:\/\/whitelip.com\/de\/wp-json\/wp\/v2\/format?post=9997"},{"taxonomy":"nicotine","embeddable":true,"href":"https:\/\/whitelip.com\/de\/wp-json\/wp\/v2\/nicotine?post=9997"}],"curies":[{"name":"wp","href":"https:\/\/api.w.org\/{rel}","templated":true}]}}