{"id":9987,"date":"2025-03-25T13:43:09","date_gmt":"2025-03-25T13:43:09","guid":{"rendered":"https:\/\/whitelip.com\/garant-extreme-edition-licorice-50-mg\/"},"modified":"2026-05-02T10:11:23","modified_gmt":"2026-05-02T10:11:23","slug":"garant-extreme-edition-licorice-50-mg","status":"publish","type":"product","link":"https:\/\/whitelip.com\/de\/garant\/garant-extreme-edition-licorice-50-mg\/","title":{"rendered":"Garant Extreme Edition Lakritze 50 mg"},"content":{"rendered":"<h2><strong>Garant Extreme Edition Lakritze 50 mg<\/strong><\/h2>\n<p>Garant Extreme Licorice Nikotinbeutel bieten einen kr\u00e4ftigen, aromatischen Geschmack mit einem Hauch von Gew\u00fcrz und Anis, der die reiche, erdige S\u00fc\u00dfe von Lakritz perfekt erg\u00e4nzt. Der tiefe, unverwechselbare Geschmack bietet ein wirklich einzigartiges Erlebnis, das Intensit\u00e4t und Sanftheit in jedem Beutel vereint. Mit 25 mg Nikotin pro schlankem, ganz wei\u00dfem Beutel und insgesamt 50 mg Nikotin pro Gramm bieten diese Beutel eine starke, lang anhaltende Wirkung. Ihr diskretes Design sorgt f\u00fcr einen bequemen Sitz unter der Lippe und bietet ein erstklassiges, tabakfreies Nikotinerlebnis.<\/p>\n<table>\n<tbody>\n<tr>\n<td><b>Attribut<\/b><\/td>\n<td><b>Einzelheiten<\/b><\/td>\n<\/tr>\n<tr>\n<td><span style=\"font-weight: 400;\">Inhalt pro Dose<\/span><\/td>\n<td>27 S\u00e4ckchen<\/td>\n<\/tr>\n<tr>\n<td><span style=\"font-weight: 400;\">Nikotingehalt<\/span><\/td>\n<td><span style=\"font-weight: 400;\">50 mg\/g (25 mg pro Beutel)<\/span><\/td>\n<\/tr>\n<tr>\n<td><span style=\"font-weight: 400;\">Format der Tasche<\/span><\/td>\n<td><span style=\"font-weight: 400;\">Schlank<\/span><\/td>\n<\/tr>\n<tr>\n<td><span style=\"font-weight: 400;\">Produzent<\/span><\/td>\n<td><span style=\"font-weight: 400;\">Garant<\/span><\/td>\n<\/tr>\n<tr>\n<td><span style=\"font-weight: 400;\">Geschmack<\/span><\/td>\n<td>Lakritz<\/td>\n<\/tr>\n<tr>\n<td><span style=\"font-weight: 400;\">Typ<\/span><\/td>\n<td><span style=\"font-weight: 400;\">Wei\u00dfe Beutel, tabakfrei<\/span><\/td>\n<\/tr>\n<\/tbody>\n<\/table>","protected":false},"excerpt":{"rendered":"<p>Kr\u00e4ftig, aromatisch <strong data-start=\"15\" data-end=\"27\">Lakritz<\/strong> mit einem Hauch von Gew\u00fcrzen und Anis, ausgeglichen durch eine reiche, erdige S\u00fc\u00dfe. <strong data-start=\"96\" data-end=\"104\">Schlank<\/strong>, Die komplett wei\u00dfen, tabakfreien Beutel sitzen diskret unter der Lippe und lassen sich bequem verwenden. Jeder Beutel enth\u00e4lt <strong data-start=\"208\" data-end=\"226\">25 mg Nikotin<\/strong> (50 mg\/g) und sorgt f\u00fcr eine starke, lang anhaltende Wirkung.<\/p>","protected":false},"featured_media":9988,"comment_status":"open","ping_status":"closed","template":"","format":[206],"meta":{"_acf_changed":false},"product_brand":[],"product_cat":[102],"product_tag":[16589],"flavours":[198],"nicotine":[226,233],"class_list":{"0":"post-9987","1":"product","2":"type-product","3":"status-publish","4":"has-post-thumbnail","6":"product_cat-garant","7":"product_tag-25-mg-pouch","8":"pa_quantity-1-pack","9":"pa_quantity-10-pack","10":"pa_quantity-3-pack","11":"pa_quantity-30-pack","12":"pa_quantity-5-pack","13":"pa_quantity-60-pack","14":"flavours-licorice","15":"format-slim","16":"nicotine-50-mg-g","17":"nicotine-extreme","19":"first","20":"outofstock","21":"taxable","22":"shipping-taxable","23":"purchasable","24":"product-type-variable","25":"has-default-attributes"},"acf":[],"_links":{"self":[{"href":"https:\/\/whitelip.com\/de\/wp-json\/wp\/v2\/product\/9987","targetHints":{"allow":["GET"]}}],"collection":[{"href":"https:\/\/whitelip.com\/de\/wp-json\/wp\/v2\/product"}],"about":[{"href":"https:\/\/whitelip.com\/de\/wp-json\/wp\/v2\/types\/product"}],"replies":[{"embeddable":true,"href":"https:\/\/whitelip.com\/de\/wp-json\/wp\/v2\/comments?post=9987"}],"wp:featuredmedia":[{"embeddable":true,"href":"https:\/\/whitelip.com\/de\/wp-json\/wp\/v2\/media\/9988"}],"wp:attachment":[{"href":"https:\/\/whitelip.com\/de\/wp-json\/wp\/v2\/media?parent=9987"}],"wp:term":[{"taxonomy":"product_brand","embeddable":true,"href":"https:\/\/whitelip.com\/de\/wp-json\/wp\/v2\/product_brand?post=9987"},{"taxonomy":"product_cat","embeddable":true,"href":"https:\/\/whitelip.com\/de\/wp-json\/wp\/v2\/product_cat?post=9987"},{"taxonomy":"product_tag","embeddable":true,"href":"https:\/\/whitelip.com\/de\/wp-json\/wp\/v2\/product_tag?post=9987"},{"taxonomy":"flavours","embeddable":true,"href":"https:\/\/whitelip.com\/de\/wp-json\/wp\/v2\/flavours?post=9987"},{"taxonomy":"format","embeddable":true,"href":"https:\/\/whitelip.com\/de\/wp-json\/wp\/v2\/format?post=9987"},{"taxonomy":"nicotine","embeddable":true,"href":"https:\/\/whitelip.com\/de\/wp-json\/wp\/v2\/nicotine?post=9987"}],"curies":[{"name":"wp","href":"https:\/\/api.w.org\/{rel}","templated":true}]}}