{"id":9957,"date":"2025-03-25T13:43:36","date_gmt":"2025-03-25T13:43:36","guid":{"rendered":"https:\/\/whitelip.com\/garant-extreme-edition-cherry-50-mg\/"},"modified":"2026-05-01T10:10:40","modified_gmt":"2026-05-01T10:10:40","slug":"garant-extreme-edition-cherry-50-mg","status":"publish","type":"product","link":"https:\/\/whitelip.com\/de\/garant\/garant-extreme-edition-cherry-50-mg\/","title":{"rendered":"Garant Extreme Edition Kirsche 50 mg"},"content":{"rendered":"<h2><strong>Garant Extreme Edition Kirsche 50 mg\/g<\/strong><\/h2>\n<p>Garant Extreme Cherry Nikotinbeutel bieten einen kr\u00e4ftigen, s\u00fc\u00dfen Kirschgeschmack, der bei jedem Gebrauch ein reichhaltiges, fruchtiges Erlebnis bietet. Der intensive Kirschgeschmack ist perfekt ausgewogen und bietet einen sanften und befriedigenden Nikotinsto\u00df. Jeder schlanke, ganz wei\u00dfe Beutel enth\u00e4lt 25 mg Nikotin, insgesamt 50 mg Nikotin pro Gramm, und bietet eine starke, lang anhaltende Wirkung f\u00fcr erfahrene Raucher. Die auf Diskretion und Komfort ausgelegten, tabakfreien Beutel passen leicht unter die Lippe und bieten eine bequeme und angenehme M\u00f6glichkeit, ein erstklassiges Nikotingerlebnis zu erleben. Ideal f\u00fcr alle, die sich nach einem s\u00fc\u00dfen, fruchtigen Geschmack mit einem sanften, aber starken Kick sehnen.<\/p>\n<table>\n<tbody>\n<tr>\n<td><b>Attribut<\/b><\/td>\n<td><b>Einzelheiten<\/b><\/td>\n<\/tr>\n<tr>\n<td><span style=\"font-weight: 400;\">Inhalt pro Dose<\/span><\/td>\n<td><\/td>\n<\/tr>\n<tr>\n<td><span style=\"font-weight: 400;\">Nikotingehalt<\/span><\/td>\n<td><span style=\"font-weight: 400;\">50 mg\/g (25 mg pro Beutel)<\/span><\/td>\n<\/tr>\n<tr>\n<td><span style=\"font-weight: 400;\">Format der Tasche<\/span><\/td>\n<td><span style=\"font-weight: 400;\">Schlank<\/span><\/td>\n<\/tr>\n<tr>\n<td><span style=\"font-weight: 400;\">Produzent<\/span><\/td>\n<td><span style=\"font-weight: 400;\">Garant<\/span><\/td>\n<\/tr>\n<tr>\n<td><span style=\"font-weight: 400;\">Geschmack<\/span><\/td>\n<td>Kirsche<\/td>\n<\/tr>\n<tr>\n<td><span style=\"font-weight: 400;\">Typ<\/span><\/td>\n<td><span style=\"font-weight: 400;\">Wei\u00dfe Beutel, tabakfrei<\/span><\/td>\n<\/tr>\n<\/tbody>\n<\/table>","protected":false},"excerpt":{"rendered":"<p data-start=\"0\" data-end=\"286\">K\u00fchn, s\u00fc\u00df <strong>Kirsche<\/strong> mit einem reichhaltigen, fruchtigen Profil und einem weichen, befriedigenden Zug. <strong>Schlank<\/strong>, Die komplett wei\u00dfen, tabakfreien Beutel passen diskret unter die Lippe und lassen sich bequem und einfach verwenden. Jeder Beutel enth\u00e4lt <strong>25 mg Nikotin<\/strong> (50 mg\/g), die eine starke, lang anhaltende Wirkung f\u00fcr erfahrene Konsumenten bietet.<\/p>\n<p data-start=\"288\" data-end=\"394\" data-is-last-node=\"\" data-is-only-node=\"\">","protected":false},"featured_media":9958,"comment_status":"open","ping_status":"closed","template":"","format":[206],"meta":{"_acf_changed":false},"product_brand":[],"product_cat":[102],"product_tag":[16510,16589],"flavours":[196],"nicotine":[226,233],"class_list":{"0":"post-9957","1":"product","2":"type-product","3":"status-publish","4":"has-post-thumbnail","6":"product_cat-garant","7":"product_tag-12-off","8":"product_tag-25-mg-pouch","9":"pa_quantity-1-pack","10":"pa_quantity-10-pack","11":"pa_quantity-3-pack","12":"pa_quantity-30-pack","13":"pa_quantity-5-pack","14":"pa_quantity-60-pack","15":"flavours-fruits-berries","16":"format-slim","17":"nicotine-50-mg-g","18":"nicotine-extreme","20":"first","21":"instock","22":"sale","23":"taxable","24":"shipping-taxable","25":"purchasable","26":"product-type-variable"},"acf":[],"_links":{"self":[{"href":"https:\/\/whitelip.com\/de\/wp-json\/wp\/v2\/product\/9957","targetHints":{"allow":["GET"]}}],"collection":[{"href":"https:\/\/whitelip.com\/de\/wp-json\/wp\/v2\/product"}],"about":[{"href":"https:\/\/whitelip.com\/de\/wp-json\/wp\/v2\/types\/product"}],"replies":[{"embeddable":true,"href":"https:\/\/whitelip.com\/de\/wp-json\/wp\/v2\/comments?post=9957"}],"wp:featuredmedia":[{"embeddable":true,"href":"https:\/\/whitelip.com\/de\/wp-json\/wp\/v2\/media\/9958"}],"wp:attachment":[{"href":"https:\/\/whitelip.com\/de\/wp-json\/wp\/v2\/media?parent=9957"}],"wp:term":[{"taxonomy":"product_brand","embeddable":true,"href":"https:\/\/whitelip.com\/de\/wp-json\/wp\/v2\/product_brand?post=9957"},{"taxonomy":"product_cat","embeddable":true,"href":"https:\/\/whitelip.com\/de\/wp-json\/wp\/v2\/product_cat?post=9957"},{"taxonomy":"product_tag","embeddable":true,"href":"https:\/\/whitelip.com\/de\/wp-json\/wp\/v2\/product_tag?post=9957"},{"taxonomy":"flavours","embeddable":true,"href":"https:\/\/whitelip.com\/de\/wp-json\/wp\/v2\/flavours?post=9957"},{"taxonomy":"format","embeddable":true,"href":"https:\/\/whitelip.com\/de\/wp-json\/wp\/v2\/format?post=9957"},{"taxonomy":"nicotine","embeddable":true,"href":"https:\/\/whitelip.com\/de\/wp-json\/wp\/v2\/nicotine?post=9957"}],"curies":[{"name":"wp","href":"https:\/\/api.w.org\/{rel}","templated":true}]}}