{"id":9927,"date":"2025-03-05T13:43:29","date_gmt":"2025-03-05T13:43:29","guid":{"rendered":"https:\/\/whitelip.com\/zyn-spearmint-6-5mg\/"},"modified":"2026-04-16T01:41:29","modified_gmt":"2026-04-16T01:41:29","slug":"zyn-spearmint-6-5mg","status":"publish","type":"product","link":"https:\/\/whitelip.com\/de\/zyn\/zyn-spearmint-6-5mg\/","title":{"rendered":"ZYN Krauseminze 6.5mg"},"content":{"rendered":"<h2><strong>ZYN Krauseminze 6.5mg<\/strong><\/h2>\n<p><span style=\"font-weight: 400;\">ZYN Spearmint 6.5mg bietet ein erfrischendes und belebendes Nikotinerlebnis mit seiner Mischung aus Spearmint- und Pfefferminzgeschmack. Jeder schlanke, ganz wei\u00dfe Beutel enth\u00e4lt 6,5 mg Nikotin und bietet eine starke, aber gleichm\u00e4\u00dfige Freisetzung, ideal f\u00fcr diejenigen, die einen starken Kick suchen.<\/span><\/p>\n<p><span style=\"font-weight: 400;\">Das schlanke Format sorgt f\u00fcr eine diskrete und bequeme Passform unter der Lippe und erm\u00f6glicht jederzeit einen sauberen, fleckenfreien Gebrauch. ZYN Spearmint 6,5mg wird vollst\u00e4ndig aus hochwertigen, pflanzlichen Materialien hergestellt und bietet eine moderne und angenehme Nikotin-Alternative mit einem lebendigen, k\u00fchlenden Geschmack.<\/span><\/p>\n<table>\n<tbody>\n<tr>\n<td><b>Attribut<\/b><\/td>\n<td><b>Einzelheiten<\/b><\/td>\n<\/tr>\n<tr>\n<td><span style=\"font-weight: 400;\">Marke<\/span><\/td>\n<td><span style=\"font-weight: 400;\">ZYN<\/span><\/td>\n<\/tr>\n<tr>\n<td><span style=\"font-weight: 400;\">Produkttyp<\/span><\/td>\n<td><span style=\"font-weight: 400;\">Alle wei\u00dfen Nikotinbeutel<\/span><\/td>\n<\/tr>\n<tr>\n<td><span style=\"font-weight: 400;\">Format<\/span><\/td>\n<td><span style=\"font-weight: 400;\">Schlank<\/span><\/td>\n<\/tr>\n<tr>\n<td><span style=\"font-weight: 400;\">Geschmack<\/span><\/td>\n<td><span style=\"font-weight: 400;\">Minze und Pfefferminz<\/span><\/td>\n<\/tr>\n<tr>\n<td><span style=\"font-weight: 400;\">Nikotinst\u00e4rke<\/span><\/td>\n<td><span style=\"font-weight: 400;\">6,5 mg pro Beutel<\/span><\/td>\n<\/tr>\n<tr>\n<td><span style=\"font-weight: 400;\">Portion Gewicht<\/span><\/td>\n<td><span style=\"font-weight: 400;\">0,7 Gramm<\/span><\/td>\n<\/tr>\n<tr>\n<td><span style=\"font-weight: 400;\">Anzahl der Portionen<\/span><\/td>\n<td><span style=\"font-weight: 400;\">21 pro Dose<\/span><\/td>\n<\/tr>\n<tr>\n<td><span style=\"font-weight: 400;\">Gesamtgewicht der Dose<\/span><\/td>\n<td><span style=\"font-weight: 400;\">14,7 Gramm<\/span><\/td>\n<\/tr>\n<tr>\n<td><span style=\"font-weight: 400;\">Hersteller<\/span><\/td>\n<td><span style=\"font-weight: 400;\">Schwedisches Streichholz<\/span><\/td>\n<\/tr>\n<tr>\n<td><span style=\"font-weight: 400;\">Bemerkenswerte Merkmale<\/span><\/td>\n<td><span style=\"font-weight: 400;\">Tabakfrei, schlankes Format, erfrischender Minzgeschmack<\/span><\/td>\n<\/tr>\n<\/tbody>\n<\/table>","protected":false},"excerpt":{"rendered":"<p><strong>Neues Design! W\u00e4hrend der Umstellung k\u00f6nnen beide Designs verkauft werden.<\/strong><\/p>\n<p>ZYN <strong data-start=\"4\" data-end=\"17\">Gr\u00fcne Minze<\/strong> <strong data-start=\"18\" data-end=\"26\">schlank<\/strong> mischt Spearmint und Pfefferminze f\u00fcr ein erfrischendes, belebendes Profil. Die komplett wei\u00dfen Beutel sind diskret und bequem. Jeder Beutel enth\u00e4lt <strong data-start=\"171\" data-end=\"190\">6,5 mg Nikotin<\/strong> f\u00fcr eine starke, gleichm\u00e4\u00dfige Freisetzung.<\/p>","protected":false},"featured_media":9928,"comment_status":"open","ping_status":"closed","template":"","format":[206],"meta":{"_acf_changed":false},"product_brand":[],"product_cat":[37],"product_tag":[16638],"flavours":[199],"nicotine":[231,236],"class_list":{"0":"post-9927","1":"product","2":"type-product","3":"status-publish","4":"has-post-thumbnail","6":"product_cat-zyn","7":"product_tag-6-5-mg-pouch","8":"pa_quantity-1-pack","9":"pa_quantity-10-pack","10":"pa_quantity-3-pack","11":"pa_quantity-30-pack","12":"pa_quantity-5-pack","13":"pa_quantity-60-pack","14":"flavours-mint","15":"format-slim","16":"nicotine-9-mg-g","17":"nicotine-strong","19":"first","20":"instock","21":"taxable","22":"shipping-taxable","23":"purchasable","24":"product-type-variable","25":"has-default-attributes"},"acf":[],"_links":{"self":[{"href":"https:\/\/whitelip.com\/de\/wp-json\/wp\/v2\/product\/9927","targetHints":{"allow":["GET"]}}],"collection":[{"href":"https:\/\/whitelip.com\/de\/wp-json\/wp\/v2\/product"}],"about":[{"href":"https:\/\/whitelip.com\/de\/wp-json\/wp\/v2\/types\/product"}],"replies":[{"embeddable":true,"href":"https:\/\/whitelip.com\/de\/wp-json\/wp\/v2\/comments?post=9927"}],"wp:featuredmedia":[{"embeddable":true,"href":"https:\/\/whitelip.com\/de\/wp-json\/wp\/v2\/media\/9928"}],"wp:attachment":[{"href":"https:\/\/whitelip.com\/de\/wp-json\/wp\/v2\/media?parent=9927"}],"wp:term":[{"taxonomy":"product_brand","embeddable":true,"href":"https:\/\/whitelip.com\/de\/wp-json\/wp\/v2\/product_brand?post=9927"},{"taxonomy":"product_cat","embeddable":true,"href":"https:\/\/whitelip.com\/de\/wp-json\/wp\/v2\/product_cat?post=9927"},{"taxonomy":"product_tag","embeddable":true,"href":"https:\/\/whitelip.com\/de\/wp-json\/wp\/v2\/product_tag?post=9927"},{"taxonomy":"flavours","embeddable":true,"href":"https:\/\/whitelip.com\/de\/wp-json\/wp\/v2\/flavours?post=9927"},{"taxonomy":"format","embeddable":true,"href":"https:\/\/whitelip.com\/de\/wp-json\/wp\/v2\/format?post=9927"},{"taxonomy":"nicotine","embeddable":true,"href":"https:\/\/whitelip.com\/de\/wp-json\/wp\/v2\/nicotine?post=9927"}],"curies":[{"name":"wp","href":"https:\/\/api.w.org\/{rel}","templated":true}]}}