{"id":9891,"date":"2025-02-20T13:47:24","date_gmt":"2025-02-20T13:47:24","guid":{"rendered":"https:\/\/whitelip.com\/frokens-coconut\/"},"modified":"2026-03-05T10:34:43","modified_gmt":"2026-03-05T10:34:43","slug":"frokens-coconut","status":"publish","type":"product","link":"https:\/\/whitelip.com\/de\/frokens\/frokens-coconut\/","title":{"rendered":"FR\u00d6KENS Coconut Verfallsdatum: 2024-11-30"},"content":{"rendered":"<h2><strong>FR\u00d6KENS Kokosnuss<\/strong><\/h2>\n<p><strong>Abgelaufenes Produkt - Verfallsdatum: 2024-11-30<\/strong><\/p>\n<p><span style=\"font-weight: 400;\">FR\u00d6KENS Coconut Nikotinbeutel liefern ein erfrischendes Kokosnussaroma mit einem geschmackvollen Gef\u00fchl, ideal f\u00fcr Kokosnussliebhaber, die einen erfrischenden Geschmack suchen. Jeder schlanke, ganz wei\u00dfe Beutel enth\u00e4lt 9 mg Nikotin und bietet eine moderate St\u00e4rke, die sowohl f\u00fcr neue als auch f\u00fcr erfahrene Nutzer geeignet ist. Das diskrete Design erm\u00f6glicht den Gebrauch jederzeit und \u00fcberall, ohne die Z\u00e4hne zu verf\u00e4rben. Die von Smitify Limited hergestellten tabakfreien Beutel sorgen f\u00fcr eine angenehme Kokosnussfrische.<\/span><\/p>\n<p><b>Spezifikationen<\/b><\/p>\n<table>\n<tbody>\n<tr>\n<td><b>Attribut<\/b><\/td>\n<td><b>Einzelheiten<\/b><\/td>\n<\/tr>\n<tr>\n<td><b>Inhalt pro Dose<\/b><\/td>\n<td><span style=\"font-weight: 400;\">11g (20 Beutel)<\/span><\/td>\n<\/tr>\n<tr>\n<td><b>Nikotingehalt<\/b><\/td>\n<td><span style=\"font-weight: 400;\">18 mg\/g (9 mg pro Beutel)<\/span><\/td>\n<\/tr>\n<tr>\n<td><b>Format des Beutels<\/b><\/td>\n<td><span style=\"font-weight: 400;\">Schlank<\/span><\/td>\n<\/tr>\n<tr>\n<td><b>Produzent<\/b><\/td>\n<td><span style=\"font-weight: 400;\">Smitify Eingeschr\u00e4nkt<\/span><\/td>\n<\/tr>\n<tr>\n<td><b>Geschmack<\/b><\/td>\n<td><span style=\"font-weight: 400;\">Kokosnuss<\/span><\/td>\n<\/tr>\n<tr>\n<td><b>Typ<\/b><\/td>\n<td><span style=\"font-weight: 400;\">Ganz wei\u00dfe Tasche<\/span><\/td>\n<\/tr>\n<\/tbody>\n<\/table>","protected":false},"excerpt":{"rendered":"<p><strong>Abgelaufenes Produkt - Verfallsdatum: 2024-11-30<\/strong><\/p>\n<p><span style=\"font-weight: 400;\">FR\u00d6KENS Coconut Nikotinbeutel liefern ein erfrischendes Kokosnussaroma mit einem geschmackvollen Gef\u00fchl, ideal f\u00fcr Kokosnussliebhaber, die einen erfrischenden Geschmack suchen. Jeder schlanke, ganz wei\u00dfe Beutel enth\u00e4lt 9 mg Nikotin und bietet eine moderate St\u00e4rke, die sowohl f\u00fcr neue als auch f\u00fcr erfahrene Nutzer geeignet ist. Das diskrete Design erm\u00f6glicht den Gebrauch jederzeit und \u00fcberall, ohne die Z\u00e4hne zu verf\u00e4rben. Die von Smitify Limited hergestellten tabakfreien Beutel sorgen f\u00fcr eine angenehme Kokosnussfrische.<\/span><\/p>","protected":false},"featured_media":3281,"comment_status":"open","ping_status":"closed","template":"","format":[206],"meta":{"_acf_changed":false},"product_brand":[],"product_cat":[100],"product_tag":[16563],"flavours":[196],"nicotine":[215,232],"class_list":{"0":"post-9891","1":"product","2":"type-product","3":"status-publish","4":"has-post-thumbnail","6":"product_cat-frokens","7":"product_tag-9-mg-pouch","8":"pa_quantity-30-pack","9":"pa_quantity-60-pack","10":"flavours-fruits-berries","11":"format-slim","12":"nicotine-18-mg-g","13":"nicotine-extra-strong","15":"first","16":"outofstock","17":"taxable","18":"shipping-taxable","19":"purchasable","20":"product-type-variable"},"acf":[],"_links":{"self":[{"href":"https:\/\/whitelip.com\/de\/wp-json\/wp\/v2\/product\/9891","targetHints":{"allow":["GET"]}}],"collection":[{"href":"https:\/\/whitelip.com\/de\/wp-json\/wp\/v2\/product"}],"about":[{"href":"https:\/\/whitelip.com\/de\/wp-json\/wp\/v2\/types\/product"}],"replies":[{"embeddable":true,"href":"https:\/\/whitelip.com\/de\/wp-json\/wp\/v2\/comments?post=9891"}],"wp:featuredmedia":[{"embeddable":true,"href":"https:\/\/whitelip.com\/de\/wp-json\/wp\/v2\/media\/3281"}],"wp:attachment":[{"href":"https:\/\/whitelip.com\/de\/wp-json\/wp\/v2\/media?parent=9891"}],"wp:term":[{"taxonomy":"product_brand","embeddable":true,"href":"https:\/\/whitelip.com\/de\/wp-json\/wp\/v2\/product_brand?post=9891"},{"taxonomy":"product_cat","embeddable":true,"href":"https:\/\/whitelip.com\/de\/wp-json\/wp\/v2\/product_cat?post=9891"},{"taxonomy":"product_tag","embeddable":true,"href":"https:\/\/whitelip.com\/de\/wp-json\/wp\/v2\/product_tag?post=9891"},{"taxonomy":"flavours","embeddable":true,"href":"https:\/\/whitelip.com\/de\/wp-json\/wp\/v2\/flavours?post=9891"},{"taxonomy":"format","embeddable":true,"href":"https:\/\/whitelip.com\/de\/wp-json\/wp\/v2\/format?post=9891"},{"taxonomy":"nicotine","embeddable":true,"href":"https:\/\/whitelip.com\/de\/wp-json\/wp\/v2\/nicotine?post=9891"}],"curies":[{"name":"wp","href":"https:\/\/api.w.org\/{rel}","templated":true}]}}