{"id":98160,"date":"2026-05-13T09:49:35","date_gmt":"2026-05-13T09:49:35","guid":{"rendered":"https:\/\/whitelip.com\/?post_type=product&#038;p=98160"},"modified":"2026-05-14T10:11:49","modified_gmt":"2026-05-14T10:11:49","slug":"helwit-mint-extra-strong","status":"publish","type":"product","link":"https:\/\/whitelip.com\/de\/helwit\/helwit-mint-extra-strong\/","title":{"rendered":"Helwit Mint Extra Strong"},"content":{"rendered":"<h1 data-section-id=\"hw1me2\" data-start=\"1\" data-end=\"50\"><strong>Helwit Mint Extra Strong<\/strong><\/h1>\n<p data-section-id=\"hw3me4\" data-start=\"52\" data-end=\"350\">Helwit Mint Extra Strong ist ein tabakfreier Nikotinbeutel in schlankem Format mit sauberer und erfrischender Minzgeschmack, hergestellt von YOIK in Schweden. Das Produkt bietet ein knackiges und befriedigendes Minz-Erlebnis mit einem kraftvollen Nikotinsto\u00df und kombiniert ein klassisches und zuverl\u00e4ssiges Geschmacksprofil mit extra starker St\u00e4rke. Mit einem Nikotingehalt von 15 mg\/g (7,5 mg pro Beutel) ist dies eine extra starke Option f\u00fcr erfahrene Nutzer, die einen klaren und belebenden Minzgeschmack mit schneller und sp\u00fcrbarer Nikotinfreisetzung w\u00fcnschen.<\/p>\n<h2 data-section-id=\"hw5me6\" data-start=\"352\" data-end=\"370\">Geschmack und St\u00e4rke<\/h2>\n<p data-section-id=\"hw7me8\" data-start=\"372\" data-end=\"570\">Helwit Mint Extra Strong delivers a clean and well-defined mint flavour that feels crisp and refreshing from the first moment. The mint profile is straightforward and reliable without being sharp or overwhelming, making it a consistent and enjoyable choice for everyday use. At 15mg\/g (7.5mg per pouch), this is an extra strong nicotine pouch that provides a fast and noticeable release &#8211; a solid choice for experienced users who want both a classic mint taste and a powerful nicotine hit.<\/p>\n<h2 data-section-id=\"hw9me0\" data-start=\"572\" data-end=\"590\">Format der Tasche<\/h2>\n<p data-section-id=\"hw2me5\" data-start=\"592\" data-end=\"780\">Helwit Mint Extra Strong ist in schlankem Format erh\u00e4ltlich. Jede Dose enth\u00e4lt 20 Beutel, die vollst\u00e4ndig tabak- und rauchfrei sind. Der schlanke Beutel sitzt diskret und bequem unter der Lippe und bietet eine gleichm\u00e4\u00dfige Freisetzung von Geschmack und Nikotin in einem praktischen und unauff\u00e4lligen Format f\u00fcr den t\u00e4glichen Gebrauch.<\/p>\n<h2 data-section-id=\"hw4me7\" data-start=\"782\" data-end=\"796\">\u00dcber Helwit<\/h2>\n<p data-section-id=\"hw6me9\" data-start=\"798\" data-end=\"1050\">Helwit was established in 2021 by YOIK AB in Sweden. The brand produces white snus using its own hydroelectric power, and its packaging is made from bioplastic based on tall oil &#8211; reflecting a clear commitment to sustainability alongside product quality. Find more Helwit products at whitelip.se.<\/p>\n<table style=\"height: 235px;\" width=\"383\">\n<tbody>\n<tr>\n<td><b>Attribut<\/b><\/td>\n<td><b>Einzelheiten<\/b><\/td>\n<\/tr>\n<tr>\n<td><b>Marke<\/b><\/td>\n<td><em><strong>Helwit<\/strong><\/em><\/td>\n<\/tr>\n<tr>\n<td><b>Format der Tasche<\/b><\/td>\n<td><em><strong>Schlank<\/strong><\/em><\/td>\n<\/tr>\n<tr>\n<td><b>St\u00e4rke<\/b><\/td>\n<td><em><strong>Extra stark<\/strong><\/em><\/td>\n<\/tr>\n<tr>\n<td><b>Produzent<\/b><\/td>\n<td><em><strong>YOIK<\/strong><\/em><\/td>\n<\/tr>\n<tr>\n<td><b>Geschmack<\/b><\/td>\n<td><span style=\"font-weight: 400;\">Minze<\/span><\/td>\n<\/tr>\n<tr>\n<td><b>Nikotingehalt<\/b><\/td>\n<td><b><span style=\"font-weight: 400;\">15mg\/g (7.5mg per pouch)<\/span><\/b><\/td>\n<\/tr>\n<tr>\n<td><b>Inhalt pro Dose<\/b><\/td>\n<td><span style=\"font-weight: 400;\">20 S\u00e4ckchen<\/span><\/td>\n<\/tr>\n<tr>\n<td><b>Kategorie<\/b><\/td>\n<td><em><strong>White Snus<\/strong><\/em><\/td>\n<\/tr>\n<tr>\n<td><b>Typ<\/b><\/td>\n<td><b><span style=\"font-weight: 400;\">Wei\u00dfe Beutel, tabakfrei<\/span><\/b><\/td>\n<\/tr>\n<\/tbody>\n<\/table>\n<p>&nbsp;<\/p>","protected":false},"excerpt":{"rendered":"<p>Helwit Mint Extra Strong ist ein tabakfreier Nikotinbeutel im schlanken Format mit sauberer und erfrischender Minzgeschmack. Mit 15 mg\/g (7,5 mg pro Beutel) bietet es ein extra starkes Nikotinerlebnis f\u00fcr erfahrene Nutzer. 20 Beutel pro Dose, hergestellt von YOIK in Schweden.<\/p>","protected":false},"featured_media":98167,"comment_status":"open","ping_status":"closed","template":"","format":[206],"meta":{"_acf_changed":false},"product_brand":[],"product_cat":[52],"product_tag":[16601],"flavours":[199],"nicotine":[212,232],"class_list":{"0":"post-98160","1":"product","2":"type-product","3":"status-publish","4":"has-post-thumbnail","6":"product_cat-helwit","7":"product_tag-7-5-mg-pouch","8":"pa_quantity-1-pack","9":"pa_quantity-10-pack","10":"pa_quantity-3-pack","11":"pa_quantity-30-pack","12":"pa_quantity-5-pack","13":"pa_quantity-60-pack","14":"flavours-mint","15":"format-slim","16":"nicotine-15-mg-g","17":"nicotine-extra-strong","19":"first","20":"instock","21":"taxable","22":"shipping-taxable","23":"purchasable","24":"product-type-variable","25":"has-default-attributes"},"acf":[],"_links":{"self":[{"href":"https:\/\/whitelip.com\/de\/wp-json\/wp\/v2\/product\/98160","targetHints":{"allow":["GET"]}}],"collection":[{"href":"https:\/\/whitelip.com\/de\/wp-json\/wp\/v2\/product"}],"about":[{"href":"https:\/\/whitelip.com\/de\/wp-json\/wp\/v2\/types\/product"}],"replies":[{"embeddable":true,"href":"https:\/\/whitelip.com\/de\/wp-json\/wp\/v2\/comments?post=98160"}],"wp:featuredmedia":[{"embeddable":true,"href":"https:\/\/whitelip.com\/de\/wp-json\/wp\/v2\/media\/98167"}],"wp:attachment":[{"href":"https:\/\/whitelip.com\/de\/wp-json\/wp\/v2\/media?parent=98160"}],"wp:term":[{"taxonomy":"product_brand","embeddable":true,"href":"https:\/\/whitelip.com\/de\/wp-json\/wp\/v2\/product_brand?post=98160"},{"taxonomy":"product_cat","embeddable":true,"href":"https:\/\/whitelip.com\/de\/wp-json\/wp\/v2\/product_cat?post=98160"},{"taxonomy":"product_tag","embeddable":true,"href":"https:\/\/whitelip.com\/de\/wp-json\/wp\/v2\/product_tag?post=98160"},{"taxonomy":"flavours","embeddable":true,"href":"https:\/\/whitelip.com\/de\/wp-json\/wp\/v2\/flavours?post=98160"},{"taxonomy":"format","embeddable":true,"href":"https:\/\/whitelip.com\/de\/wp-json\/wp\/v2\/format?post=98160"},{"taxonomy":"nicotine","embeddable":true,"href":"https:\/\/whitelip.com\/de\/wp-json\/wp\/v2\/nicotine?post=98160"}],"curies":[{"name":"wp","href":"https:\/\/api.w.org\/{rel}","templated":true}]}}