{"id":98152,"date":"2026-05-13T09:41:49","date_gmt":"2026-05-13T09:41:49","guid":{"rendered":"https:\/\/whitelip.com\/?post_type=product&#038;p=98152"},"modified":"2026-05-14T10:11:49","modified_gmt":"2026-05-14T10:11:49","slug":"loop-pineapple-ice-strong","status":"publish","type":"product","link":"https:\/\/whitelip.com\/de\/loop\/loop-pineapple-ice-strong\/","title":{"rendered":"LOOP Pineapple Ice Strong"},"content":{"rendered":"<h1 data-section-id=\"lp1pi2\" data-start=\"1\" data-end=\"50\"><strong>Loop Pineapple Ice Strong<\/strong><\/h1>\n<p data-section-id=\"lp3pi4\" data-start=\"52\" data-end=\"350\">Loop Pineapple Ice Strong ist ein tabakfreier Nikotinbeutel in schlankem Format mit einer k\u00fchnen und tropischen Geschmackskombination aus Ananas und Minze, hergestellt von Another Snus Factory in Schweden. Das Produkt bietet einen s\u00fc\u00dfen und saftigen Ananascharakter, kombiniert mit einem k\u00fchlen und erfrischenden Minzabschluss und liefert damit ein charakteristisches und belebendes Geschmackserlebnis. Mit einem Nikotingehalt von 15 mg\/g (9,4 mg pro Beutel) ist dies eine extra starke Option f\u00fcr erfahrene Nutzer, die einen kraftvollen Nikotinsto\u00df mit tropischem und eisigem Twist w\u00fcnschen.<\/p>\n<h2 data-section-id=\"lp5pi6\" data-start=\"352\" data-end=\"370\">Geschmack und St\u00e4rke<\/h2>\n<p data-section-id=\"lp7pi8\" data-start=\"372\" data-end=\"570\">Loop Pineapple Ice Strong delivers a vibrant and well-balanced flavour where sweet and juicy pineapple meets a cool and refreshing mint character. The tropical fruitiness of the pineapple combines naturally with the icy mint finish, creating a flavour profile that feels both energising and satisfying from start to finish. At 15mg\/g (9.4mg per pouch), this is an extra strong nicotine pouch that provides a fast and noticeable release &#8211; a bold choice for seasoned users who want both strength and a distinctive tropical flavour.<\/p>\n<h2 data-section-id=\"lp9pi0\" data-start=\"572\" data-end=\"590\">Format der Tasche<\/h2>\n<p data-section-id=\"lp2pi5\" data-start=\"592\" data-end=\"780\">Loop Pineapple Ice Strong ist in schlankem Format erh\u00e4ltlich. Jede Dose enth\u00e4lt 20 Beutel, die vollst\u00e4ndig tabak- und rauchfrei sind. Der schlanke Beutel sitzt diskret und bequem unter der Lippe und bietet eine gleichm\u00e4\u00dfige Freisetzung von Geschmack und Nikotin in einem praktischen und unauff\u00e4lligen Format f\u00fcr den t\u00e4glichen Gebrauch.<\/p>\n<h2 data-section-id=\"lp4pi7\" data-start=\"782\" data-end=\"796\">\u00dcber Loop<\/h2>\n<p data-section-id=\"lp6pi9\" data-start=\"798\" data-end=\"1050\">Loop wurde 2019 gegr\u00fcndet und wird von Another Snus Factory in Schweden hergestellt. Die Reihe umfasst wei\u00dfen Snus in mehreren Nikotinst\u00e4rken und einer gro\u00dfen Vielfalt an Geschmacksrichtungen und Formaten. Mit starkem Fokus auf Innovation und Qualit\u00e4t hat Loop eine treue Anh\u00e4ngerschaft unter Nikotinbeutel-Nutzern in ganz Europa aufgebaut. Weitere Loop-Produkte finden Sie auf whitelip.se.<\/p>\n<table style=\"height: 235px;\" width=\"383\">\n<tbody>\n<tr>\n<td><b>Attribut<\/b><\/td>\n<td><b>Einzelheiten<\/b><\/td>\n<\/tr>\n<tr>\n<td><b>Marke<\/b><\/td>\n<td><em><strong>Loop<\/strong><\/em><\/td>\n<\/tr>\n<tr>\n<td><b>Format der Tasche<\/b><\/td>\n<td><em><strong>Schlank<\/strong><\/em><\/td>\n<\/tr>\n<tr>\n<td><b>St\u00e4rke<\/b><\/td>\n<td><em><strong>Extra stark<\/strong><\/em><\/td>\n<\/tr>\n<tr>\n<td><b>Produzent<\/b><\/td>\n<td><em><strong>Another Snus Factory<\/strong><\/em><\/td>\n<\/tr>\n<tr>\n<td><b>Geschmack<\/b><\/td>\n<td><span style=\"font-weight: 400;\">Pineapple, mint<\/span><\/td>\n<\/tr>\n<tr>\n<td><b>Nikotingehalt<\/b><\/td>\n<td><b><span style=\"font-weight: 400;\">15mg\/g (9.4mg per pouch)<\/span><\/b><\/td>\n<\/tr>\n<tr>\n<td><b>Inhalt pro Dose<\/b><\/td>\n<td><span style=\"font-weight: 400;\">20 S\u00e4ckchen<\/span><\/td>\n<\/tr>\n<tr>\n<td><b>Kategorie<\/b><\/td>\n<td><em><strong>White Snus<\/strong><\/em><\/td>\n<\/tr>\n<tr>\n<td><b>Typ<\/b><\/td>\n<td><b><span style=\"font-weight: 400;\">Wei\u00dfe Beutel, tabakfrei<\/span><\/b><\/td>\n<\/tr>\n<\/tbody>\n<\/table>\n<p>&nbsp;<\/p>","protected":false},"excerpt":{"rendered":"<p>Loop Pineapple Ice Strong ist ein tabakfreier Nikotinbeutel im schlanken Format mit intensivem tropischen Ananas- und Minzgeschmack. Mit 15 mg\/g (9,4 mg pro Beutel) bietet es ein extra starkes Nikotinerlebnis f\u00fcr erfahrene Nutzer. 20 Beutel pro Dose, hergestellt von Another Snus Factory in Schweden.<\/p>","protected":false},"featured_media":98159,"comment_status":"open","ping_status":"closed","template":"","format":[206],"meta":{"_acf_changed":false},"product_brand":[],"product_cat":[32],"product_tag":[17011],"flavours":[196],"nicotine":[212,232],"class_list":{"0":"post-98152","1":"product","2":"type-product","3":"status-publish","4":"has-post-thumbnail","6":"product_cat-loop","7":"product_tag-9-4-mg-pouch","8":"pa_quantity-1-pack","9":"pa_quantity-10-pack","10":"pa_quantity-3-pack","11":"pa_quantity-30-pack","12":"pa_quantity-5-pack","13":"pa_quantity-60-pack","14":"flavours-fruits-berries","15":"format-slim","16":"nicotine-15-mg-g","17":"nicotine-extra-strong","19":"first","20":"instock","21":"taxable","22":"shipping-taxable","23":"purchasable","24":"product-type-variable"},"acf":[],"_links":{"self":[{"href":"https:\/\/whitelip.com\/de\/wp-json\/wp\/v2\/product\/98152","targetHints":{"allow":["GET"]}}],"collection":[{"href":"https:\/\/whitelip.com\/de\/wp-json\/wp\/v2\/product"}],"about":[{"href":"https:\/\/whitelip.com\/de\/wp-json\/wp\/v2\/types\/product"}],"replies":[{"embeddable":true,"href":"https:\/\/whitelip.com\/de\/wp-json\/wp\/v2\/comments?post=98152"}],"wp:featuredmedia":[{"embeddable":true,"href":"https:\/\/whitelip.com\/de\/wp-json\/wp\/v2\/media\/98159"}],"wp:attachment":[{"href":"https:\/\/whitelip.com\/de\/wp-json\/wp\/v2\/media?parent=98152"}],"wp:term":[{"taxonomy":"product_brand","embeddable":true,"href":"https:\/\/whitelip.com\/de\/wp-json\/wp\/v2\/product_brand?post=98152"},{"taxonomy":"product_cat","embeddable":true,"href":"https:\/\/whitelip.com\/de\/wp-json\/wp\/v2\/product_cat?post=98152"},{"taxonomy":"product_tag","embeddable":true,"href":"https:\/\/whitelip.com\/de\/wp-json\/wp\/v2\/product_tag?post=98152"},{"taxonomy":"flavours","embeddable":true,"href":"https:\/\/whitelip.com\/de\/wp-json\/wp\/v2\/flavours?post=98152"},{"taxonomy":"format","embeddable":true,"href":"https:\/\/whitelip.com\/de\/wp-json\/wp\/v2\/format?post=98152"},{"taxonomy":"nicotine","embeddable":true,"href":"https:\/\/whitelip.com\/de\/wp-json\/wp\/v2\/nicotine?post=98152"}],"curies":[{"name":"wp","href":"https:\/\/api.w.org\/{rel}","templated":true}]}}