{"id":97926,"date":"2026-05-11T13:41:41","date_gmt":"2026-05-11T13:41:41","guid":{"rendered":"https:\/\/whitelip.com\/?post_type=product&#038;p=97926"},"modified":"2026-05-11T13:45:01","modified_gmt":"2026-05-11T13:45:01","slug":"apres-mint-zero-nicotine-free","status":"publish","type":"product","link":"https:\/\/whitelip.com\/de\/uncategorized\/apres-mint-zero-nicotine-free\/","title":{"rendered":"Apr\u00e8s Mint Zero Nikotinfrei"},"content":{"rendered":"<h1 data-section-id=\"ap1mz2\" data-start=\"1\" data-end=\"50\"><strong>Apr\u00e8s Mint Zero Nikotinfrei<\/strong><\/h1>\n<p data-section-id=\"ap3mz4\" data-start=\"52\" data-end=\"350\">Apr\u00e8s Mint Zero ist ein nikotinfreier und tabakfreier wei\u00dfer Snus im Slim-Format mit sauberer und erfrischender Minzgeschmack, hergestellt von Apr\u00e8s Nicotine AB in Schweden. Vollst\u00e4ndig frei von Nikotin, Tabak und Koffein, ist dieses Produkt die perfekte Wahl f\u00fcr alle, die das Beutel-Erlebnis ohne Nikotin oder Stimulanzien genie\u00dfen m\u00f6chten. Seit seiner Gr\u00fcndung 2020 hat sich Apr\u00e8s als vertrauensw\u00fcrdiger Name in der nikotinfreien und tabakfreien Beutel-Kategorie mit einer Vielzahl von Geschmacksrichtungen und Formaten etabliert.<\/p>\n<h2 data-section-id=\"ap5mz6\" data-start=\"352\" data-end=\"370\">Geschmack und Format<\/h2>\n<p data-section-id=\"ap7mz8\" data-start=\"372\" data-end=\"570\">Apr\u00e8s Mint Zero delivers a clean and refreshing mint flavour that feels crisp and pleasant throughout use. The mint profile is clear and well-defined without being overpowering, providing a satisfying and enjoyable experience from start to finish &#8211; entirely without nicotine or caffeine. This makes it an ideal option for those cutting down on nicotine, staying completely nicotine-free, or simply enjoying a fresh mint pouch at any time of day.<\/p>\n<h2 data-section-id=\"ap9mz0\" data-start=\"572\" data-end=\"590\">Format der Tasche<\/h2>\n<p data-section-id=\"ap2mz5\" data-start=\"592\" data-end=\"780\">Apr\u00e8s Mint Zero ist im Slim-Format erh\u00e4ltlich. Jede Dose enth\u00e4lt 20 Beutel, alle vollst\u00e4ndig frei von Nikotin, Tabak, Koffein und Rauch. Der schlanke Beutel sitzt diskret und bequem unter der Lippe und bietet eine gleichm\u00e4\u00dfige Geschmacksabgabe in einem praktischen und unauff\u00e4lligen Format, das jederzeit und \u00fcberall verwendet werden kann.<\/p>\n<h2 data-section-id=\"ap4mz7\" data-start=\"782\" data-end=\"796\">\u00dcber Apr\u00e8s<\/h2>\n<p data-section-id=\"ap6mz9\" data-start=\"798\" data-end=\"1050\">Apr\u00e8s was founded in 2020 in Sweden and is produced by Apr\u00e8s Nicotine AB. The brand is known for its range of nicotine-free and tobacco-free pouches in a variety of flavours and formats, all made with plant-based materials. Apr\u00e8s Mint Zero is a prime example of Apr\u00e8s&#8217; commitment to offering clean, modern and accessible pouch options for every type of user.<\/p>\n<table style=\"height: 235px;\" width=\"383\">\n<tbody>\n<tr>\n<td><b>Attribut<\/b><\/td>\n<td><b>Einzelheiten<\/b><\/td>\n<\/tr>\n<tr>\n<td><b>Marke<\/b><\/td>\n<td><em><strong>Apr\u00e8s<\/strong><\/em><\/td>\n<\/tr>\n<tr>\n<td><b>Format der Tasche<\/b><\/td>\n<td><em><strong>Schlank<\/strong><\/em><\/td>\n<\/tr>\n<tr>\n<td><b>St\u00e4rke<\/b><\/td>\n<td><em><strong>Nikotinfrei<\/strong><\/em><\/td>\n<\/tr>\n<tr>\n<td><b>Produzent<\/b><\/td>\n<td><em><strong>Nach Nicotine AB<\/strong><\/em><\/td>\n<\/tr>\n<tr>\n<td><b>Geschmack<\/b><\/td>\n<td><span style=\"font-weight: 400;\">Minze<\/span><\/td>\n<\/tr>\n<tr>\n<td><b>Nikotingehalt<\/b><\/td>\n<td><b><span style=\"font-weight: 400;\">0mg (nikotinfrei)<\/span><\/b><\/td>\n<\/tr>\n<tr>\n<td><b>Inhalt pro Dose<\/b><\/td>\n<td><span style=\"font-weight: 400;\">20 S\u00e4ckchen<\/span><\/td>\n<\/tr>\n<tr>\n<td><b>Kategorie<\/b><\/td>\n<td><em><strong>Nikotinfrei<\/strong><\/em><\/td>\n<\/tr>\n<tr>\n<td><b>Typ<\/b><\/td>\n<td><b><span style=\"font-weight: 400;\">Wei\u00dfe Beutel, tabakfrei<\/span><\/b><\/td>\n<\/tr>\n<\/tbody>\n<\/table>\n<p>&nbsp;<\/p>","protected":false},"excerpt":{"rendered":"<p>Apr\u00e8s Mint Zero ist ein nikotinfreier, tabakfreier und koffeinfreier wei\u00dfer Snus im Slim-Format mit sauberer und erfrischender Minzgeschmack. Die perfekte Wahl f\u00fcr alle, die das Beutel-Erlebnis ohne Nikotin m\u00f6gen. 20 Beutel pro Dose, hergestellt von Apr\u00e8s Nicotine AB in Schweden.<\/p>","protected":false},"featured_media":97933,"comment_status":"open","ping_status":"closed","template":"","format":[206],"meta":{"_acf_changed":false},"product_brand":[],"product_cat":[15],"product_tag":[],"flavours":[199],"nicotine":[],"class_list":{"0":"post-97926","1":"product","2":"type-product","3":"status-publish","4":"has-post-thumbnail","6":"product_cat-uncategorized","7":"pa_quantity-1-pack","8":"pa_quantity-10-pack","9":"pa_quantity-3-pack","10":"pa_quantity-30-pack","11":"pa_quantity-5-pack","12":"pa_quantity-60-pack","13":"flavours-mint","14":"format-slim","16":"first","17":"instock","18":"taxable","19":"shipping-taxable","20":"purchasable","21":"product-type-variable"},"acf":[],"_links":{"self":[{"href":"https:\/\/whitelip.com\/de\/wp-json\/wp\/v2\/product\/97926","targetHints":{"allow":["GET"]}}],"collection":[{"href":"https:\/\/whitelip.com\/de\/wp-json\/wp\/v2\/product"}],"about":[{"href":"https:\/\/whitelip.com\/de\/wp-json\/wp\/v2\/types\/product"}],"replies":[{"embeddable":true,"href":"https:\/\/whitelip.com\/de\/wp-json\/wp\/v2\/comments?post=97926"}],"wp:featuredmedia":[{"embeddable":true,"href":"https:\/\/whitelip.com\/de\/wp-json\/wp\/v2\/media\/97933"}],"wp:attachment":[{"href":"https:\/\/whitelip.com\/de\/wp-json\/wp\/v2\/media?parent=97926"}],"wp:term":[{"taxonomy":"product_brand","embeddable":true,"href":"https:\/\/whitelip.com\/de\/wp-json\/wp\/v2\/product_brand?post=97926"},{"taxonomy":"product_cat","embeddable":true,"href":"https:\/\/whitelip.com\/de\/wp-json\/wp\/v2\/product_cat?post=97926"},{"taxonomy":"product_tag","embeddable":true,"href":"https:\/\/whitelip.com\/de\/wp-json\/wp\/v2\/product_tag?post=97926"},{"taxonomy":"flavours","embeddable":true,"href":"https:\/\/whitelip.com\/de\/wp-json\/wp\/v2\/flavours?post=97926"},{"taxonomy":"format","embeddable":true,"href":"https:\/\/whitelip.com\/de\/wp-json\/wp\/v2\/format?post=97926"},{"taxonomy":"nicotine","embeddable":true,"href":"https:\/\/whitelip.com\/de\/wp-json\/wp\/v2\/nicotine?post=97926"}],"curies":[{"name":"wp","href":"https:\/\/api.w.org\/{rel}","templated":true}]}}