{"id":97917,"date":"2026-05-11T13:35:14","date_gmt":"2026-05-11T13:35:14","guid":{"rendered":"https:\/\/whitelip.com\/?post_type=product&#038;p=97917"},"modified":"2026-05-11T13:39:27","modified_gmt":"2026-05-11T13:39:27","slug":"apres-blueberry-zero-nicotine-free","status":"publish","type":"product","link":"https:\/\/whitelip.com\/de\/uncategorized\/apres-blueberry-zero-nicotine-free\/","title":{"rendered":"Apr\u00e8s Blueberry Zero Nikotinfrei"},"content":{"rendered":"<h1 data-section-id=\"ap1bz2\" data-start=\"1\" data-end=\"50\"><strong>Apr\u00e8s Blueberry Zero Nikotinfrei<\/strong><\/h1>\n<p data-section-id=\"ap3bz4\" data-start=\"52\" data-end=\"350\">Apr\u00e8s Blueberry Zero ist ein nikotinfreier und tabakfreier wei\u00dfer Snus im Slim-Format mit frischem und fruchtigem Heidelbeeren- und Beerengeschmack, hergestellt von Apr\u00e8s Nicotine AB in Schweden. Vollst\u00e4ndig frei von Nikotin, Tabak und Koffein, ist dieses Produkt die perfekte Wahl f\u00fcr alle, die das Beutel-Erlebnis ohne Nikotin oder Stimulanzien genie\u00dfen m\u00f6chten. Depuis sa Gr\u00fcndung 2020 hat sich Apr\u00e8s einen Ruf f\u00fcr hochwertige tabakfreie Produkte in einer Vielzahl von Geschmacksrichtungen und Formaten erworben.<\/p>\n<h2 data-section-id=\"ap5bz6\" data-start=\"352\" data-end=\"370\">Geschmack und Format<\/h2>\n<p data-section-id=\"ap7bz8\" data-start=\"372\" data-end=\"570\">Apr\u00e8s Blueberry Zero bietet einen s\u00fc\u00dfen und nat\u00fcrlichen Heidelbeergeschmack mit subtilen Beerennuancen, der sich frisch und angenehm anf\u00fchlt. Der Geschmack ist sauber und ausgewogen, ohne sich auf Nikotin oder Koffein zu verlassen, was ihn zu einer gro\u00dfartigen Option f\u00fcr alle macht, die ihren Nikotinkonsum reduzieren, vollst\u00e4ndig nikotinfrei bleiben oder einfach einen fruchtigen Beutel jederzeit genie\u00dfen m\u00f6chten. Das Slim-Format sorgt f\u00fcr einen diskreten und komfortablen Sitz unter der Lippe von Anfang bis Ende.<\/p>\n<h2 data-section-id=\"ap9bz0\" data-start=\"572\" data-end=\"590\">Format der Tasche<\/h2>\n<p data-section-id=\"ap2bz5\" data-start=\"592\" data-end=\"780\">Apr\u00e8s Blueberry Zero ist im Slim-Format erh\u00e4ltlich. Jede Dose enth\u00e4lt 20 Beutel, alle vollst\u00e4ndig frei von Nikotin, Tabak, Koffein und Rauch. Der schlanke Beutel sitzt diskret und bequem unter der Lippe und bietet eine gleichm\u00e4\u00dfige Geschmacksabgabe in einem praktischen und unauff\u00e4lligen Format, das jederzeit und \u00fcberall verwendet werden kann.<\/p>\n<h2 data-section-id=\"ap4bz7\" data-start=\"782\" data-end=\"796\">\u00dcber Apr\u00e8s<\/h2>\n<p data-section-id=\"ap6bz9\" data-start=\"798\" data-end=\"1050\">Apr\u00e8s was established in 2020 and is produced by Apr\u00e8s Nicotine AB in Sweden. The range includes nicotine-free alternatives as well as products in various flavours, strengths and formats &#8211; all made with plant-based materials. No.12 Blueberry Zero is a prime example of Apr\u00e8s&#8217; commitment to offering clean, modern and accessible pouch options for every type of user.<\/p>\n<table style=\"height: 235px;\" width=\"383\">\n<tbody>\n<tr>\n<td><b>Attribut<\/b><\/td>\n<td><b>Einzelheiten<\/b><\/td>\n<\/tr>\n<tr>\n<td><b>Marke<\/b><\/td>\n<td><em><strong>Apr\u00e8s<\/strong><\/em><\/td>\n<\/tr>\n<tr>\n<td><b>Format der Tasche<\/b><\/td>\n<td><em><strong>Schlank<\/strong><\/em><\/td>\n<\/tr>\n<tr>\n<td><b>St\u00e4rke<\/b><\/td>\n<td><em><strong>Nikotinfrei<\/strong><\/em><\/td>\n<\/tr>\n<tr>\n<td><b>Produzent<\/b><\/td>\n<td><em><strong>Nach Nicotine AB<\/strong><\/em><\/td>\n<\/tr>\n<tr>\n<td><b>Geschmack<\/b><\/td>\n<td><em><strong>Blueberry, berries<\/strong><\/em><\/td>\n<\/tr>\n<tr>\n<td><b>Nikotingehalt<\/b><\/td>\n<td><b><span style=\"font-weight: 400;\">0mg (nikotinfrei)<\/span><\/b><\/td>\n<\/tr>\n<tr>\n<td><b>Inhalt pro Dose<\/b><\/td>\n<td><span style=\"font-weight: 400;\">20 S\u00e4ckchen<\/span><\/td>\n<\/tr>\n<tr>\n<td><b>Kategorie<\/b><\/td>\n<td><em><strong>Nikotinfrei<\/strong><\/em><\/td>\n<\/tr>\n<tr>\n<td><b>Typ<\/b><\/td>\n<td><b><span style=\"font-weight: 400;\">Wei\u00dfe Beutel, tabakfrei<\/span><\/b><\/td>\n<\/tr>\n<\/tbody>\n<\/table>\n<p>&nbsp;<\/p>","protected":false},"excerpt":{"rendered":"<p>Apr\u00e8s Blueberry Zero ist ein nikotinfreier, tabakfreier und koffeinfreier wei\u00dfer Snus im Slim-Format mit frischem Heidelbeeren- und Beerengeschmack. Die perfekte Wahl f\u00fcr alle, die das Beutel-Erlebnis ohne Nikotin m\u00f6gen. 20 Beutel pro Dose, hergestellt von Apr\u00e8s Nicotine AB in Schweden.<\/p>","protected":false},"featured_media":97924,"comment_status":"open","ping_status":"closed","template":"","format":[],"meta":{"_acf_changed":false},"product_brand":[],"product_cat":[15],"product_tag":[],"flavours":[196],"nicotine":[],"class_list":{"0":"post-97917","1":"product","2":"type-product","3":"status-publish","4":"has-post-thumbnail","6":"product_cat-uncategorized","7":"pa_quantity-1-pack","8":"pa_quantity-10-pack","9":"pa_quantity-3-pack","10":"pa_quantity-30-pack","11":"pa_quantity-5-pack","12":"pa_quantity-60-pack","13":"flavours-fruits-berries","15":"first","16":"instock","17":"taxable","18":"shipping-taxable","19":"purchasable","20":"product-type-variable"},"acf":[],"_links":{"self":[{"href":"https:\/\/whitelip.com\/de\/wp-json\/wp\/v2\/product\/97917","targetHints":{"allow":["GET"]}}],"collection":[{"href":"https:\/\/whitelip.com\/de\/wp-json\/wp\/v2\/product"}],"about":[{"href":"https:\/\/whitelip.com\/de\/wp-json\/wp\/v2\/types\/product"}],"replies":[{"embeddable":true,"href":"https:\/\/whitelip.com\/de\/wp-json\/wp\/v2\/comments?post=97917"}],"wp:featuredmedia":[{"embeddable":true,"href":"https:\/\/whitelip.com\/de\/wp-json\/wp\/v2\/media\/97924"}],"wp:attachment":[{"href":"https:\/\/whitelip.com\/de\/wp-json\/wp\/v2\/media?parent=97917"}],"wp:term":[{"taxonomy":"product_brand","embeddable":true,"href":"https:\/\/whitelip.com\/de\/wp-json\/wp\/v2\/product_brand?post=97917"},{"taxonomy":"product_cat","embeddable":true,"href":"https:\/\/whitelip.com\/de\/wp-json\/wp\/v2\/product_cat?post=97917"},{"taxonomy":"product_tag","embeddable":true,"href":"https:\/\/whitelip.com\/de\/wp-json\/wp\/v2\/product_tag?post=97917"},{"taxonomy":"flavours","embeddable":true,"href":"https:\/\/whitelip.com\/de\/wp-json\/wp\/v2\/flavours?post=97917"},{"taxonomy":"format","embeddable":true,"href":"https:\/\/whitelip.com\/de\/wp-json\/wp\/v2\/format?post=97917"},{"taxonomy":"nicotine","embeddable":true,"href":"https:\/\/whitelip.com\/de\/wp-json\/wp\/v2\/nicotine?post=97917"}],"curies":[{"name":"wp","href":"https:\/\/api.w.org\/{rel}","templated":true}]}}