{"id":9791,"date":"2025-02-12T08:40:03","date_gmt":"2025-02-12T08:40:03","guid":{"rendered":"https:\/\/whitelip.com\/iceberg-raspberry-gum-medium\/"},"modified":"2026-05-09T10:11:07","modified_gmt":"2026-05-09T10:11:07","slug":"iceberg-raspberry-gum-medium","status":"publish","type":"product","link":"https:\/\/whitelip.com\/de\/iceberg\/iceberg-raspberry-gum-medium\/","title":{"rendered":"ICEBERG Himbeerkaugummi Medium"},"content":{"rendered":"<h2><strong>ICEBERG Himbeerkaugummi Medium<\/strong><\/h2>\n<p><span style=\"font-weight: 400;\">ICEBERG Raspberry Gum Medium Nikotinbeutel bieten einen starken Himbeergeschmack und einen mittleren Nikotingehalt, der sich an erfahrene Raucher richtet, die ein starkes Erlebnis suchen. Jeder Beutel im schlanken Format enth\u00e4lt 20 mg Nikotin pro Gramm, was ungef\u00e4hr 12 mg pro Beutel entspricht. Die Beutel sind so konzipiert, dass sie diskret verwendet werden k\u00f6nnen, ohne die Z\u00e4hne zu verf\u00e4rben, was sie ideal f\u00fcr den Genuss unterwegs macht. Produziert von Neoptolem, einem polnischen Hersteller, der daf\u00fcr bekannt ist, moderne Methoden mit traditioneller Qualit\u00e4t zu verbinden, stehen diese Beutel f\u00fcr hohe Standards und innovative Geschmackskombinationen.<\/span><\/p>\n<table>\n<tbody>\n<tr>\n<td><b>Attribut<\/b><\/td>\n<td><b>Einzelheiten<\/b><\/td>\n<\/tr>\n<tr>\n<td><b>Inhalt pro Dose<\/b><\/td>\n<td><span style=\"font-weight: 400;\">12g (20 Beutel)<\/span><\/td>\n<\/tr>\n<tr>\n<td><b>Nikotingehalt<\/b><\/td>\n<td><span style=\"font-weight: 400;\">20 mg\/g (12 mg pro Beutel)<\/span><\/td>\n<\/tr>\n<tr>\n<td><b>Format des Beutels<\/b><\/td>\n<td><span style=\"font-weight: 400;\">Schlank<\/span><\/td>\n<\/tr>\n<tr>\n<td><b>Produzent<\/b><\/td>\n<td><span style=\"font-weight: 400;\">Neoptolem<\/span><\/td>\n<\/tr>\n<tr>\n<td><b>Geschmack<\/b><\/td>\n<td><span style=\"font-weight: 400;\">Himbeere<\/span><\/td>\n<\/tr>\n<tr>\n<td><b>Typ<\/b><\/td>\n<td><span style=\"font-weight: 400;\">Ganz wei\u00dfe Tasche<\/span><\/td>\n<\/tr>\n<\/tbody>\n<\/table>\n<p>\u00a0<\/p>","protected":false},"excerpt":{"rendered":"<p>ICEBERG Himbeerkaugummi bietet einen s\u00fc\u00dfen, leicht s\u00e4uerlichen <strong data-start=\"52\" data-end=\"69\">Himbeerkaugummi<\/strong> Geschmack. <strong data-start=\"78\" data-end=\"86\">Schlank<\/strong> Die ganz wei\u00dfen Beutel sitzen diskret unter der Lippe, ohne zu f\u00e4rben. Jeder Beutel enth\u00e4lt <strong data-start=\"172\" data-end=\"190\">12 mg Nikotin<\/strong>, und liefert einen ausgewogenen, befriedigenden Kick. Tabakfrei. Produziert von Neoptolem in Polen.<\/p>","protected":false},"featured_media":9792,"comment_status":"open","ping_status":"closed","template":"","format":[206],"meta":{"_acf_changed":false},"product_brand":[],"product_cat":[50],"product_tag":[16561],"flavours":[196],"nicotine":[218,232],"class_list":{"0":"post-9791","1":"product","2":"type-product","3":"status-publish","4":"has-post-thumbnail","6":"product_cat-iceberg","7":"product_tag-12-mg-pouch","8":"pa_quantity-1-pack","9":"pa_quantity-10-pack","10":"pa_quantity-3-pack","11":"pa_quantity-30-pack","12":"pa_quantity-5-pack","13":"pa_quantity-60-pack","14":"flavours-fruits-berries","15":"format-slim","16":"nicotine-20-mg-g","17":"nicotine-extra-strong","19":"first","20":"instock","21":"taxable","22":"shipping-taxable","23":"purchasable","24":"product-type-variable","25":"has-default-attributes"},"acf":[],"_links":{"self":[{"href":"https:\/\/whitelip.com\/de\/wp-json\/wp\/v2\/product\/9791","targetHints":{"allow":["GET"]}}],"collection":[{"href":"https:\/\/whitelip.com\/de\/wp-json\/wp\/v2\/product"}],"about":[{"href":"https:\/\/whitelip.com\/de\/wp-json\/wp\/v2\/types\/product"}],"replies":[{"embeddable":true,"href":"https:\/\/whitelip.com\/de\/wp-json\/wp\/v2\/comments?post=9791"}],"wp:featuredmedia":[{"embeddable":true,"href":"https:\/\/whitelip.com\/de\/wp-json\/wp\/v2\/media\/9792"}],"wp:attachment":[{"href":"https:\/\/whitelip.com\/de\/wp-json\/wp\/v2\/media?parent=9791"}],"wp:term":[{"taxonomy":"product_brand","embeddable":true,"href":"https:\/\/whitelip.com\/de\/wp-json\/wp\/v2\/product_brand?post=9791"},{"taxonomy":"product_cat","embeddable":true,"href":"https:\/\/whitelip.com\/de\/wp-json\/wp\/v2\/product_cat?post=9791"},{"taxonomy":"product_tag","embeddable":true,"href":"https:\/\/whitelip.com\/de\/wp-json\/wp\/v2\/product_tag?post=9791"},{"taxonomy":"flavours","embeddable":true,"href":"https:\/\/whitelip.com\/de\/wp-json\/wp\/v2\/flavours?post=9791"},{"taxonomy":"format","embeddable":true,"href":"https:\/\/whitelip.com\/de\/wp-json\/wp\/v2\/format?post=9791"},{"taxonomy":"nicotine","embeddable":true,"href":"https:\/\/whitelip.com\/de\/wp-json\/wp\/v2\/nicotine?post=9791"}],"curies":[{"name":"wp","href":"https:\/\/api.w.org\/{rel}","templated":true}]}}