{"id":97386,"date":"2026-05-07T13:02:34","date_gmt":"2026-05-07T13:02:34","guid":{"rendered":"https:\/\/whitelip.com\/?post_type=product&#038;p=97386"},"modified":"2026-05-09T18:09:47","modified_gmt":"2026-05-09T18:09:47","slug":"zyn-blueberry-mint-slim","status":"publish","type":"product","link":"https:\/\/whitelip.com\/de\/zyn\/zyn-blueberry-mint-slim\/","title":{"rendered":"ZYN Blueberry Mint Slim"},"content":{"rendered":"<h1 data-section-id=\"zy1bme2\" data-start=\"1\" data-end=\"50\"><strong>ZYN Blueberry Mint<\/strong><\/h1>\n<p data-section-id=\"zy3bme4\" data-start=\"52\" data-end=\"350\">ZYN Blueberry Mint Slim ist ein tabakfreies Nikotinbeutel im schlanken Format mit fruchtigem und erfrischendem Geschmacksprofil aus Blaubeere, dunklen Beeren und Minze, hergestellt von Swedish Match. Mit einem s\u00fc\u00dfen und beerenreichen Fruchtcharakter kombiniert mit einer k\u00fchlen Minznote im diskreten schlanken Format bietet dieses Produkt ein unverwechselbares und belebendes Geschmackserlebnis. Mit einem Nikotingehalt von 16,2 mg\/g (11 mg pro Beutel) ist dies eine extra starke Option f\u00fcr erfahrene Benutzer, die einen starken Nikotinsto\u00df kombiniert mit einem fruchtigen und frischen Geschmacksprofil w\u00fcnschen.<\/p>\n<h2 data-section-id=\"zy5bme6\" data-start=\"352\" data-end=\"370\">Geschmack und St\u00e4rke<\/h2>\n<p data-section-id=\"zy7bme8\" data-start=\"372\" data-end=\"570\">ZYN Blueberry Mint Slim delivers a well-balanced and distinctive flavour where sweet blueberries and dark berries meet a fresh and cool mint note. The combination creates a fruity and refreshing taste profile that feels natural and enjoyable throughout use. At 16.2mg\/g (11mg per pouch), this is an extra strong nicotine pouch that provides a fast and noticeable release &#8211; a bold choice for experienced users who want both strength and a fruity, fresh flavour profile.<\/p>\n<h2 data-section-id=\"zy9bme0\" data-start=\"572\" data-end=\"590\">Format der Tasche<\/h2>\n<p data-section-id=\"zy2bme5\" data-start=\"592\" data-end=\"780\">ZYN Blueberry Mint Slim ist im schlanken Format erh\u00e4ltlich. Jede Dose enth\u00e4lt 20 Beutel, alle vollst\u00e4ndig tabak- und rauchfrei. Der schlanke Beutel sitzt diskret und bequem unter der Lippe und ist eine praktische und unauff\u00e4llige Wahl f\u00fcr die Verwendung jederzeit und \u00fcberall.<\/p>\n<h2 data-section-id=\"zy4bme7\" data-start=\"782\" data-end=\"796\">\u00dcber ZYN<\/h2>\n<p data-section-id=\"zy6bme9\" data-start=\"798\" data-end=\"1050\">ZYN is a tobacco-free nicotine pouch brand from Swedish Match, available on the Swedish market since 2016. The range offers white snus in a wide variety of flavours, formats and strengths. ZYN Blueberry Mint S4 is a prime example of the brand&#8217;s ability to combine fruity and refreshing flavour profiles with high nicotine strength in a modern slim format.<\/p>\n<table style=\"height: 235px;\" width=\"383\">\n<tbody>\n<tr>\n<td><b>Attribut<\/b><\/td>\n<td><b>Einzelheiten<\/b><\/td>\n<\/tr>\n<tr>\n<td><b>Marke<\/b><\/td>\n<td><em><strong>ZYN<\/strong><\/em><\/td>\n<\/tr>\n<tr>\n<td><b>Format der Tasche<\/b><\/td>\n<td><em><strong>Schlank<\/strong><\/em><\/td>\n<\/tr>\n<tr>\n<td><b>St\u00e4rke<\/b><\/td>\n<td><em><strong>Extra stark<\/strong><\/em><\/td>\n<\/tr>\n<tr>\n<td><b>Produzent<\/b><\/td>\n<td><em><strong>Schwedisches Streichholz<\/strong><\/em><\/td>\n<\/tr>\n<tr>\n<td><b>Geschmack<\/b><\/td>\n<td><span style=\"font-weight: 400;\">Blueberry, dark berries, mint<\/span><\/td>\n<\/tr>\n<tr>\n<td><b>Nikotingehalt<\/b><\/td>\n<td><b><span style=\"font-weight: 400;\">16.2mg\/g (11mg per pouch)<\/span><\/b><\/td>\n<\/tr>\n<tr>\n<td><b>Inhalt pro Dose<\/b><\/td>\n<td><span style=\"font-weight: 400;\">20 S\u00e4ckchen<\/span><\/td>\n<\/tr>\n<tr>\n<td><b>Kategorie<\/b><\/td>\n<td><em><strong>White Snus<\/strong><\/em><\/td>\n<\/tr>\n<tr>\n<td><b>Typ<\/b><\/td>\n<td><b><span style=\"font-weight: 400;\">Wei\u00dfe Beutel, tabakfrei<\/span><\/b><\/td>\n<\/tr>\n<\/tbody>\n<\/table>\n<p>&nbsp;<\/p>","protected":false},"excerpt":{"rendered":"<p>ZYN Blueberry Mint Slim ist ein tabakfreies Nikotinbeutel im schlanken Format mit fruchtigem Geschmack nach Blaubeere, dunklen Beeren und einer k\u00fchlen Minznote. Mit 16,2 mg\/g (11 mg pro Beutel) bietet es ein extra starkes Nikotinerlebnis f\u00fcr diejenigen, die sowohl St\u00e4rke als auch ein frisches, fruchtiges Geschmacksprofil w\u00fcnschen. 20 Beutel pro Dose, hergestellt von Swedish Match.<\/p>","protected":false},"featured_media":97393,"comment_status":"open","ping_status":"closed","template":"","format":[206],"meta":{"_acf_changed":false},"product_brand":[],"product_cat":[37],"product_tag":[16551],"flavours":[196,199],"nicotine":[213,232],"class_list":{"0":"post-97386","1":"product","2":"type-product","3":"status-publish","4":"has-post-thumbnail","6":"product_cat-zyn","7":"product_tag-11-mg-pouch","8":"pa_quantity-1-pack","9":"pa_quantity-10-pack","10":"pa_quantity-3-pack","11":"pa_quantity-30-pack","12":"pa_quantity-5-pack","13":"pa_quantity-60-pack","14":"flavours-fruits-berries","15":"flavours-mint","16":"format-slim","17":"nicotine-16-mg-g","18":"nicotine-extra-strong","20":"first","21":"instock","22":"taxable","23":"shipping-taxable","24":"purchasable","25":"product-type-variable"},"acf":[],"_links":{"self":[{"href":"https:\/\/whitelip.com\/de\/wp-json\/wp\/v2\/product\/97386","targetHints":{"allow":["GET"]}}],"collection":[{"href":"https:\/\/whitelip.com\/de\/wp-json\/wp\/v2\/product"}],"about":[{"href":"https:\/\/whitelip.com\/de\/wp-json\/wp\/v2\/types\/product"}],"replies":[{"embeddable":true,"href":"https:\/\/whitelip.com\/de\/wp-json\/wp\/v2\/comments?post=97386"}],"wp:featuredmedia":[{"embeddable":true,"href":"https:\/\/whitelip.com\/de\/wp-json\/wp\/v2\/media\/97393"}],"wp:attachment":[{"href":"https:\/\/whitelip.com\/de\/wp-json\/wp\/v2\/media?parent=97386"}],"wp:term":[{"taxonomy":"product_brand","embeddable":true,"href":"https:\/\/whitelip.com\/de\/wp-json\/wp\/v2\/product_brand?post=97386"},{"taxonomy":"product_cat","embeddable":true,"href":"https:\/\/whitelip.com\/de\/wp-json\/wp\/v2\/product_cat?post=97386"},{"taxonomy":"product_tag","embeddable":true,"href":"https:\/\/whitelip.com\/de\/wp-json\/wp\/v2\/product_tag?post=97386"},{"taxonomy":"flavours","embeddable":true,"href":"https:\/\/whitelip.com\/de\/wp-json\/wp\/v2\/flavours?post=97386"},{"taxonomy":"format","embeddable":true,"href":"https:\/\/whitelip.com\/de\/wp-json\/wp\/v2\/format?post=97386"},{"taxonomy":"nicotine","embeddable":true,"href":"https:\/\/whitelip.com\/de\/wp-json\/wp\/v2\/nicotine?post=97386"}],"curies":[{"name":"wp","href":"https:\/\/api.w.org\/{rel}","templated":true}]}}