{"id":97174,"date":"2026-05-06T08:05:11","date_gmt":"2026-05-06T08:05:11","guid":{"rendered":"https:\/\/whitelip.com\/?post_type=product&#038;p=97174"},"modified":"2026-05-07T10:11:56","modified_gmt":"2026-05-07T10:11:56","slug":"zyn-apple-mint-3mg-exp-05-15-2026","status":"publish","type":"product","link":"https:\/\/whitelip.com\/de\/zyn\/zyn-apple-mint-3mg-exp-05-15-2026\/","title":{"rendered":"ZYN Apple Mint 3mg Exp.05\/15\/2026"},"content":{"rendered":"<h2>ZYN Apple Mint 3mg Exp.05\/15\/2026<\/h2>\n<p><span style=\"font-weight: 400;\">ZYN Apfel Minze 3mg bietet eine erfrischende Mischung aus knackigem gr\u00fcnen Apfel und k\u00fchlem Minzgeschmack, die ein ausgewogenes und belebendes Nikotinerlebnis liefert. Jeder Mini-Beutel in Ganz-Wei\u00df-Qualit\u00e4t enth\u00e4lt 3 mg Nikotin und sorgt f\u00fcr eine moderate und gleichm\u00e4\u00dfige Freisetzung, geeignet f\u00fcr diejenigen, die eine leichtere Nikotinoption suchen.<\/span><\/p>\n<p><span style=\"font-weight: 400;\">Das Mini Dry Format sorgt f\u00fcr einen diskreten und angenehmen Sitz unter der Lippe und erm\u00f6glicht jederzeit eine saubere, fleckenfreie Anwendung. ZYN Apple Mint 3mg aus durchweg hochwertigen, pflanzlichen Materialien bietet eine moderne und genussvolle Nikotinalternative mit einem einzigartigen Geschmacksprofil.<\/span><\/p>\n<table>\n<tbody>\n<tr>\n<td><b>Attribut<\/b><\/td>\n<td><b>Einzelheiten<\/b><\/td>\n<\/tr>\n<tr>\n<td><span style=\"font-weight: 400;\">Marke<\/span><\/td>\n<td><span style=\"font-weight: 400;\">ZYN<\/span><\/td>\n<\/tr>\n<tr>\n<td><span style=\"font-weight: 400;\">Produkttyp<\/span><\/td>\n<td><span style=\"font-weight: 400;\">Alle wei\u00dfen Nikotinbeutel<\/span><\/td>\n<\/tr>\n<tr>\n<td><span style=\"font-weight: 400;\">Format<\/span><\/td>\n<td><span style=\"font-weight: 400;\">Mini Trocken<\/span><\/td>\n<\/tr>\n<tr>\n<td><span style=\"font-weight: 400;\">Geschmack<\/span><\/td>\n<td><span style=\"font-weight: 400;\">Gr\u00fcner Apfel und Minze<\/span><\/td>\n<\/tr>\n<tr>\n<td><span style=\"font-weight: 400;\">Nikotinst\u00e4rke<\/span><\/td>\n<td><span style=\"font-weight: 400;\">3 mg pro Beutel<\/span><\/td>\n<\/tr>\n<tr>\n<td><span style=\"font-weight: 400;\">Portion Gewicht<\/span><\/td>\n<td><span style=\"font-weight: 400;\">0,4 Gramm<\/span><\/td>\n<\/tr>\n<tr>\n<td><span style=\"font-weight: 400;\">Anzahl der Portionen<\/span><\/td>\n<td><span style=\"font-weight: 400;\">20 pro Dose<\/span><\/td>\n<\/tr>\n<tr>\n<td><span style=\"font-weight: 400;\">Gesamtgewicht der Dose<\/span><\/td>\n<td><span style=\"font-weight: 400;\">8 Gramm<\/span><\/td>\n<\/tr>\n<tr>\n<td><span style=\"font-weight: 400;\">Hersteller<\/span><\/td>\n<td><span style=\"font-weight: 400;\">Schwedisches Streichholz<\/span><\/td>\n<\/tr>\n<tr>\n<td><span style=\"font-weight: 400;\">Bemerkenswerte Merkmale<\/span><\/td>\n<td><span style=\"font-weight: 400;\">Tabakfrei, Mini-Format, erfrischender Apfel-Minze-Geschmack<\/span><\/td>\n<\/tr>\n<\/tbody>\n<\/table>\n<p>&nbsp;<\/p>","protected":false},"excerpt":{"rendered":"<p>ZYN Apple Mint 3mg Exp.05\/15\/2026<\/p>\n<p>ZYN <strong data-start=\"4\" data-end=\"18\">Apfelminze<\/strong> <strong data-start=\"19\" data-end=\"27\">Mini<\/strong> Die klare gr\u00fcne Apfelnote vermischt sich mit k\u00fchler Minze zu einem ausgewogenen, erfrischenden Geschmacksprofil. Jeder Beutel enth\u00e4lt <strong data-start=\"124\" data-end=\"141\">3 mg Nikotin<\/strong> f\u00fcr eine sanfte, gleichm\u00e4\u00dfige Freisetzung.<\/p>","protected":false},"featured_media":8034,"comment_status":"open","ping_status":"closed","template":"","format":[],"meta":{"_acf_changed":false},"product_brand":[],"product_cat":[37],"product_tag":[16579,17019],"flavours":[],"nicotine":[],"class_list":{"0":"post-97174","1":"product","2":"type-product","3":"status-publish","4":"has-post-thumbnail","6":"product_cat-zyn","7":"product_tag-3-mg-pouch","8":"product_tag-40-off","9":"pa_quantity-1-pack","10":"pa_quantity-10-pack","11":"pa_quantity-3-pack","12":"pa_quantity-30-pack","13":"pa_quantity-5-pack","14":"pa_quantity-60-pack","16":"first","17":"instock","18":"sale","19":"taxable","20":"shipping-taxable","21":"purchasable","22":"product-type-variable"},"acf":[],"_links":{"self":[{"href":"https:\/\/whitelip.com\/de\/wp-json\/wp\/v2\/product\/97174","targetHints":{"allow":["GET"]}}],"collection":[{"href":"https:\/\/whitelip.com\/de\/wp-json\/wp\/v2\/product"}],"about":[{"href":"https:\/\/whitelip.com\/de\/wp-json\/wp\/v2\/types\/product"}],"replies":[{"embeddable":true,"href":"https:\/\/whitelip.com\/de\/wp-json\/wp\/v2\/comments?post=97174"}],"wp:featuredmedia":[{"embeddable":true,"href":"https:\/\/whitelip.com\/de\/wp-json\/wp\/v2\/media\/8034"}],"wp:attachment":[{"href":"https:\/\/whitelip.com\/de\/wp-json\/wp\/v2\/media?parent=97174"}],"wp:term":[{"taxonomy":"product_brand","embeddable":true,"href":"https:\/\/whitelip.com\/de\/wp-json\/wp\/v2\/product_brand?post=97174"},{"taxonomy":"product_cat","embeddable":true,"href":"https:\/\/whitelip.com\/de\/wp-json\/wp\/v2\/product_cat?post=97174"},{"taxonomy":"product_tag","embeddable":true,"href":"https:\/\/whitelip.com\/de\/wp-json\/wp\/v2\/product_tag?post=97174"},{"taxonomy":"flavours","embeddable":true,"href":"https:\/\/whitelip.com\/de\/wp-json\/wp\/v2\/flavours?post=97174"},{"taxonomy":"format","embeddable":true,"href":"https:\/\/whitelip.com\/de\/wp-json\/wp\/v2\/format?post=97174"},{"taxonomy":"nicotine","embeddable":true,"href":"https:\/\/whitelip.com\/de\/wp-json\/wp\/v2\/nicotine?post=97174"}],"curies":[{"name":"wp","href":"https:\/\/api.w.org\/{rel}","templated":true}]}}