{"id":9686,"date":"2025-02-12T08:40:19","date_gmt":"2025-02-12T08:40:19","guid":{"rendered":"https:\/\/whitelip.com\/iceberg-sweet-mint-extreme\/"},"modified":"2026-05-11T10:11:33","modified_gmt":"2026-05-11T10:11:33","slug":"iceberg-sweet-mint-extreme","status":"publish","type":"product","link":"https:\/\/whitelip.com\/de\/iceberg\/iceberg-sweet-mint-extreme\/","title":{"rendered":"ICEBERG S\u00fc\u00dfe Minze Extrem"},"content":{"rendered":"<h2><strong>ICEBERG S\u00fc\u00dfe Minze Extrem<\/strong><\/h2>\n<p><span style=\"font-weight: 400;\">Die ICEBERG Sweet Mint Extreme Nikotinbeutel bieten einen starken Minzgeschmack und einen hohen Nikotingehalt und richten sich an erfahrene Konsumenten, die ein starkes Erlebnis suchen. Jeder Beutel im Slim-Format enth\u00e4lt 50 mg Nikotin pro Gramm, was ungef\u00e4hr 35 mg pro Beutel entspricht. Die Beutel sind so konzipiert, dass sie diskret verwendet werden k\u00f6nnen, ohne die Z\u00e4hne zu verf\u00e4rben, was sie ideal f\u00fcr den Genuss unterwegs macht. Produziert von Neoptolem, einem polnischen Hersteller, der daf\u00fcr bekannt ist, moderne Methoden mit traditioneller Qualit\u00e4t zu verbinden, stehen diese Beutel f\u00fcr hohe Standards und innovative Geschmackskombinationen.<\/span><\/p>\n<table>\n<tbody>\n<tr>\n<td><b>Attribut<\/b><\/td>\n<td><b>Einzelheiten<\/b><\/td>\n<\/tr>\n<tr>\n<td><b>Inhalt pro Dose<\/b><\/td>\n<td><span style=\"font-weight: 400;\">13g (20 Beutel)<\/span><\/td>\n<\/tr>\n<tr>\n<td><b>Nikotingehalt<\/b><\/td>\n<td><span style=\"font-weight: 400;\">50 mg\/g (35 mg pro Beutel)<\/span><\/td>\n<\/tr>\n<tr>\n<td><b>Format des Beutels<\/b><\/td>\n<td><span style=\"font-weight: 400;\">Schlank<\/span><\/td>\n<\/tr>\n<tr>\n<td><b>Produzent<\/b><\/td>\n<td><span style=\"font-weight: 400;\">Neoptolem<\/span><\/td>\n<\/tr>\n<tr>\n<td><b>Geschmack<\/b><\/td>\n<td><span style=\"font-weight: 400;\">Minze<\/span><\/td>\n<\/tr>\n<tr>\n<td><b>Typ<\/b><\/td>\n<td><span style=\"font-weight: 400;\">Ganz wei\u00dfe Tasche<\/span><\/td>\n<\/tr>\n<\/tbody>\n<\/table>\n<p>\u00a0<\/p>","protected":false},"excerpt":{"rendered":"<p>ICEBERG Sweet Mint bietet eine starke <strong data-start=\"35\" data-end=\"49\">s\u00fc\u00dfe Minze<\/strong> Geschmacksrichtung f\u00fcr erfahrene Benutzer. <strong data-start=\"80\" data-end=\"88\">Schlank<\/strong> Beutel sind diskret und f\u00e4rben nicht auf die Z\u00e4hne ab. Jeder Beutel enth\u00e4lt <strong data-start=\"153\" data-end=\"171\">35 mg Nikotin<\/strong>, und liefert einen soliden Hit. Produziert von Neoptolem in Polen.<\/p>","protected":false},"featured_media":9687,"comment_status":"open","ping_status":"closed","template":"","format":[206],"meta":{"_acf_changed":false},"product_brand":[],"product_cat":[50],"product_tag":[16603],"flavours":[199],"nicotine":[226,233],"class_list":{"0":"post-9686","1":"product","2":"type-product","3":"status-publish","4":"has-post-thumbnail","6":"product_cat-iceberg","7":"product_tag-35-mg-pouch","8":"pa_quantity-1-pack","9":"pa_quantity-10-pack","10":"pa_quantity-3-pack","11":"pa_quantity-30-pack","12":"pa_quantity-5-pack","13":"pa_quantity-60-pack","14":"flavours-mint","15":"format-slim","16":"nicotine-50-mg-g","17":"nicotine-extreme","19":"first","20":"instock","21":"taxable","22":"shipping-taxable","23":"purchasable","24":"product-type-variable","25":"has-default-attributes"},"acf":[],"_links":{"self":[{"href":"https:\/\/whitelip.com\/de\/wp-json\/wp\/v2\/product\/9686","targetHints":{"allow":["GET"]}}],"collection":[{"href":"https:\/\/whitelip.com\/de\/wp-json\/wp\/v2\/product"}],"about":[{"href":"https:\/\/whitelip.com\/de\/wp-json\/wp\/v2\/types\/product"}],"replies":[{"embeddable":true,"href":"https:\/\/whitelip.com\/de\/wp-json\/wp\/v2\/comments?post=9686"}],"wp:featuredmedia":[{"embeddable":true,"href":"https:\/\/whitelip.com\/de\/wp-json\/wp\/v2\/media\/9687"}],"wp:attachment":[{"href":"https:\/\/whitelip.com\/de\/wp-json\/wp\/v2\/media?parent=9686"}],"wp:term":[{"taxonomy":"product_brand","embeddable":true,"href":"https:\/\/whitelip.com\/de\/wp-json\/wp\/v2\/product_brand?post=9686"},{"taxonomy":"product_cat","embeddable":true,"href":"https:\/\/whitelip.com\/de\/wp-json\/wp\/v2\/product_cat?post=9686"},{"taxonomy":"product_tag","embeddable":true,"href":"https:\/\/whitelip.com\/de\/wp-json\/wp\/v2\/product_tag?post=9686"},{"taxonomy":"flavours","embeddable":true,"href":"https:\/\/whitelip.com\/de\/wp-json\/wp\/v2\/flavours?post=9686"},{"taxonomy":"format","embeddable":true,"href":"https:\/\/whitelip.com\/de\/wp-json\/wp\/v2\/format?post=9686"},{"taxonomy":"nicotine","embeddable":true,"href":"https:\/\/whitelip.com\/de\/wp-json\/wp\/v2\/nicotine?post=9686"}],"curies":[{"name":"wp","href":"https:\/\/api.w.org\/{rel}","templated":true}]}}