{"id":9638,"date":"2025-01-31T10:04:39","date_gmt":"2025-01-31T10:04:39","guid":{"rendered":"https:\/\/whitelip.com\/loop-smooth-mint-hyper-strong\/"},"modified":"2026-05-06T10:11:17","modified_gmt":"2026-05-06T10:11:17","slug":"loop-smooth-mint-hyper-strong","status":"publish","type":"product","link":"https:\/\/whitelip.com\/de\/loop\/loop-smooth-mint-hyper-strong\/","title":{"rendered":"LOOP Glatte Minze Hyper Strong"},"content":{"rendered":"<h2><strong>LOOP Glatte Minze Hyper Strong<\/strong><\/h2>\n<p>LOOP Smooth Mint Hyper Strong liefert eine extra hohe Menge an Nikotin zusammen mit einem frischen Minzgeschmack mit s\u00fc\u00dfen Elementen. Die Beutel kommen in einem schlanken Format mit einer Nikotinst\u00e4rke von 25 mg\/g.<\/p>\n<ul>\n<li>Geschmack: Minze<\/li>\n<li>Format: Schlank<\/li>\n<li>Nikotin: 25 mg\/g<\/li>\n<li>Beutel: 22 St\u00fcck<\/li>\n<li>Gewicht: 13,8 g<\/li>\n<li>Marke: <a href=\"https:\/\/whitelip.se\/en\/loop\" target=\"_blank\" rel=\"noopener\">LOOP<\/a><\/li>\n<li>Hersteller: <a href=\"https:\/\/anothersnusfactory.com\/about\/\" target=\"_blank\" rel=\"noopener\">LOOP<\/a><\/li>\n<\/ul>\n<p><em><strong>\u00dcber die Marke: LOOP<\/strong><\/em><\/p>\n<p>Entdecken Sie den Komfort und die Vielfalt der LOOP-Nikotinbeutel - ein Sortiment, das hohe Qualit\u00e4t mit einer Vielzahl von aufregenden Geschmacksrichtungen und Nikotinst\u00e4rken kombiniert. Mit seinem diskreten und komfortablen Design bietet LOOP eine stilvolle L\u00f6sung, um das Verlangen nach Nikotin zu stillen. Entdecken Sie unser breites Angebot an LOOP-Nikotinbeuteln und finden Sie Ihren Lieblingsgeschmack f\u00fcr ein angenehmes und diskretes Nikotinerlebnis zu jeder Zeit.<\/p>\n<p><em><strong>\u00dcber Whitelip.se:\u00a0<\/strong><\/em><\/p>\n<p><span data-contrast=\"auto\">Willkommen bei Whitelip.se, Ihrer ultimativen Anlaufstelle f\u00fcr hochwertige Nikotinbeutel. Entdecken Sie unser umfangreiches Angebot an Produkten, die auf Ihre Nikotinbed\u00fcrfnisse zugeschnitten sind, mit Lieferung in die Vereinigten Staaten und Europa, die Sie bequem mit kostenlosen Versandoptionen an der Kasse erhalten. Steigern Sie Ihre Zufriedenheit mit jedem Kauf, denn wir bieten Ihnen erstklassige Marken und eine nahtlose Lieferung bis an Ihre Haust\u00fcr. Erleben Sie die ultimative Bequemlichkeit und Premium-Qualit\u00e4t nur bei Whitelip.se. Kaufen Sie jetzt ein und g\u00f6nnen Sie sich das Vergn\u00fcgen von hochwertigen, wei\u00dfen Nikotinbeuteln.<\/span><\/p>","protected":false},"excerpt":{"rendered":"<p>Extra hoch <strong data-start=\"11\" data-end=\"26\">sanfte Minze<\/strong> mit frischen, s\u00fc\u00dfen Noten. <strong data-start=\"52\" data-end=\"60\">Schlank<\/strong>, Die tabakfreien Beutel passen diskret unter die Lippe und erm\u00f6glichen einen sauberen und bequemen Gebrauch. Nikotinst\u00e4rke <strong data-start=\"157\" data-end=\"168\">25 mg\/g<\/strong> f\u00fcr ein hyperstarkes Erlebnis.<\/p>","protected":false},"featured_media":9639,"comment_status":"open","ping_status":"closed","template":"","format":[206],"meta":{"_acf_changed":false},"product_brand":[],"product_cat":[32],"product_tag":[17005],"flavours":[199],"nicotine":[232,219],"class_list":{"0":"post-9638","1":"product","2":"type-product","3":"status-publish","4":"has-post-thumbnail","6":"product_cat-loop","7":"product_tag-15-6-mg-pouch","8":"pa_quantity-1-pack","9":"pa_quantity-10-pack","10":"pa_quantity-3-pack","11":"pa_quantity-30-pack","12":"pa_quantity-5-pack","13":"pa_quantity-60-pack","14":"flavours-mint","15":"format-slim","16":"nicotine-extra-strong","17":"nicotine-25-mg-g","19":"first","20":"instock","21":"taxable","22":"shipping-taxable","23":"purchasable","24":"product-type-variable","25":"has-default-attributes"},"acf":[],"_links":{"self":[{"href":"https:\/\/whitelip.com\/de\/wp-json\/wp\/v2\/product\/9638","targetHints":{"allow":["GET"]}}],"collection":[{"href":"https:\/\/whitelip.com\/de\/wp-json\/wp\/v2\/product"}],"about":[{"href":"https:\/\/whitelip.com\/de\/wp-json\/wp\/v2\/types\/product"}],"replies":[{"embeddable":true,"href":"https:\/\/whitelip.com\/de\/wp-json\/wp\/v2\/comments?post=9638"}],"wp:featuredmedia":[{"embeddable":true,"href":"https:\/\/whitelip.com\/de\/wp-json\/wp\/v2\/media\/9639"}],"wp:attachment":[{"href":"https:\/\/whitelip.com\/de\/wp-json\/wp\/v2\/media?parent=9638"}],"wp:term":[{"taxonomy":"product_brand","embeddable":true,"href":"https:\/\/whitelip.com\/de\/wp-json\/wp\/v2\/product_brand?post=9638"},{"taxonomy":"product_cat","embeddable":true,"href":"https:\/\/whitelip.com\/de\/wp-json\/wp\/v2\/product_cat?post=9638"},{"taxonomy":"product_tag","embeddable":true,"href":"https:\/\/whitelip.com\/de\/wp-json\/wp\/v2\/product_tag?post=9638"},{"taxonomy":"flavours","embeddable":true,"href":"https:\/\/whitelip.com\/de\/wp-json\/wp\/v2\/flavours?post=9638"},{"taxonomy":"format","embeddable":true,"href":"https:\/\/whitelip.com\/de\/wp-json\/wp\/v2\/format?post=9638"},{"taxonomy":"nicotine","embeddable":true,"href":"https:\/\/whitelip.com\/de\/wp-json\/wp\/v2\/nicotine?post=9638"}],"curies":[{"name":"wp","href":"https:\/\/api.w.org\/{rel}","templated":true}]}}