{"id":96353,"date":"2026-04-28T10:03:52","date_gmt":"2026-04-28T10:03:52","guid":{"rendered":"https:\/\/whitelip.com\/?post_type=product&#038;p=96353"},"modified":"2026-04-29T10:11:36","modified_gmt":"2026-04-29T10:11:36","slug":"xqs-the-spearmint-6mg","status":"publish","type":"product","link":"https:\/\/whitelip.com\/de\/xqs\/xqs-the-spearmint-6mg\/","title":{"rendered":"XQS The Spearmint 6mg"},"content":{"rendered":"<h1 data-section-id=\"xq1ts2e\" data-start=\"1\" data-end=\"50\"><strong>XQS The Spearmint 6mg<\/strong><\/h1>\n<p data-section-id=\"xq3ts4e\" data-start=\"52\" data-end=\"350\">XQS The Spearmint 6mg ist ein tabakfreier Nikotinbeutel im schlanken Format mit sanftem und erfrischendem Spearmintgeschmack, hergestellt von Insurgent Ventures II. Mit weichem und gr\u00fcnem Mintcharakter, der sanft aufbaut und in k\u00fchlen, gesammelten Abgang \u00fcbergeht, bietet dieses Produkt zug\u00e4nglicheres und entspannteres Minzerlebnis im Vergleich zu sch\u00e4rferen Alternativen. Mit einem Nikotingehalt von 8 mg\/g (6 mg pro Beutel) ist dies starke Option f\u00fcr den t\u00e4glichen Gebrauch f\u00fcr diejenigen, die sanftere und mildere Mintnote bevorzugen.<\/p>\n<h2 data-section-id=\"xq5ts6e\" data-start=\"352\" data-end=\"370\">Geschmack und St\u00e4rke<\/h2>\n<p data-section-id=\"xq7ts8e\" data-start=\"372\" data-end=\"570\">XQS The Spearmint 6mg delivers a minty, smooth and refreshing flavour with a softer and greener character than harsher mint styles. The spearmint profile builds neatly throughout use, offering a pleasant and consistent taste that feels natural and well-rounded from start to finish. At 8mg\/g (6mg per pouch), this is a strong nicotine pouch that provides a clear and satisfying release &#8211; comfortable for regular users and approachable for those stepping up from lighter alternatives.<\/p>\n<h2 data-section-id=\"xq9ts0e\" data-start=\"572\" data-end=\"590\">Format der Tasche<\/h2>\n<p data-section-id=\"xq2ts5e\" data-start=\"592\" data-end=\"780\">XQS The Spearmint 6mg kommt im schlanken Format mit Beuteln von jeweils 0,75 g. Jede Dose enth\u00e4lt 20 Beutel, alle v\u00f6llig tabak- und rauchfrei. Der schlanke Beutel sitzt diskret und bequem unter der Lippe und bietet gleichm\u00e4\u00dfige Freisetzung von Geschmack und Nikotin in praktischem und unauff\u00e4lligem Format f\u00fcr den t\u00e4glichen Gebrauch.<\/p>\n<h2 data-section-id=\"xq4ts7e\" data-start=\"782\" data-end=\"796\">\u00dcber XQS<\/h2>\n<p data-section-id=\"xq6ts9e\" data-start=\"798\" data-end=\"1050\">XQS was founded in 2006 in Sweden and was one of the first brands to offer tobacco-free nicotine pouches. The range covers nicotine pouches and nicotine-free alternatives across a wide variety of flavours and strengths. XQS The Spearmint 6mg is a prime example of the brand&#8217;s focus on clean, well-defined flavour profiles delivered at accessible nicotine levels for everyday use.<\/p>\n<table style=\"height: 235px;\" width=\"383\">\n<tbody>\n<tr>\n<td><b>Attribut<\/b><\/td>\n<td><b>Einzelheiten<\/b><\/td>\n<\/tr>\n<tr>\n<td><b>Marke<\/b><\/td>\n<td><em><strong>XQS<\/strong><\/em><\/td>\n<\/tr>\n<tr>\n<td><b>Format der Tasche<\/b><\/td>\n<td><em><strong>Schlank<\/strong><\/em><\/td>\n<\/tr>\n<tr>\n<td><b>St\u00e4rke<\/b><\/td>\n<td><em><strong>Stark<\/strong><\/em><\/td>\n<\/tr>\n<tr>\n<td><b>Produzent<\/b><\/td>\n<td><em><strong>Aufr\u00fchrerische Unternehmungen II<\/strong><\/em><\/td>\n<\/tr>\n<tr>\n<td><b>Geschmack<\/b><\/td>\n<td><span style=\"font-weight: 400;\">Gr\u00fcne Minze<\/span><\/td>\n<\/tr>\n<tr>\n<td><b>Nikotingehalt<\/b><\/td>\n<td><b><span style=\"font-weight: 400;\">8mg\/g (6mg per pouch)<\/span><\/b><\/td>\n<\/tr>\n<tr>\n<td><b>Inhalt pro Dose<\/b><\/td>\n<td><span style=\"font-weight: 400;\">20 S\u00e4ckchen<\/span><\/td>\n<\/tr>\n<tr>\n<td><b>Kategorie<\/b><\/td>\n<td><em><strong>White Snus<\/strong><\/em><\/td>\n<\/tr>\n<tr>\n<td><b>Typ<\/b><\/td>\n<td><b><span style=\"font-weight: 400;\">Wei\u00dfe Beutel, tabakfrei<\/span><\/b><\/td>\n<\/tr>\n<\/tbody>\n<\/table>\n<p>&nbsp;<\/p>","protected":false},"excerpt":{"rendered":"<p data-start=\"954\" data-end=\"1091\">XQS The Spearmint 6mg ist ein tabakfreier Nikotinbeutel im schlanken Format mit sanftem und erfrischendem Spearmintgeschmack und k\u00fchl, gesammeltem Abgang. Mit 8 mg\/g (6 mg pro Beutel) bietet er starkes und zug\u00e4ngliches Nikotinerlebnis f\u00fcr den t\u00e4glichen Gebrauch.<\/p>","protected":false},"featured_media":96360,"comment_status":"open","ping_status":"closed","template":"","format":[206],"meta":{"_acf_changed":false},"product_brand":[],"product_cat":[27],"product_tag":[16559,16421],"flavours":[199],"nicotine":[230,236],"class_list":{"0":"post-96353","1":"product","2":"type-product","3":"status-publish","4":"has-post-thumbnail","6":"product_cat-xqs","7":"product_tag-6-mg-pouch","8":"product_tag-new","9":"pa_quantity-1-pack","10":"pa_quantity-10-pack","11":"pa_quantity-3-pack","12":"pa_quantity-30-pack","13":"pa_quantity-5-pack","14":"pa_quantity-60-pack","15":"flavours-mint","16":"format-slim","17":"nicotine-8-mg-g","18":"nicotine-strong","20":"first","21":"instock","22":"taxable","23":"shipping-taxable","24":"purchasable","25":"product-type-variable"},"acf":[],"_links":{"self":[{"href":"https:\/\/whitelip.com\/de\/wp-json\/wp\/v2\/product\/96353","targetHints":{"allow":["GET"]}}],"collection":[{"href":"https:\/\/whitelip.com\/de\/wp-json\/wp\/v2\/product"}],"about":[{"href":"https:\/\/whitelip.com\/de\/wp-json\/wp\/v2\/types\/product"}],"replies":[{"embeddable":true,"href":"https:\/\/whitelip.com\/de\/wp-json\/wp\/v2\/comments?post=96353"}],"wp:featuredmedia":[{"embeddable":true,"href":"https:\/\/whitelip.com\/de\/wp-json\/wp\/v2\/media\/96360"}],"wp:attachment":[{"href":"https:\/\/whitelip.com\/de\/wp-json\/wp\/v2\/media?parent=96353"}],"wp:term":[{"taxonomy":"product_brand","embeddable":true,"href":"https:\/\/whitelip.com\/de\/wp-json\/wp\/v2\/product_brand?post=96353"},{"taxonomy":"product_cat","embeddable":true,"href":"https:\/\/whitelip.com\/de\/wp-json\/wp\/v2\/product_cat?post=96353"},{"taxonomy":"product_tag","embeddable":true,"href":"https:\/\/whitelip.com\/de\/wp-json\/wp\/v2\/product_tag?post=96353"},{"taxonomy":"flavours","embeddable":true,"href":"https:\/\/whitelip.com\/de\/wp-json\/wp\/v2\/flavours?post=96353"},{"taxonomy":"format","embeddable":true,"href":"https:\/\/whitelip.com\/de\/wp-json\/wp\/v2\/format?post=96353"},{"taxonomy":"nicotine","embeddable":true,"href":"https:\/\/whitelip.com\/de\/wp-json\/wp\/v2\/nicotine?post=96353"}],"curies":[{"name":"wp","href":"https:\/\/api.w.org\/{rel}","templated":true}]}}