{"id":96345,"date":"2026-04-28T09:56:32","date_gmt":"2026-04-28T09:56:32","guid":{"rendered":"https:\/\/whitelip.com\/?post_type=product&#038;p=96345"},"modified":"2026-04-29T10:11:36","modified_gmt":"2026-04-29T10:11:36","slug":"xqs-the-menthol-17mg","status":"publish","type":"product","link":"https:\/\/whitelip.com\/de\/xqs\/xqs-the-menthol-17mg\/","title":{"rendered":"XQS The Menthol 17mg"},"content":{"rendered":"<h1 data-section-id=\"xq1tm17e\" data-start=\"1\" data-end=\"50\"><strong>XQS The Menthol 17mg<\/strong><\/h1>\n<p data-section-id=\"xq3tm17e4\" data-start=\"52\" data-end=\"350\">XQS The Menthol 17mg ist ein tabakfreier Nikotinbeutel im schlanken Format mit extremem eisigem und intensivem Mentholgeschmack, hergestellt von Insurgent Ventures II. Mit scharfem und belebendem Frischen, das kalt und durchdringend bleibt, bevor es in einen anhalten eisigen Abgang \u00fcbergeht, stellt dieses Produkt die st\u00e4rkste Option in der XQS Mentholreihe dar. Mit einem Nikotingehalt von 21,25 mg\/g (17 mg pro Beutel) ist dies eine ultra starke Option ausschlie\u00dflich f\u00fcr sehr erfahrene Nutzer, die maximale St\u00e4rke mit sauberer und intensiver Mentholnote kombinieren.<\/p>\n<h2 data-section-id=\"xq5tm17e6\" data-start=\"352\" data-end=\"370\">Geschmack und St\u00e4rke<\/h2>\n<p data-section-id=\"xq7tm17e8\" data-start=\"372\" data-end=\"570\">XQS The Menthol 17mg delivers a pure and intensely icy menthol flavour that hits sharp and cold from the very first moment, maintaining its bracing chill before easing into a long-lasting and refreshing finish. The menthol profile is precise and uncompromising &#8211; clean, powerful and consistent throughout use without feeling artificial. At 21.25mg\/g (17mg per pouch), this is an ultra strong nicotine pouch delivering an immediate and pronounced nicotine hit &#8211; strictly for seasoned users who know their tolerance well.<\/p>\n<h2 data-section-id=\"xq9tm17e0\" data-start=\"572\" data-end=\"590\">Format der Tasche<\/h2>\n<p data-section-id=\"xq2tm17e5\" data-start=\"592\" data-end=\"780\">XQS The Menthol 17mg kommt im schlanken Format mit Beuteln von jeweils 0,8 g. Jede Dose enth\u00e4lt 20 Beutel, alle v\u00f6llig tabak- und rauchfrei. Der schlanke Beutel sitzt diskret und bequem unter der Lippe und bietet gleichm\u00e4\u00dfige Freisetzung von Geschmack und Nikotin in praktischem und unauff\u00e4lligem Format.<\/p>\n<h2 data-section-id=\"xq4tm17e7\" data-start=\"782\" data-end=\"796\">\u00dcber XQS<\/h2>\n<p data-section-id=\"xq6tm17e9\" data-start=\"798\" data-end=\"1050\">XQS was founded in 2006 in Sweden and was one of the first brands to offer tobacco-free nicotine pouches. The range covers nicotine pouches and nicotine-free alternatives across a wide variety of flavours and strengths. XQS The Menthol 17mg is the ultimate expression of the brand&#8217;s ability to combine extreme nicotine strength with a clean and uncompromising flavour profile.<\/p>\n<table style=\"height: 235px;\" width=\"383\">\n<tbody>\n<tr>\n<td><b>Attribut<\/b><\/td>\n<td><b>Einzelheiten<\/b><\/td>\n<\/tr>\n<tr>\n<td><b>Marke<\/b><\/td>\n<td><em><strong>XQS<\/strong><\/em><\/td>\n<\/tr>\n<tr>\n<td><b>Format der Tasche<\/b><\/td>\n<td><em><strong>Schlank<\/strong><\/em><\/td>\n<\/tr>\n<tr>\n<td><b>St\u00e4rke<\/b><\/td>\n<td><em><strong>Ultrastark<\/strong><\/em><\/td>\n<\/tr>\n<tr>\n<td><b>Produzent<\/b><\/td>\n<td><em><strong>Aufr\u00fchrerische Unternehmungen II<\/strong><\/em><\/td>\n<\/tr>\n<tr>\n<td><b>Geschmack<\/b><\/td>\n<td><span style=\"font-weight: 400;\">Menthol<\/span><\/td>\n<\/tr>\n<tr>\n<td><b>Nikotingehalt<\/b><\/td>\n<td><b><span style=\"font-weight: 400;\">21.25mg\/g (17mg per pouch)<\/span><\/b><\/td>\n<\/tr>\n<tr>\n<td><b>Inhalt pro Dose<\/b><\/td>\n<td><span style=\"font-weight: 400;\">20 S\u00e4ckchen<\/span><\/td>\n<\/tr>\n<tr>\n<td><b>Kategorie<\/b><\/td>\n<td><em><strong>White Snus<\/strong><\/em><\/td>\n<\/tr>\n<tr>\n<td><b>Typ<\/b><\/td>\n<td><b><span style=\"font-weight: 400;\">Wei\u00dfe Beutel, tabakfrei<\/span><\/b><\/td>\n<\/tr>\n<\/tbody>\n<\/table>\n<p>&nbsp;<\/p>","protected":false},"excerpt":{"rendered":"<p data-start=\"954\" data-end=\"1091\">XQS The Menthol 17mg ist ein tabakfreier Nikotinbeutel im schlanken Format mit scharfem und intensiv eisigem Mentholgeschmack und kraftvollem anhaltenden k\u00fchlenden Abgang. Mit 21,25 mg\/g (17 mg pro Beutel) bietet er ein ultra starkes Nikotinerlebnis nur f\u00fcr sehr erfahrene Nutzer.<\/p>","protected":false},"featured_media":96352,"comment_status":"open","ping_status":"closed","template":"","format":[206],"meta":{"_acf_changed":false},"product_brand":[],"product_cat":[27],"product_tag":[16996,16421],"flavours":[199],"nicotine":[218,232],"class_list":{"0":"post-96345","1":"product","2":"type-product","3":"status-publish","4":"has-post-thumbnail","6":"product_cat-xqs","7":"product_tag-17-mg-pouch","8":"product_tag-new","9":"pa_quantity-1-pack","10":"pa_quantity-10-pack","11":"pa_quantity-3-pack","12":"pa_quantity-30-pack","13":"pa_quantity-5-pack","14":"pa_quantity-60-pack","15":"flavours-mint","16":"format-slim","17":"nicotine-20-mg-g","18":"nicotine-extra-strong","20":"first","21":"instock","22":"taxable","23":"shipping-taxable","24":"purchasable","25":"product-type-variable"},"acf":[],"_links":{"self":[{"href":"https:\/\/whitelip.com\/de\/wp-json\/wp\/v2\/product\/96345","targetHints":{"allow":["GET"]}}],"collection":[{"href":"https:\/\/whitelip.com\/de\/wp-json\/wp\/v2\/product"}],"about":[{"href":"https:\/\/whitelip.com\/de\/wp-json\/wp\/v2\/types\/product"}],"replies":[{"embeddable":true,"href":"https:\/\/whitelip.com\/de\/wp-json\/wp\/v2\/comments?post=96345"}],"wp:featuredmedia":[{"embeddable":true,"href":"https:\/\/whitelip.com\/de\/wp-json\/wp\/v2\/media\/96352"}],"wp:attachment":[{"href":"https:\/\/whitelip.com\/de\/wp-json\/wp\/v2\/media?parent=96345"}],"wp:term":[{"taxonomy":"product_brand","embeddable":true,"href":"https:\/\/whitelip.com\/de\/wp-json\/wp\/v2\/product_brand?post=96345"},{"taxonomy":"product_cat","embeddable":true,"href":"https:\/\/whitelip.com\/de\/wp-json\/wp\/v2\/product_cat?post=96345"},{"taxonomy":"product_tag","embeddable":true,"href":"https:\/\/whitelip.com\/de\/wp-json\/wp\/v2\/product_tag?post=96345"},{"taxonomy":"flavours","embeddable":true,"href":"https:\/\/whitelip.com\/de\/wp-json\/wp\/v2\/flavours?post=96345"},{"taxonomy":"format","embeddable":true,"href":"https:\/\/whitelip.com\/de\/wp-json\/wp\/v2\/format?post=96345"},{"taxonomy":"nicotine","embeddable":true,"href":"https:\/\/whitelip.com\/de\/wp-json\/wp\/v2\/nicotine?post=96345"}],"curies":[{"name":"wp","href":"https:\/\/api.w.org\/{rel}","templated":true}]}}