{"id":96337,"date":"2026-04-28T09:53:19","date_gmt":"2026-04-28T09:53:19","guid":{"rendered":"https:\/\/whitelip.com\/?post_type=product&#038;p=96337"},"modified":"2026-04-29T10:11:36","modified_gmt":"2026-04-29T10:11:36","slug":"xqs-the-menthol-11mg","status":"publish","type":"product","link":"https:\/\/whitelip.com\/de\/xqs\/xqs-the-menthol-11mg\/","title":{"rendered":"XQS The Menthol 11mg"},"content":{"rendered":"<h1 data-section-id=\"xq1tme2\" data-start=\"1\" data-end=\"50\"><strong>XQS The Menthol 11mg<\/strong><\/h1>\n<p data-section-id=\"xq3tme4\" data-start=\"52\" data-end=\"350\">XQS The Menthol 11mg ist ein tabakfreier Nikotinbeutel im schlanken Format mit eisigem und intensivem Mentholgeschmack, hergestellt von Insurgent Ventures II. Mit scharfem und belebendem Frischen, das w\u00e4hrend der gesamten Anwendung kalt bleibt, bevor es in einen anhalten eisigen Abgang \u00fcbergeht, bietet dieses Produkt eines der intensivsten K\u00fchlungserlebnisse in der XQS Reihe. Mit einem Nikotingehalt von 14,67 mg\/g (11 mg pro Beutel) ist dies eine extra starke Option f\u00fcr erfahrene Nutzer, die einen kraftvollen Nikotinsto\u00df mit sauberer und intensiver Mentholnote m\u00f6gen.<\/p>\n<h2 data-section-id=\"xq5tme6\" data-start=\"352\" data-end=\"370\">Geschmack und St\u00e4rke<\/h2>\n<p data-section-id=\"xq7tme8\" data-start=\"372\" data-end=\"570\">XQS The Menthol 11mg bietet sauberen und intensiven Mentholgeschmack, der sich scharfund eisig anf\u00fchlt und schrittweise in einen anhaltenden und erfrischenden Abgang \u00fcbergeht. Das Mentholprofil ist rein und klar definiert ohne k\u00fcnstliches Gef\u00fchl und bietet durchgehend angenehme K\u00fchlungsempfindung. Mit 14,67 mg\/g (11 mg pro Beutel) ist dies ein extra starker Nikotinbeutel mit klarer und sp\u00fcrbarer Freisetzung f\u00fcr erfahrene Nutzer, die St\u00e4rke und intensives K\u00fchlungserlebnis m\u00f6gen.<\/p>\n<h2 data-section-id=\"xq9tme0\" data-start=\"572\" data-end=\"590\">Format der Tasche<\/h2>\n<p data-section-id=\"xq2tme5\" data-start=\"592\" data-end=\"780\">XQS The Menthol 11mg kommt im schlanken Format mit Beuteln von jeweils 0,75 g. Jede Dose enth\u00e4lt 20 Beutel, alle v\u00f6llig tabak- und rauchfrei. Der schlanke Beutel sitzt diskret und bequem unter der Lippe und bietet gleichm\u00e4\u00dfige Freisetzung von Geschmack und Nikotin in praktischem und unauff\u00e4lligem Format f\u00fcr den t\u00e4glichen Gebrauch.<\/p>\n<h2 data-section-id=\"xq4tme7\" data-start=\"782\" data-end=\"796\">\u00dcber XQS<\/h2>\n<p data-section-id=\"xq6tme9\" data-start=\"798\" data-end=\"1050\">XQS was founded in 2006 in Sweden and was one of the first brands to offer tobacco-free nicotine pouches. The range covers nicotine pouches and nicotine-free alternatives across a wide variety of flavours and strengths. XQS The Menthol 11mg is a prime example of the brand&#8217;s ability to combine high nicotine strength with a clean and precisely defined flavour profile.<\/p>\n<table style=\"height: 235px;\" width=\"383\">\n<tbody>\n<tr>\n<td><b>Attribut<\/b><\/td>\n<td><b>Einzelheiten<\/b><\/td>\n<\/tr>\n<tr>\n<td><b>Marke<\/b><\/td>\n<td><em><strong>XQS<\/strong><\/em><\/td>\n<\/tr>\n<tr>\n<td><b>Format der Tasche<\/b><\/td>\n<td><em><strong>Schlank<\/strong><\/em><\/td>\n<\/tr>\n<tr>\n<td><b>St\u00e4rke<\/b><\/td>\n<td><em><strong>Extra stark<\/strong><\/em><\/td>\n<\/tr>\n<tr>\n<td><b>Produzent<\/b><\/td>\n<td><em><strong>Aufr\u00fchrerische Unternehmungen II<\/strong><\/em><\/td>\n<\/tr>\n<tr>\n<td><b>Geschmack<\/b><\/td>\n<td><span style=\"font-weight: 400;\">Menthol<\/span><\/td>\n<\/tr>\n<tr>\n<td><b>Nikotingehalt<\/b><\/td>\n<td><b><span style=\"font-weight: 400;\">14.67mg\/g (11mg per pouch)<\/span><\/b><\/td>\n<\/tr>\n<tr>\n<td><b>Inhalt pro Dose<\/b><\/td>\n<td><span style=\"font-weight: 400;\">20 S\u00e4ckchen<\/span><\/td>\n<\/tr>\n<tr>\n<td><b>Kategorie<\/b><\/td>\n<td><em><strong>White Snus<\/strong><\/em><\/td>\n<\/tr>\n<tr>\n<td><b>Typ<\/b><\/td>\n<td><b><span style=\"font-weight: 400;\">Wei\u00dfe Beutel, tabakfrei<\/span><\/b><\/td>\n<\/tr>\n<\/tbody>\n<\/table>\n<p>&nbsp;<\/p>","protected":false},"excerpt":{"rendered":"<p data-start=\"954\" data-end=\"1091\">XQS The Menthol 11mg ist ein tabakfreier Nikotinbeutel im schlanken Format mit scharfem und eisigem Mentholgeschmack und anhaltendem k\u00fchlenden Abgang. Mit 14,67 mg\/g (11 mg pro Beutel) bietet er ein extra starkes Nikotinerlebnis f\u00fcr erfahrene Nutzer.<\/p>","protected":false},"featured_media":96344,"comment_status":"open","ping_status":"closed","template":"","format":[206],"meta":{"_acf_changed":false},"product_brand":[],"product_cat":[27],"product_tag":[16551,16421],"flavours":[199],"nicotine":[211,232],"class_list":{"0":"post-96337","1":"product","2":"type-product","3":"status-publish","4":"has-post-thumbnail","6":"product_cat-xqs","7":"product_tag-11-mg-pouch","8":"product_tag-new","9":"pa_quantity-1-pack","10":"pa_quantity-10-pack","11":"pa_quantity-3-pack","12":"pa_quantity-30-pack","13":"pa_quantity-5-pack","14":"pa_quantity-60-pack","15":"flavours-mint","16":"format-slim","17":"nicotine-14-mg-g","18":"nicotine-extra-strong","20":"first","21":"instock","22":"taxable","23":"shipping-taxable","24":"purchasable","25":"product-type-variable"},"acf":[],"_links":{"self":[{"href":"https:\/\/whitelip.com\/de\/wp-json\/wp\/v2\/product\/96337","targetHints":{"allow":["GET"]}}],"collection":[{"href":"https:\/\/whitelip.com\/de\/wp-json\/wp\/v2\/product"}],"about":[{"href":"https:\/\/whitelip.com\/de\/wp-json\/wp\/v2\/types\/product"}],"replies":[{"embeddable":true,"href":"https:\/\/whitelip.com\/de\/wp-json\/wp\/v2\/comments?post=96337"}],"wp:featuredmedia":[{"embeddable":true,"href":"https:\/\/whitelip.com\/de\/wp-json\/wp\/v2\/media\/96344"}],"wp:attachment":[{"href":"https:\/\/whitelip.com\/de\/wp-json\/wp\/v2\/media?parent=96337"}],"wp:term":[{"taxonomy":"product_brand","embeddable":true,"href":"https:\/\/whitelip.com\/de\/wp-json\/wp\/v2\/product_brand?post=96337"},{"taxonomy":"product_cat","embeddable":true,"href":"https:\/\/whitelip.com\/de\/wp-json\/wp\/v2\/product_cat?post=96337"},{"taxonomy":"product_tag","embeddable":true,"href":"https:\/\/whitelip.com\/de\/wp-json\/wp\/v2\/product_tag?post=96337"},{"taxonomy":"flavours","embeddable":true,"href":"https:\/\/whitelip.com\/de\/wp-json\/wp\/v2\/flavours?post=96337"},{"taxonomy":"format","embeddable":true,"href":"https:\/\/whitelip.com\/de\/wp-json\/wp\/v2\/format?post=96337"},{"taxonomy":"nicotine","embeddable":true,"href":"https:\/\/whitelip.com\/de\/wp-json\/wp\/v2\/nicotine?post=96337"}],"curies":[{"name":"wp","href":"https:\/\/api.w.org\/{rel}","templated":true}]}}