{"id":9633,"date":"2025-01-31T10:02:02","date_gmt":"2025-01-31T10:02:02","guid":{"rendered":"https:\/\/whitelip.com\/loop-ice-cool-mint-hyper-strong\/"},"modified":"2026-05-02T10:11:21","modified_gmt":"2026-05-02T10:11:21","slug":"loop-ice-cool-mint-hyper-strong","status":"publish","type":"product","link":"https:\/\/whitelip.com\/de\/loop\/loop-ice-cool-mint-hyper-strong\/","title":{"rendered":"LOOP Ice Cool Mint Hyper Strong"},"content":{"rendered":"<h2><strong>LOOP Ice Cool Mint Hyper Strong<\/strong><\/h2>\n<p><span style=\"font-weight: 400;\">LOOP Ice Cool Mint Hyper Strong liefert einen knackigen und belebenden Ausbruch von eisigem Minzgeschmack und bietet ein erfrischendes und belebendes Nikotinerlebnis. Diese schlanken Nikotinbeutel sind f\u00fcr Benutzer konzipiert, die eine ausgewogene Nikotinst\u00e4rke mit einem sauberen und k\u00fchlenden Geschmack suchen. Das diskrete Format sorgt f\u00fcr einen bequemen Sitz unter der Lippe und ist somit perfekt f\u00fcr den Genuss unterwegs. LOOP Ice Cool Mint Hyper Strong bietet ein erfrischendes Gef\u00fchl, das Minzliebhaber sch\u00e4tzen werden.<\/span><\/p>\n<table>\n<tbody>\n<tr>\n<td><b>Attribut<\/b><\/td>\n<td><b>Einzelheiten<\/b><\/td>\n<\/tr>\n<tr>\n<td><span style=\"font-weight: 400;\">Inhalt pro Dose<\/span><\/td>\n<td><span style=\"font-weight: 400;\">12g (20 Beutel)<\/span><\/td>\n<\/tr>\n<tr>\n<td><span style=\"font-weight: 400;\">Nikotingehalt<\/span><\/td>\n<td><span style=\"font-weight: 400;\">25 mg\/g<\/span><\/td>\n<\/tr>\n<tr>\n<td><span style=\"font-weight: 400;\">Format der Tasche<\/span><\/td>\n<td><span style=\"font-weight: 400;\">Schlank<\/span><\/td>\n<\/tr>\n<tr>\n<td><span style=\"font-weight: 400;\">Produzent<\/span><\/td>\n<td><span style=\"font-weight: 400;\">LOOP<\/span><\/td>\n<\/tr>\n<tr>\n<td><span style=\"font-weight: 400;\">Geschmack<\/span><\/td>\n<td><span style=\"font-weight: 400;\">Eisgek\u00fchlte Minze<\/span><\/td>\n<\/tr>\n<tr>\n<td><span style=\"font-weight: 400;\">Typ<\/span><\/td>\n<td><span style=\"font-weight: 400;\">Wei\u00dfe Beutel, tabakfrei<\/span><\/td>\n<\/tr>\n<\/tbody>\n<\/table>","protected":false},"excerpt":{"rendered":"<p>Knackig, belebend <strong data-start=\"20\" data-end=\"37\">eiskalte Minze<\/strong> mit einer sauberen, erfrischenden K\u00fchle. <strong data-start=\"70\" data-end=\"78\">Schlank<\/strong>, Die tabakfreien Beutel passen diskret unter die Lippe und lassen sich bequem unterwegs verwenden. Bietet einen <strong data-start=\"173\" data-end=\"203\">ausgewogene Nikotinst\u00e4rke<\/strong> mit einem belebenden Minzgeschmack.<\/p>","protected":false},"featured_media":9634,"comment_status":"open","ping_status":"closed","template":"","format":[206],"meta":{"_acf_changed":false},"product_brand":[],"product_cat":[32],"product_tag":[17005],"flavours":[199],"nicotine":[232,219],"class_list":{"0":"post-9633","1":"product","2":"type-product","3":"status-publish","4":"has-post-thumbnail","6":"product_cat-loop","7":"product_tag-15-6-mg-pouch","8":"pa_quantity-1-pack","9":"pa_quantity-10-pack","10":"pa_quantity-3-pack","11":"pa_quantity-30-pack","12":"pa_quantity-5-pack","13":"pa_quantity-60-pack","14":"flavours-mint","15":"format-slim","16":"nicotine-extra-strong","17":"nicotine-25-mg-g","19":"first","20":"instock","21":"taxable","22":"shipping-taxable","23":"purchasable","24":"product-type-variable","25":"has-default-attributes"},"acf":[],"_links":{"self":[{"href":"https:\/\/whitelip.com\/de\/wp-json\/wp\/v2\/product\/9633","targetHints":{"allow":["GET"]}}],"collection":[{"href":"https:\/\/whitelip.com\/de\/wp-json\/wp\/v2\/product"}],"about":[{"href":"https:\/\/whitelip.com\/de\/wp-json\/wp\/v2\/types\/product"}],"replies":[{"embeddable":true,"href":"https:\/\/whitelip.com\/de\/wp-json\/wp\/v2\/comments?post=9633"}],"wp:featuredmedia":[{"embeddable":true,"href":"https:\/\/whitelip.com\/de\/wp-json\/wp\/v2\/media\/9634"}],"wp:attachment":[{"href":"https:\/\/whitelip.com\/de\/wp-json\/wp\/v2\/media?parent=9633"}],"wp:term":[{"taxonomy":"product_brand","embeddable":true,"href":"https:\/\/whitelip.com\/de\/wp-json\/wp\/v2\/product_brand?post=9633"},{"taxonomy":"product_cat","embeddable":true,"href":"https:\/\/whitelip.com\/de\/wp-json\/wp\/v2\/product_cat?post=9633"},{"taxonomy":"product_tag","embeddable":true,"href":"https:\/\/whitelip.com\/de\/wp-json\/wp\/v2\/product_tag?post=9633"},{"taxonomy":"flavours","embeddable":true,"href":"https:\/\/whitelip.com\/de\/wp-json\/wp\/v2\/flavours?post=9633"},{"taxonomy":"format","embeddable":true,"href":"https:\/\/whitelip.com\/de\/wp-json\/wp\/v2\/format?post=9633"},{"taxonomy":"nicotine","embeddable":true,"href":"https:\/\/whitelip.com\/de\/wp-json\/wp\/v2\/nicotine?post=9633"}],"curies":[{"name":"wp","href":"https:\/\/api.w.org\/{rel}","templated":true}]}}