{"id":96321,"date":"2026-04-28T09:46:52","date_gmt":"2026-04-28T09:46:52","guid":{"rendered":"https:\/\/whitelip.com\/?post_type=product&#038;p=96321"},"modified":"2026-04-29T10:11:36","modified_gmt":"2026-04-29T10:11:36","slug":"xqs-the-peppermint-10mg","status":"publish","type":"product","link":"https:\/\/whitelip.com\/de\/xqs\/xqs-the-peppermint-10mg\/","title":{"rendered":"XQS The Peppermint 10mg"},"content":{"rendered":"<h1 data-section-id=\"xq1ppe2\" data-start=\"1\" data-end=\"50\"><strong>XQS The Peppermint 10mg<\/strong><\/h1>\n<p data-section-id=\"xq3ppe4\" data-start=\"52\" data-end=\"350\">XQS The Peppermint 10mg ist ein tabakfreier Nikotinbeutel im schlanken Format mit einem sauberen und belebenden Pfefferminzgeschmack, hergestellt von Insurgent Ventures II. Mit einem direkten und hellen Minzcharakter, der sich sanft entwickelt, bietet dieses Produkt ein knackiges und erfrischendes Erlebnis von Anfang bis Ende. Mit einem Nikotingehalt von 13,3 mg\/g (10 mg pro Beutel) ist dies eine extra starke Option f\u00fcr erfahrene Nutzer, die einen kraftvollen Nikotinsto\u00df mit klassischem und belebungsreichem Pfefferminzgeschmack m\u00f6gen.<\/p>\n<h2 data-section-id=\"xq5ppe6\" data-start=\"352\" data-end=\"370\">Geschmack und St\u00e4rke<\/h2>\n<p data-section-id=\"xq7ppe8\" data-start=\"372\" data-end=\"570\">XQS The Peppermint 10mg delivers a clean and vivid peppermint flavour with a sharp and bright character that feels direct and energising from the first moment. Unlike softer mint profiles, peppermint brings a brisker and more pronounced edge &#8211; crisp, clear and unmistakably fresh throughout use. At 13.3mg\/g (10mg per pouch), this is an extra strong nicotine pouch that provides a fast and noticeable release for seasoned users who know what they want.<\/p>\n<h2 data-section-id=\"xq9ppe0\" data-start=\"572\" data-end=\"590\">Format der Tasche<\/h2>\n<p data-section-id=\"xq2ppe5\" data-start=\"592\" data-end=\"780\">XQS The Peppermint 10mg kommt im schlanken Format mit Beuteln von jeweils 0,75 g. Jede Dose enth\u00e4lt 20 Beutel, alle v\u00f6llig tabak- und rauchfrei. Der schlanke Beutel sitzt diskret und bequem unter der Lippe und bietet gleichm\u00e4\u00dfige Freisetzung von Geschmack und Nikotin in praktischem und unauff\u00e4lligem Format.<\/p>\n<h2 data-section-id=\"xq4ppe7\" data-start=\"782\" data-end=\"796\">\u00dcber XQS<\/h2>\n<p data-section-id=\"xq6ppe9\" data-start=\"798\" data-end=\"1050\">XQS was founded in 2006 in Sweden and was one of the first brands to offer tobacco-free nicotine pouches. The range covers nicotine pouches and nicotine-free alternatives across a wide variety of flavours and strengths. XQS The Peppermint 10mg is a prime example of the brand&#8217;s focus on clean, well-defined flavour profiles combined with high nicotine strength.<\/p>\n<table style=\"height: 235px;\" width=\"383\">\n<tbody>\n<tr>\n<td><b>Attribut<\/b><\/td>\n<td><b>Einzelheiten<\/b><\/td>\n<\/tr>\n<tr>\n<td><b>Marke<\/b><\/td>\n<td><em><strong>XQS<\/strong><\/em><\/td>\n<\/tr>\n<tr>\n<td><b>Format der Tasche<\/b><\/td>\n<td><em><strong>Schlank<\/strong><\/em><\/td>\n<\/tr>\n<tr>\n<td><b>St\u00e4rke<\/b><\/td>\n<td><em><strong>Extra stark<\/strong><\/em><\/td>\n<\/tr>\n<tr>\n<td><b>Produzent<\/b><\/td>\n<td><em><strong>Aufr\u00fchrerische Unternehmungen II<\/strong><\/em><\/td>\n<\/tr>\n<tr>\n<td><b>Geschmack<\/b><\/td>\n<td><span style=\"font-weight: 400;\">Pfefferminz<\/span><\/td>\n<\/tr>\n<tr>\n<td><b>Nikotingehalt<\/b><\/td>\n<td><b><span style=\"font-weight: 400;\">13.3mg\/g (10mg per pouch)<\/span><\/b><\/td>\n<\/tr>\n<tr>\n<td><b>Inhalt pro Dose<\/b><\/td>\n<td><span style=\"font-weight: 400;\">20 S\u00e4ckchen<\/span><\/td>\n<\/tr>\n<tr>\n<td><b>Kategorie<\/b><\/td>\n<td><em><strong>White Snus<\/strong><\/em><\/td>\n<\/tr>\n<tr>\n<td><b>Typ<\/b><\/td>\n<td><b><span style=\"font-weight: 400;\">Wei\u00dfe Beutel, tabakfrei<\/span><\/b><\/td>\n<\/tr>\n<\/tbody>\n<\/table>\n<p>&nbsp;<\/p>","protected":false},"excerpt":{"rendered":"<p data-start=\"954\" data-end=\"1091\">XQS The Peppermint 10mg ist ein tabakfreier Nikotinbeutel im schlanken Format mit einem sauberen und belebenden Pfefferminzgeschmack. Mit 13,3 mg\/g (10 mg pro Beutel) bietet er ein extra starkes Nikotinerlebnis f\u00fcr erfahrene Nutzer.<\/p>","protected":false},"featured_media":96328,"comment_status":"open","ping_status":"closed","template":"","format":[206],"meta":{"_acf_changed":false},"product_brand":[],"product_cat":[27],"product_tag":[16587,16421],"flavours":[199],"nicotine":[210,232],"class_list":{"0":"post-96321","1":"product","2":"type-product","3":"status-publish","4":"has-post-thumbnail","6":"product_cat-xqs","7":"product_tag-10-mg-pouch","8":"product_tag-new","9":"pa_quantity-1-pack","10":"pa_quantity-10-pack","11":"pa_quantity-3-pack","12":"pa_quantity-30-pack","13":"pa_quantity-5-pack","14":"pa_quantity-60-pack","15":"flavours-mint","16":"format-slim","17":"nicotine-13-mg-g","18":"nicotine-extra-strong","20":"first","21":"instock","22":"taxable","23":"shipping-taxable","24":"purchasable","25":"product-type-variable"},"acf":[],"_links":{"self":[{"href":"https:\/\/whitelip.com\/de\/wp-json\/wp\/v2\/product\/96321","targetHints":{"allow":["GET"]}}],"collection":[{"href":"https:\/\/whitelip.com\/de\/wp-json\/wp\/v2\/product"}],"about":[{"href":"https:\/\/whitelip.com\/de\/wp-json\/wp\/v2\/types\/product"}],"replies":[{"embeddable":true,"href":"https:\/\/whitelip.com\/de\/wp-json\/wp\/v2\/comments?post=96321"}],"wp:featuredmedia":[{"embeddable":true,"href":"https:\/\/whitelip.com\/de\/wp-json\/wp\/v2\/media\/96328"}],"wp:attachment":[{"href":"https:\/\/whitelip.com\/de\/wp-json\/wp\/v2\/media?parent=96321"}],"wp:term":[{"taxonomy":"product_brand","embeddable":true,"href":"https:\/\/whitelip.com\/de\/wp-json\/wp\/v2\/product_brand?post=96321"},{"taxonomy":"product_cat","embeddable":true,"href":"https:\/\/whitelip.com\/de\/wp-json\/wp\/v2\/product_cat?post=96321"},{"taxonomy":"product_tag","embeddable":true,"href":"https:\/\/whitelip.com\/de\/wp-json\/wp\/v2\/product_tag?post=96321"},{"taxonomy":"flavours","embeddable":true,"href":"https:\/\/whitelip.com\/de\/wp-json\/wp\/v2\/flavours?post=96321"},{"taxonomy":"format","embeddable":true,"href":"https:\/\/whitelip.com\/de\/wp-json\/wp\/v2\/format?post=96321"},{"taxonomy":"nicotine","embeddable":true,"href":"https:\/\/whitelip.com\/de\/wp-json\/wp\/v2\/nicotine?post=96321"}],"curies":[{"name":"wp","href":"https:\/\/api.w.org\/{rel}","templated":true}]}}