{"id":9623,"date":"2025-01-31T09:52:32","date_gmt":"2025-01-31T09:52:32","guid":{"rendered":"https:\/\/whitelip.com\/loop-red-chili-melon-2\/"},"modified":"2026-04-29T10:11:30","modified_gmt":"2026-04-29T10:11:30","slug":"loop-red-chili-melon-2","status":"publish","type":"product","link":"https:\/\/whitelip.com\/de\/loop\/loop-red-chili-melon-2\/","title":{"rendered":"LOOP Rote Chili-Melone #2"},"content":{"rendered":"<h2><strong>LOOP Rote Chili-Melone #2<\/strong><\/h2>\n<p><span style=\"font-weight: 400;\">LOOP Red Chili Melon #2 kombiniert den s\u00fc\u00dfen und saftigen Geschmack von reifer Melone mit einem feurigen Chili-Kick und bietet so ein k\u00fchnes und aufregendes Nikotinerlebnis. Diese schlanken Nikotinbeutel bieten eine moderate Nikotinst\u00e4rke und eignen sich daher f\u00fcr Benutzer, die eine ausgewogene und dennoch abenteuerliche Option genie\u00dfen. LOOP Red Chili Melon #2 wurde f\u00fcr den diskreten Gebrauch entwickelt und passt bequem unter die Lippe, um ein sauberes und belebendes Gef\u00fchl f\u00fcr jede Gelegenheit zu bieten.<\/span><\/p>\n<table>\n<tbody>\n<tr>\n<td><b>Attribut<\/b><\/td>\n<td><b>Einzelheiten<\/b><\/td>\n<\/tr>\n<tr>\n<td><span style=\"font-weight: 400;\">Inhalt pro Dose<\/span><\/td>\n<td><span style=\"font-weight: 400;\">12g (20 Beutel)<\/span><\/td>\n<\/tr>\n<tr>\n<td><span style=\"font-weight: 400;\">Nikotingehalt<\/span><\/td>\n<td><span style=\"font-weight: 400;\">10 mg\/g<\/span><\/td>\n<\/tr>\n<tr>\n<td><span style=\"font-weight: 400;\">Format der Tasche<\/span><\/td>\n<td><span style=\"font-weight: 400;\">Schlank<\/span><\/td>\n<\/tr>\n<tr>\n<td><span style=\"font-weight: 400;\">Produzent<\/span><\/td>\n<td><span style=\"font-weight: 400;\">LOOP<\/span><\/td>\n<\/tr>\n<tr>\n<td><span style=\"font-weight: 400;\">Geschmack<\/span><\/td>\n<td><span style=\"font-weight: 400;\">Rote Chili und Melone<\/span><\/td>\n<\/tr>\n<tr>\n<td><span style=\"font-weight: 400;\">Typ<\/span><\/td>\n<td><span style=\"font-weight: 400;\">Wei\u00dfe Beutel, tabakfrei<\/span><\/td>\n<\/tr>\n<\/tbody>\n<\/table>","protected":false},"excerpt":{"rendered":"<p>S\u00fc\u00df, saftig <strong data-start=\"13\" data-end=\"32\">rote Chili-Melone<\/strong> mit einem feurigen Kick f\u00fcr einen k\u00fchnen, aufregenden Auftrieb. <strong data-start=\"78\" data-end=\"86\">Schlank<\/strong>, Die tabakfreien Beutel sitzen diskret unter der Lippe f\u00fcr einen sauberen, belebenden Gebrauch. Bietet eine moderate Nikotinst\u00e4rke f\u00fcr eine ausgewogene und dennoch abenteuerliche Erfahrung.<\/p>","protected":false},"featured_media":9624,"comment_status":"open","ping_status":"closed","template":"","format":[206],"meta":{"_acf_changed":false},"product_brand":[],"product_cat":[32],"product_tag":[17013],"flavours":[187,196],"nicotine":[207,236],"class_list":{"0":"post-9623","1":"product","2":"type-product","3":"status-publish","4":"has-post-thumbnail","6":"product_cat-loop","7":"product_tag-6-3-mg-pouch","8":"pa_quantity-1-pack","9":"pa_quantity-10-pack","10":"pa_quantity-3-pack","11":"pa_quantity-30-pack","12":"pa_quantity-5-pack","13":"pa_quantity-60-pack","14":"flavours-chili","15":"flavours-fruits-berries","16":"format-slim","17":"nicotine-10-mg-g","18":"nicotine-strong","20":"first","21":"instock","22":"taxable","23":"shipping-taxable","24":"purchasable","25":"product-type-variable"},"acf":[],"_links":{"self":[{"href":"https:\/\/whitelip.com\/de\/wp-json\/wp\/v2\/product\/9623","targetHints":{"allow":["GET"]}}],"collection":[{"href":"https:\/\/whitelip.com\/de\/wp-json\/wp\/v2\/product"}],"about":[{"href":"https:\/\/whitelip.com\/de\/wp-json\/wp\/v2\/types\/product"}],"replies":[{"embeddable":true,"href":"https:\/\/whitelip.com\/de\/wp-json\/wp\/v2\/comments?post=9623"}],"wp:featuredmedia":[{"embeddable":true,"href":"https:\/\/whitelip.com\/de\/wp-json\/wp\/v2\/media\/9624"}],"wp:attachment":[{"href":"https:\/\/whitelip.com\/de\/wp-json\/wp\/v2\/media?parent=9623"}],"wp:term":[{"taxonomy":"product_brand","embeddable":true,"href":"https:\/\/whitelip.com\/de\/wp-json\/wp\/v2\/product_brand?post=9623"},{"taxonomy":"product_cat","embeddable":true,"href":"https:\/\/whitelip.com\/de\/wp-json\/wp\/v2\/product_cat?post=9623"},{"taxonomy":"product_tag","embeddable":true,"href":"https:\/\/whitelip.com\/de\/wp-json\/wp\/v2\/product_tag?post=9623"},{"taxonomy":"flavours","embeddable":true,"href":"https:\/\/whitelip.com\/de\/wp-json\/wp\/v2\/flavours?post=9623"},{"taxonomy":"format","embeddable":true,"href":"https:\/\/whitelip.com\/de\/wp-json\/wp\/v2\/format?post=9623"},{"taxonomy":"nicotine","embeddable":true,"href":"https:\/\/whitelip.com\/de\/wp-json\/wp\/v2\/nicotine?post=9623"}],"curies":[{"name":"wp","href":"https:\/\/api.w.org\/{rel}","templated":true}]}}