{"id":96166,"date":"2026-04-27T12:07:50","date_gmt":"2026-04-27T12:07:50","guid":{"rendered":"https:\/\/whitelip.com\/?post_type=product&#038;p=96166"},"modified":"2026-04-29T10:11:36","modified_gmt":"2026-04-29T10:11:36","slug":"x-booster-coffee-caramel-caffeine-exp-05-21-2026","status":"publish","type":"product","link":"https:\/\/whitelip.com\/de\/x-booster\/x-booster-coffee-caramel-caffeine-exp-05-21-2026\/","title":{"rendered":"X-BOOSTER Coffee &#038; Caramel Caffeine Exp.05\/21\/2026"},"content":{"rendered":"<h2>X-BOOSTER Coffee &amp; Caramel Caffeine Exp.05\/21\/2026<\/h2>\n<p class=\"\" data-start=\"76\" data-end=\"609\">X-BOOSTER Coffee &amp; Caramel Caffeine Pouches liefern einen weichen und ausgewogenen Kaffee- und Karamellgeschmack. Jeder schlanke, wei\u00dfe Koffein-Beutel enth\u00e4lt 80 mg Koffein und bietet einen Kick, der f\u00fcr alle geeignet ist, die einen ausgewogenen Geschmack und eine gleichm\u00e4\u00dfige Intensit\u00e4t genie\u00dfen. X-BOOSTER Cool Mint Caffeine ist diskret, bequem und fleckenfrei und wird von 77 Group hergestellt, um hohe Qualit\u00e4t, kr\u00e4ftigen Geschmack und eine nikotinfreie Erfahrung zu gew\u00e4hrleisten.<\/p>\n<table>\n<tbody>\n<tr>\n<td><b>Attribut<\/b><\/td>\n<td><b>Einzelheiten<\/b><\/td>\n<\/tr>\n<tr>\n<td><b>Inhalt pro Dose<\/b><\/td>\n<td><span style=\"font-weight: 400;\">13g (20 Beutel)<\/span><\/td>\n<\/tr>\n<tr>\n<td><b>Nikotingehalt<\/b><\/td>\n<td><span style=\"font-weight: 400;\">80 mg\/Beutel<\/span><\/td>\n<\/tr>\n<tr>\n<td><b>Format des Beutels<\/b><\/td>\n<td><span style=\"font-weight: 400;\">Schlank<\/span><\/td>\n<\/tr>\n<tr>\n<td><b>Produzent<\/b><\/td>\n<td><span style=\"font-weight: 400;\">77 Gruppe<\/span><\/td>\n<\/tr>\n<tr>\n<td><b>Geschmack<\/b><\/td>\n<td><span style=\"font-weight: 400;\">Kaffee und Karamell<\/span><\/td>\n<\/tr>\n<tr>\n<td><b>Typ<\/b><\/td>\n<td><span style=\"font-weight: 400;\">Ganz wei\u00dfe Tasche<\/span><\/td>\n<\/tr>\n<\/tbody>\n<\/table>","protected":false},"excerpt":{"rendered":"<p class=\"translation-block\">X-BOOSTER Kaffee &amp;amp; Karamell bietet eine glatte, ausgewogene Kaffee-Karamell-Mischung. Die schlanken wei\u00dfen Beutel sind unauff\u00e4llig, komfortabel und fleckenfrei. Jeder Beutel enth\u00e4lt 80 mg Koffein f\u00fcr gleichm\u00e4\u00dfige, zuverl\u00e4ssige Intensit\u00e4t. Von 77 Group f\u00fcr hohe Qualit\u00e4t, k\u00fchnen Geschmack und ein nikotinfreies Erlebnis handgefertigt.<\/p>","protected":false},"featured_media":28021,"comment_status":"open","ping_status":"closed","template":"","format":[],"meta":{"_acf_changed":false},"product_brand":[],"product_cat":[241],"product_tag":[17015],"flavours":[],"nicotine":[],"class_list":{"0":"post-96166","1":"product","2":"type-product","3":"status-publish","4":"has-post-thumbnail","6":"product_cat-x-booster","7":"product_tag-50-off","8":"pa_quantity-1-pack","9":"pa_quantity-10-pack","10":"pa_quantity-3-pack","11":"pa_quantity-30-pack","12":"pa_quantity-5-pack","13":"pa_quantity-60-pack","15":"first","16":"instock","17":"sale","18":"taxable","19":"shipping-taxable","20":"purchasable","21":"product-type-variable"},"acf":[],"_links":{"self":[{"href":"https:\/\/whitelip.com\/de\/wp-json\/wp\/v2\/product\/96166","targetHints":{"allow":["GET"]}}],"collection":[{"href":"https:\/\/whitelip.com\/de\/wp-json\/wp\/v2\/product"}],"about":[{"href":"https:\/\/whitelip.com\/de\/wp-json\/wp\/v2\/types\/product"}],"replies":[{"embeddable":true,"href":"https:\/\/whitelip.com\/de\/wp-json\/wp\/v2\/comments?post=96166"}],"wp:featuredmedia":[{"embeddable":true,"href":"https:\/\/whitelip.com\/de\/wp-json\/wp\/v2\/media\/28021"}],"wp:attachment":[{"href":"https:\/\/whitelip.com\/de\/wp-json\/wp\/v2\/media?parent=96166"}],"wp:term":[{"taxonomy":"product_brand","embeddable":true,"href":"https:\/\/whitelip.com\/de\/wp-json\/wp\/v2\/product_brand?post=96166"},{"taxonomy":"product_cat","embeddable":true,"href":"https:\/\/whitelip.com\/de\/wp-json\/wp\/v2\/product_cat?post=96166"},{"taxonomy":"product_tag","embeddable":true,"href":"https:\/\/whitelip.com\/de\/wp-json\/wp\/v2\/product_tag?post=96166"},{"taxonomy":"flavours","embeddable":true,"href":"https:\/\/whitelip.com\/de\/wp-json\/wp\/v2\/flavours?post=96166"},{"taxonomy":"format","embeddable":true,"href":"https:\/\/whitelip.com\/de\/wp-json\/wp\/v2\/format?post=96166"},{"taxonomy":"nicotine","embeddable":true,"href":"https:\/\/whitelip.com\/de\/wp-json\/wp\/v2\/nicotine?post=96166"}],"curies":[{"name":"wp","href":"https:\/\/api.w.org\/{rel}","templated":true}]}}