{"id":96159,"date":"2026-04-27T12:03:54","date_gmt":"2026-04-27T12:03:54","guid":{"rendered":"https:\/\/whitelip.com\/?post_type=product&#038;p=96159"},"modified":"2026-04-29T10:11:36","modified_gmt":"2026-04-29T10:11:36","slug":"x-booster-energy-drink-caffeine-exp-05-22-2026","status":"publish","type":"product","link":"https:\/\/whitelip.com\/de\/x-booster\/x-booster-energy-drink-caffeine-exp-05-22-2026\/","title":{"rendered":"X-BOOSTER Energy Drink Caffeine Exp.05\/22\/2026"},"content":{"rendered":"<h2>X-BOOSTER Energy Drink Caffeine Exp.05\/22\/2026<\/h2>\n<p class=\"\" data-start=\"76\" data-end=\"609\">X-BOOSTER Energy Drink Koffeinbeutel liefern einen sanften und ausgewogenen Energydrink-Geschmack. Jeder schlanke, wei\u00dfe Koffeinbeutel enth\u00e4lt 80 mg Koffein und bietet einen Kick, der sich f\u00fcr alle eignet, die ausgewogenen Geschmack und gleichm\u00e4\u00dfige Intensit\u00e4t genie\u00dfen. Diskret, bequem und fleckenresistent, ist X-BOOSTER Cool Mint Koffein von 77 Group entwickelt, um hohe Qualit\u00e4t, mutigen Geschmack und ein nikotinfreies Erlebnis zu gew\u00e4hrleisten.<\/p>\n<table>\n<tbody>\n<tr>\n<td><b>Attribut<\/b><\/td>\n<td><b>Einzelheiten<\/b><\/td>\n<\/tr>\n<tr>\n<td><b>Inhalt pro Dose<\/b><\/td>\n<td><span style=\"font-weight: 400;\">13g (20 Beutel)<\/span><\/td>\n<\/tr>\n<tr>\n<td><b>Nikotingehalt<\/b><\/td>\n<td><span style=\"font-weight: 400;\">80 mg\/Beutel<\/span><\/td>\n<\/tr>\n<tr>\n<td><b>Format des Beutels<\/b><\/td>\n<td><span style=\"font-weight: 400;\">Schlank<\/span><\/td>\n<\/tr>\n<tr>\n<td><b>Produzent<\/b><\/td>\n<td><span style=\"font-weight: 400;\">77 Gruppe<\/span><\/td>\n<\/tr>\n<tr>\n<td><b>Geschmack<\/b><\/td>\n<td><span style=\"font-weight: 400;\">Energy-Drink<\/span><\/td>\n<\/tr>\n<tr>\n<td><b>Typ<\/b><\/td>\n<td><span style=\"font-weight: 400;\">Ganz wei\u00dfe Tasche<\/span><\/td>\n<\/tr>\n<\/tbody>\n<\/table>","protected":false},"excerpt":{"rendered":"<p>X-BOOSTER <strong data-start=\"10\" data-end=\"26\">Energy-Drink<\/strong> liefert einen geschmeidigen, ausgewogenen Energydrink-Geschmack. Der <strong data-start=\"79\" data-end=\"87\">schlank<\/strong>, Die wei\u00dfen Beutel sind diskret, bequem und fleckenfrei. Jeder Beutel enth\u00e4lt <strong data-start=\"166\" data-end=\"184\">80 mg Koffein<\/strong> f\u00fcr gleichbleibende Intensit\u00e4t. Hergestellt von 77 Group f\u00fcr hohe Qualit\u00e4t, kr\u00e4ftigen Geschmack, tabak- und nikotinfreie Erfahrung.<\/p>","protected":false},"featured_media":28026,"comment_status":"open","ping_status":"closed","template":"","format":[],"meta":{"_acf_changed":false},"product_brand":[],"product_cat":[241],"product_tag":[17015],"flavours":[],"nicotine":[],"class_list":{"0":"post-96159","1":"product","2":"type-product","3":"status-publish","4":"has-post-thumbnail","6":"product_cat-x-booster","7":"product_tag-50-off","8":"pa_quantity-1-pack","9":"pa_quantity-10-pack","10":"pa_quantity-3-pack","11":"pa_quantity-30-pack","12":"pa_quantity-5-pack","13":"pa_quantity-60-pack","15":"first","16":"instock","17":"sale","18":"taxable","19":"shipping-taxable","20":"purchasable","21":"product-type-variable"},"acf":[],"_links":{"self":[{"href":"https:\/\/whitelip.com\/de\/wp-json\/wp\/v2\/product\/96159","targetHints":{"allow":["GET"]}}],"collection":[{"href":"https:\/\/whitelip.com\/de\/wp-json\/wp\/v2\/product"}],"about":[{"href":"https:\/\/whitelip.com\/de\/wp-json\/wp\/v2\/types\/product"}],"replies":[{"embeddable":true,"href":"https:\/\/whitelip.com\/de\/wp-json\/wp\/v2\/comments?post=96159"}],"wp:featuredmedia":[{"embeddable":true,"href":"https:\/\/whitelip.com\/de\/wp-json\/wp\/v2\/media\/28026"}],"wp:attachment":[{"href":"https:\/\/whitelip.com\/de\/wp-json\/wp\/v2\/media?parent=96159"}],"wp:term":[{"taxonomy":"product_brand","embeddable":true,"href":"https:\/\/whitelip.com\/de\/wp-json\/wp\/v2\/product_brand?post=96159"},{"taxonomy":"product_cat","embeddable":true,"href":"https:\/\/whitelip.com\/de\/wp-json\/wp\/v2\/product_cat?post=96159"},{"taxonomy":"product_tag","embeddable":true,"href":"https:\/\/whitelip.com\/de\/wp-json\/wp\/v2\/product_tag?post=96159"},{"taxonomy":"flavours","embeddable":true,"href":"https:\/\/whitelip.com\/de\/wp-json\/wp\/v2\/flavours?post=96159"},{"taxonomy":"format","embeddable":true,"href":"https:\/\/whitelip.com\/de\/wp-json\/wp\/v2\/format?post=96159"},{"taxonomy":"nicotine","embeddable":true,"href":"https:\/\/whitelip.com\/de\/wp-json\/wp\/v2\/nicotine?post=96159"}],"curies":[{"name":"wp","href":"https:\/\/api.w.org\/{rel}","templated":true}]}}