{"id":9615,"date":"2025-01-29T12:39:51","date_gmt":"2025-01-29T12:39:51","guid":{"rendered":"https:\/\/whitelip.com\/greatest-xl-cold-dry-16mg\/"},"modified":"2026-05-02T10:11:21","modified_gmt":"2026-05-02T10:11:21","slug":"greatest-xl-cold-dry-16mg","status":"publish","type":"product","link":"https:\/\/whitelip.com\/de\/greatest\/greatest-xl-cold-dry-16mg\/","title":{"rendered":"GREATEST XL Cold Dry 16mg"},"content":{"rendered":"<h2><strong>GREATEST XL Cold Dry 16mg<\/strong><\/h2>\n<p><span style=\"font-weight: 400;\">GREATEST XL Cold Dry 16mg Nikotinbeutel bieten einen erfrischenden Minzgeschmack in Kombination mit einer Nikotinst\u00e4rke von 16 mg pro Gramm, was ungef\u00e4hr 13 mg pro Beutel entspricht. Jede Dose enth\u00e4lt 20 gro\u00dfformatige Beutel, die f\u00fcr einen nicht ganz so diskreten Gebrauch konzipiert sind, ohne die Z\u00e4hne zu verf\u00e4rben. Produziert von Puff &amp; Pouch, einem finnischen Hersteller, der daf\u00fcr bekannt ist, moderne Methoden mit traditioneller Qualit\u00e4t zu verbinden, stehen diese Beutel f\u00fcr hohe Standards und innovative Geschmackskombinationen.<\/span><\/p>\n<table>\n<tbody>\n<tr>\n<td><b>Attribut<\/b><\/td>\n<td><b>Einzelheiten<\/b><\/td>\n<\/tr>\n<tr>\n<td><b>Inhalt pro Dose<\/b><\/td>\n<td><span style=\"font-weight: 400;\">12g (20 Beutel)<\/span><\/td>\n<\/tr>\n<tr>\n<td><b>Nikotingehalt<\/b><\/td>\n<td><span style=\"font-weight: 400;\">16 mg\/g (13,32 mg pro Beutel)<\/span><\/td>\n<\/tr>\n<tr>\n<td><b>Format des Beutels<\/b><\/td>\n<td><span style=\"font-weight: 400;\">Gro\u00df<\/span><\/td>\n<\/tr>\n<tr>\n<td><b>Produzent<\/b><\/td>\n<td><span style=\"font-weight: 400;\">Puff &amp; Beutel<\/span><\/td>\n<\/tr>\n<tr>\n<td><b>Geschmack<\/b><\/td>\n<td><span style=\"font-weight: 400;\">Minze<\/span><\/td>\n<\/tr>\n<tr>\n<td><b>Typ<\/b><\/td>\n<td><span style=\"font-weight: 400;\">Ganz wei\u00dfe Tasche<\/span><\/td>\n<\/tr>\n<\/tbody>\n<\/table>","protected":false},"excerpt":{"rendered":"<p>Erfrischend <strong data-start=\"11\" data-end=\"19\">Minze<\/strong> mit einem sauberen, k\u00fchlenden Profil. <strong data-start=\"51\" data-end=\"70\">XL-Gro\u00dfformat<\/strong> Ganz wei\u00dfe Beutel f\u00fcr den nicht ganz so diskreten Gebrauch ohne Verf\u00e4rbung der Z\u00e4hne; 20 St\u00fcck pro Dose. Jeder Beutel enth\u00e4lt <strong data-start=\"178\" data-end=\"197\">~13 mg Nikotin<\/strong> (<strong data-start=\"199\" data-end=\"210\">16 mg\/g<\/strong>) und liefert einen gleichm\u00e4\u00dfigen, befriedigenden Kick. Produziert von Puff &amp; Pouch (Finnland) f\u00fcr hohe, gleichbleibende Qualit\u00e4t.<\/p>","protected":false},"featured_media":9616,"comment_status":"open","ping_status":"closed","template":"","format":[204],"meta":{"_acf_changed":false},"product_brand":[],"product_cat":[87],"product_tag":[16593],"flavours":[199],"nicotine":[213,232],"class_list":{"0":"post-9615","1":"product","2":"type-product","3":"status-publish","4":"has-post-thumbnail","6":"product_cat-greatest","7":"product_tag-13-mg-pouch","8":"pa_quantity-1-pack","9":"pa_quantity-10-pack","10":"pa_quantity-3-pack","11":"pa_quantity-30-pack","12":"pa_quantity-5-pack","13":"pa_quantity-60-pack","14":"flavours-mint","15":"format-large","16":"nicotine-16-mg-g","17":"nicotine-extra-strong","19":"first","20":"instock","21":"taxable","22":"shipping-taxable","23":"purchasable","24":"product-type-variable","25":"has-default-attributes"},"acf":[],"_links":{"self":[{"href":"https:\/\/whitelip.com\/de\/wp-json\/wp\/v2\/product\/9615","targetHints":{"allow":["GET"]}}],"collection":[{"href":"https:\/\/whitelip.com\/de\/wp-json\/wp\/v2\/product"}],"about":[{"href":"https:\/\/whitelip.com\/de\/wp-json\/wp\/v2\/types\/product"}],"replies":[{"embeddable":true,"href":"https:\/\/whitelip.com\/de\/wp-json\/wp\/v2\/comments?post=9615"}],"wp:featuredmedia":[{"embeddable":true,"href":"https:\/\/whitelip.com\/de\/wp-json\/wp\/v2\/media\/9616"}],"wp:attachment":[{"href":"https:\/\/whitelip.com\/de\/wp-json\/wp\/v2\/media?parent=9615"}],"wp:term":[{"taxonomy":"product_brand","embeddable":true,"href":"https:\/\/whitelip.com\/de\/wp-json\/wp\/v2\/product_brand?post=9615"},{"taxonomy":"product_cat","embeddable":true,"href":"https:\/\/whitelip.com\/de\/wp-json\/wp\/v2\/product_cat?post=9615"},{"taxonomy":"product_tag","embeddable":true,"href":"https:\/\/whitelip.com\/de\/wp-json\/wp\/v2\/product_tag?post=9615"},{"taxonomy":"flavours","embeddable":true,"href":"https:\/\/whitelip.com\/de\/wp-json\/wp\/v2\/flavours?post=9615"},{"taxonomy":"format","embeddable":true,"href":"https:\/\/whitelip.com\/de\/wp-json\/wp\/v2\/format?post=9615"},{"taxonomy":"nicotine","embeddable":true,"href":"https:\/\/whitelip.com\/de\/wp-json\/wp\/v2\/nicotine?post=9615"}],"curies":[{"name":"wp","href":"https:\/\/api.w.org\/{rel}","templated":true}]}}