{"id":9610,"date":"2025-01-29T12:11:00","date_gmt":"2025-01-29T12:11:00","guid":{"rendered":"https:\/\/whitelip.com\/puff-pouch-rage-lemonade\/"},"modified":"2026-04-29T10:11:11","modified_gmt":"2026-04-29T10:11:11","slug":"puff-pouch-rage-lemonade","status":"publish","type":"product","link":"https:\/\/whitelip.com\/de\/puff-pouch\/puff-pouch-rage-lemonade\/","title":{"rendered":"Puff &amp; Pouch Rage Limonade"},"content":{"rendered":"<h2><strong>Puff &amp; Pouch Rage Limonade<\/strong><\/h2>\n<p><span style=\"font-weight: 400;\"> Puff &amp; Pouch Rage Lemonade Nikotinbeutel liefern einen knackigen und erfrischenden Limonadengeschmack und bieten ein k\u00fchles und belebendes Nikotinerlebnis. Diese schlanken, tabakfreien Beutel sind f\u00fcr einen diskreten und komfortablen Gebrauch konzipiert und passen nahtlos unter die Lippe. Mit einer h\u00f6heren Nikotinst\u00e4rke ist Puff &amp; Pouch Rage Lemonade ideal f\u00fcr Benutzer, die ein k\u00fchnes Minzgef\u00fchl gepaart mit einer befriedigenden Nikotinfreisetzung genie\u00dfen.<\/span><\/p>\n<table>\n<tbody>\n<tr>\n<td><b>Attribut<\/b><\/td>\n<td><b>Einzelheiten<\/b><\/td>\n<\/tr>\n<tr>\n<td><span style=\"font-weight: 400;\">Inhalt pro Dose<\/span><\/td>\n<td><span style=\"font-weight: 400;\">14g (20 Beutel)<\/span><\/td>\n<\/tr>\n<tr>\n<td><span style=\"font-weight: 400;\">Nikotingehalt<\/span><\/td>\n<td><span style=\"font-weight: 400;\">16 mg\/g (12 mg pro Beutel)<\/span><\/td>\n<\/tr>\n<tr>\n<td><span style=\"font-weight: 400;\">Format der Tasche<\/span><\/td>\n<td><span style=\"font-weight: 400;\">Schlank<\/span><\/td>\n<\/tr>\n<tr>\n<td><span style=\"font-weight: 400;\">Produzent<\/span><\/td>\n<td><span style=\"font-weight: 400;\">Puff &amp; Beutel<\/span><\/td>\n<\/tr>\n<tr>\n<td><span style=\"font-weight: 400;\">Geschmack<\/span><\/td>\n<td><span style=\"font-weight: 400;\">Limonade<\/span><\/td>\n<\/tr>\n<tr>\n<td><span style=\"font-weight: 400;\">Typ<\/span><\/td>\n<td><span style=\"font-weight: 400;\">Wei\u00dfe Beutel, tabakfrei<\/span><\/td>\n<\/tr>\n<\/tbody>\n<\/table>","protected":false},"excerpt":{"rendered":"<p>Puff &amp; Pouch Rage Lemonade Nikotinbeutel liefern ein knackiges, erfrischendes <strong data-start=\"72\" data-end=\"84\">Limonade<\/strong> Geschmack mit einem k\u00fchlen, belebenden Gef\u00fchl. <strong data-start=\"124\" data-end=\"132\">Schlank<\/strong>, Tabakfreies Format f\u00fcr diskreten, komfortablen Gebrauch. Jeder Beutel enth\u00e4lt <strong data-start=\"205\" data-end=\"223\">12 mg Nikotin<\/strong>.<\/p>","protected":false},"featured_media":9611,"comment_status":"open","ping_status":"closed","template":"","format":[206],"meta":{"_acf_changed":false},"product_brand":[],"product_cat":[86],"product_tag":[16561],"flavours":[190],"nicotine":[213,232],"class_list":{"0":"post-9610","1":"product","2":"type-product","3":"status-publish","4":"has-post-thumbnail","6":"product_cat-puff-pouch","7":"product_tag-12-mg-pouch","8":"pa_quantity-1-pack","9":"pa_quantity-10-pack","10":"pa_quantity-3-pack","11":"pa_quantity-30-pack","12":"pa_quantity-5-pack","13":"pa_quantity-60-pack","14":"flavours-citrus","15":"format-slim","16":"nicotine-16-mg-g","17":"nicotine-extra-strong","19":"first","20":"outofstock","21":"taxable","22":"shipping-taxable","23":"purchasable","24":"product-type-variable","25":"has-default-attributes"},"acf":[],"_links":{"self":[{"href":"https:\/\/whitelip.com\/de\/wp-json\/wp\/v2\/product\/9610","targetHints":{"allow":["GET"]}}],"collection":[{"href":"https:\/\/whitelip.com\/de\/wp-json\/wp\/v2\/product"}],"about":[{"href":"https:\/\/whitelip.com\/de\/wp-json\/wp\/v2\/types\/product"}],"replies":[{"embeddable":true,"href":"https:\/\/whitelip.com\/de\/wp-json\/wp\/v2\/comments?post=9610"}],"wp:featuredmedia":[{"embeddable":true,"href":"https:\/\/whitelip.com\/de\/wp-json\/wp\/v2\/media\/9611"}],"wp:attachment":[{"href":"https:\/\/whitelip.com\/de\/wp-json\/wp\/v2\/media?parent=9610"}],"wp:term":[{"taxonomy":"product_brand","embeddable":true,"href":"https:\/\/whitelip.com\/de\/wp-json\/wp\/v2\/product_brand?post=9610"},{"taxonomy":"product_cat","embeddable":true,"href":"https:\/\/whitelip.com\/de\/wp-json\/wp\/v2\/product_cat?post=9610"},{"taxonomy":"product_tag","embeddable":true,"href":"https:\/\/whitelip.com\/de\/wp-json\/wp\/v2\/product_tag?post=9610"},{"taxonomy":"flavours","embeddable":true,"href":"https:\/\/whitelip.com\/de\/wp-json\/wp\/v2\/flavours?post=9610"},{"taxonomy":"format","embeddable":true,"href":"https:\/\/whitelip.com\/de\/wp-json\/wp\/v2\/format?post=9610"},{"taxonomy":"nicotine","embeddable":true,"href":"https:\/\/whitelip.com\/de\/wp-json\/wp\/v2\/nicotine?post=9610"}],"curies":[{"name":"wp","href":"https:\/\/api.w.org\/{rel}","templated":true}]}}