{"id":9545,"date":"2025-01-07T10:05:42","date_gmt":"2025-01-07T10:05:42","guid":{"rendered":"https:\/\/whitelip.com\/zyn-fresh-mint-6mg\/"},"modified":"2026-04-13T17:44:33","modified_gmt":"2026-04-13T17:44:33","slug":"zyn-fresh-mint-6mg","status":"publish","type":"product","link":"https:\/\/whitelip.com\/de\/zyn\/zyn-fresh-mint-6mg\/","title":{"rendered":"ZYN Frische Minze 6mg"},"content":{"rendered":"<h2><b>ZYN Frische Minze 6.5mg<\/b><\/h2>\n<p><span style=\"font-weight: 400;\">ZYN Fresh Mint 6mg bietet ein frisches und belebendes Nikotinerlebnis, das die K\u00fchle der Pfefferminze mit subtilen Noten von Minze und Vanille kombiniert. Diese Mischung liefert ein erfrischendes Gef\u00fchl, ideal f\u00fcr diejenigen, die ein sauberes und knackiges Geschmacksprofil suchen.<\/span><\/p>\n<p><span style=\"font-weight: 400;\">Jeder schlanke, ganz wei\u00dfe Beutel enth\u00e4lt 6 mg Nikotin und bietet eine moderate und gleichm\u00e4\u00dfige Freisetzung, die f\u00fcr diejenigen geeignet ist, die eine leichtere Nikotinoption bevorzugen. Das schlanke Format sorgt f\u00fcr eine diskrete und bequeme Passform unter der Lippe, so dass eine saubere, fleckenfreie Verwendung jederzeit m\u00f6glich ist. ZYN Fresh Mint 6mg wird vollst\u00e4ndig aus hochwertigen, pflanzlichen Materialien hergestellt und bietet eine moderne und angenehme Nikotin-Alternative mit einem einzigartigen Geschmacksprofil.<\/span><\/p>\n<table>\n<tbody>\n<tr>\n<td><b>Attribut<\/b><\/td>\n<td><b>Einzelheiten<\/b><\/td>\n<\/tr>\n<tr>\n<td><span style=\"font-weight: 400;\">Marke<\/span><\/td>\n<td><span style=\"font-weight: 400;\">ZYN<\/span><\/td>\n<\/tr>\n<tr>\n<td><span style=\"font-weight: 400;\">Produkttyp<\/span><\/td>\n<td><span style=\"font-weight: 400;\">Alle wei\u00dfen Nikotinbeutel<\/span><\/td>\n<\/tr>\n<tr>\n<td><span style=\"font-weight: 400;\">Format<\/span><\/td>\n<td><span style=\"font-weight: 400;\">Schlank<\/span><\/td>\n<\/tr>\n<tr>\n<td><span style=\"font-weight: 400;\">Geschmack<\/span><\/td>\n<td><span style=\"font-weight: 400;\">Pfefferminze, Krauseminze und Vanille<\/span><\/td>\n<\/tr>\n<tr>\n<td><span style=\"font-weight: 400;\">Nikotinst\u00e4rke<\/span><\/td>\n<td><span style=\"font-weight: 400;\">6 mg pro Beutel<\/span><\/td>\n<\/tr>\n<tr>\n<td><span style=\"font-weight: 400;\">Portion Gewicht<\/span><\/td>\n<td><span style=\"font-weight: 400;\">0,7 Gramm<\/span><\/td>\n<\/tr>\n<tr>\n<td><span style=\"font-weight: 400;\">Anzahl der Portionen<\/span><\/td>\n<td><span style=\"font-weight: 400;\">21 pro Dose<\/span><\/td>\n<\/tr>\n<tr>\n<td><span style=\"font-weight: 400;\">Gesamtgewicht der Dose<\/span><\/td>\n<td><span style=\"font-weight: 400;\">14,7 Gramm<\/span><\/td>\n<\/tr>\n<tr>\n<td><span style=\"font-weight: 400;\">Hersteller<\/span><\/td>\n<td><span style=\"font-weight: 400;\">Schwedisches Streichholz<\/span><\/td>\n<\/tr>\n<tr>\n<td><span style=\"font-weight: 400;\">Bemerkenswerte Merkmale<\/span><\/td>\n<td><span style=\"font-weight: 400;\">Tabakfrei, schlankes Format, erfrischender Minzgeschmack<\/span><\/td>\n<\/tr>\n<\/tbody>\n<\/table>","protected":false},"excerpt":{"rendered":"<p>ZYN <strong data-start=\"4\" data-end=\"18\">Frische Minze<\/strong> <strong data-start=\"19\" data-end=\"27\">6 mg<\/strong> mischt k\u00fchle Pfefferminze mit einem Hauch von Minze und Vanille f\u00fcr ein knackiges, erfrischendes Profil. Jeder Beutel enth\u00e4lt <strong data-start=\"140\" data-end=\"157\">6 mg Nikotin<\/strong> f\u00fcr ein sanftes, belebendes Erlebnis.<\/p>","protected":false},"featured_media":9546,"comment_status":"open","ping_status":"closed","template":"","format":[206],"meta":{"_acf_changed":false},"product_brand":[],"product_cat":[37],"product_tag":[16559],"flavours":[199],"nicotine":[230,236],"class_list":{"0":"post-9545","1":"product","2":"type-product","3":"status-publish","4":"has-post-thumbnail","6":"product_cat-zyn","7":"product_tag-6-mg-pouch","8":"pa_quantity-1-pack","9":"pa_quantity-10-pack","10":"pa_quantity-3-pack","11":"pa_quantity-30-pack","12":"pa_quantity-5-pack","13":"pa_quantity-60-pack","14":"flavours-mint","15":"format-slim","16":"nicotine-8-mg-g","17":"nicotine-strong","19":"first","20":"outofstock","21":"taxable","22":"shipping-taxable","23":"purchasable","24":"product-type-variable","25":"has-default-attributes"},"acf":[],"_links":{"self":[{"href":"https:\/\/whitelip.com\/de\/wp-json\/wp\/v2\/product\/9545","targetHints":{"allow":["GET"]}}],"collection":[{"href":"https:\/\/whitelip.com\/de\/wp-json\/wp\/v2\/product"}],"about":[{"href":"https:\/\/whitelip.com\/de\/wp-json\/wp\/v2\/types\/product"}],"replies":[{"embeddable":true,"href":"https:\/\/whitelip.com\/de\/wp-json\/wp\/v2\/comments?post=9545"}],"wp:featuredmedia":[{"embeddable":true,"href":"https:\/\/whitelip.com\/de\/wp-json\/wp\/v2\/media\/9546"}],"wp:attachment":[{"href":"https:\/\/whitelip.com\/de\/wp-json\/wp\/v2\/media?parent=9545"}],"wp:term":[{"taxonomy":"product_brand","embeddable":true,"href":"https:\/\/whitelip.com\/de\/wp-json\/wp\/v2\/product_brand?post=9545"},{"taxonomy":"product_cat","embeddable":true,"href":"https:\/\/whitelip.com\/de\/wp-json\/wp\/v2\/product_cat?post=9545"},{"taxonomy":"product_tag","embeddable":true,"href":"https:\/\/whitelip.com\/de\/wp-json\/wp\/v2\/product_tag?post=9545"},{"taxonomy":"flavours","embeddable":true,"href":"https:\/\/whitelip.com\/de\/wp-json\/wp\/v2\/flavours?post=9545"},{"taxonomy":"format","embeddable":true,"href":"https:\/\/whitelip.com\/de\/wp-json\/wp\/v2\/format?post=9545"},{"taxonomy":"nicotine","embeddable":true,"href":"https:\/\/whitelip.com\/de\/wp-json\/wp\/v2\/nicotine?post=9545"}],"curies":[{"name":"wp","href":"https:\/\/api.w.org\/{rel}","templated":true}]}}