{"id":9540,"date":"2025-01-07T10:00:36","date_gmt":"2025-01-07T10:00:36","guid":{"rendered":"https:\/\/whitelip.com\/zyn-cool-blueberry-11mg\/"},"modified":"2026-04-13T17:44:33","modified_gmt":"2026-04-13T17:44:33","slug":"zyn-cool-blueberry-11mg","status":"publish","type":"product","link":"https:\/\/whitelip.com\/de\/zyn\/zyn-cool-blueberry-11mg\/","title":{"rendered":"ZYN Cool Blaubeere 11mg"},"content":{"rendered":"<h2><b>ZYN Cool Blaubeere 11mg<\/b><\/h2>\n<p><span style=\"font-weight: 400;\">ZYN Cool Blueberry 11mg kombiniert den s\u00fc\u00dfen, saftigen Geschmack reifer Blaubeeren mit einem erfrischenden Minzgeschmack und bietet so ein ausgewogenes und belebendes Nikotinerlebnis. Jeder schlanke, ganz wei\u00dfe Beutel enth\u00e4lt 11 mg Nikotin und bietet eine starke, aber gleichm\u00e4\u00dfige Freisetzung, ideal f\u00fcr diejenigen, die einen starken Kick suchen.<\/span><\/p>\n<p><span style=\"font-weight: 400;\">Das schlanke Format sorgt f\u00fcr eine diskrete und bequeme Passform unter der Lippe und erm\u00f6glicht jederzeit einen sauberen, fleckenfreien Gebrauch. Komplett aus hochwertigen, pflanzlichen Materialien hergestellt, bietet ZYN Cool Blueberry 6mg eine moderne und angenehme Nikotin-Alternative mit einem lebendigen, k\u00fchlenden Geschmack.<\/span><\/p>\n<table>\n<tbody>\n<tr>\n<td><b>Attribut<\/b><\/td>\n<td><b>Einzelheiten<\/b><\/td>\n<\/tr>\n<tr>\n<td><span style=\"font-weight: 400;\">Marke<\/span><\/td>\n<td><span style=\"font-weight: 400;\">ZYN<\/span><\/td>\n<\/tr>\n<tr>\n<td><span style=\"font-weight: 400;\">Produkttyp<\/span><\/td>\n<td><span style=\"font-weight: 400;\">Alle wei\u00dfen Nikotinbeutel<\/span><\/td>\n<\/tr>\n<tr>\n<td><span style=\"font-weight: 400;\">Format<\/span><\/td>\n<td><span style=\"font-weight: 400;\">Schlank<\/span><\/td>\n<\/tr>\n<tr>\n<td><span style=\"font-weight: 400;\">Geschmack<\/span><\/td>\n<td><span style=\"font-weight: 400;\">Heidelbeere und Minze<\/span><\/td>\n<\/tr>\n<tr>\n<td><span style=\"font-weight: 400;\">Nikotinst\u00e4rke<\/span><\/td>\n<td><span style=\"font-weight: 400;\">11 mg pro Beutel<\/span><\/td>\n<\/tr>\n<tr>\n<td><span style=\"font-weight: 400;\">Portion Gewicht<\/span><\/td>\n<td><span style=\"font-weight: 400;\">0,7 Gramm<\/span><\/td>\n<\/tr>\n<tr>\n<td><span style=\"font-weight: 400;\">Anzahl der Portionen<\/span><\/td>\n<td><span style=\"font-weight: 400;\">21 pro Dose<\/span><\/td>\n<\/tr>\n<tr>\n<td><span style=\"font-weight: 400;\">Gesamtgewicht der Dose<\/span><\/td>\n<td><span style=\"font-weight: 400;\">14,7 Gramm<\/span><\/td>\n<\/tr>\n<tr>\n<td><span style=\"font-weight: 400;\">Hersteller<\/span><\/td>\n<td><span style=\"font-weight: 400;\">Schwedisches Streichholz<\/span><\/td>\n<\/tr>\n<tr>\n<td><span style=\"font-weight: 400;\">Bemerkenswerte Merkmale<\/span><\/td>\n<td><span style=\"font-weight: 400;\">Tabakfrei, schlankes Format, s\u00fc\u00dfer Heidelbeergeschmack mit minziger Note<\/span><\/td>\n<\/tr>\n<\/tbody>\n<\/table>","protected":false},"excerpt":{"rendered":"<p>ZYN <strong data-start=\"4\" data-end=\"22\">K\u00fchle Heidelbeere<\/strong> <strong data-start=\"23\" data-end=\"31\">schlank<\/strong> mischt s\u00fc\u00dfe, saftige Blaubeeren mit erfrischender Minze f\u00fcr ein ausgewogenes, belebendes Profil. Jeder Beutel enth\u00e4lt <strong data-start=\"148\" data-end=\"166\">11 mg Nikotin<\/strong> f\u00fcr eine starke, gleichm\u00e4\u00dfige Freisetzung.<\/p>","protected":false},"featured_media":9541,"comment_status":"open","ping_status":"closed","template":"","format":[206],"meta":{"_acf_changed":false},"product_brand":[],"product_cat":[37],"product_tag":[16551,16519],"flavours":[196],"nicotine":[231,236],"class_list":{"0":"post-9540","1":"product","2":"type-product","3":"status-publish","4":"has-post-thumbnail","6":"product_cat-zyn","7":"product_tag-11-mg-pouch","8":"product_tag-25-off","9":"pa_quantity-1-pack","10":"pa_quantity-10-pack","11":"pa_quantity-3-pack","12":"pa_quantity-30-pack","13":"pa_quantity-5-pack","14":"pa_quantity-60-pack","15":"flavours-fruits-berries","16":"format-slim","17":"nicotine-9-mg-g","18":"nicotine-strong","20":"first","21":"outofstock","22":"sale","23":"taxable","24":"shipping-taxable","25":"purchasable","26":"product-type-variable","27":"has-default-attributes"},"acf":[],"_links":{"self":[{"href":"https:\/\/whitelip.com\/de\/wp-json\/wp\/v2\/product\/9540","targetHints":{"allow":["GET"]}}],"collection":[{"href":"https:\/\/whitelip.com\/de\/wp-json\/wp\/v2\/product"}],"about":[{"href":"https:\/\/whitelip.com\/de\/wp-json\/wp\/v2\/types\/product"}],"replies":[{"embeddable":true,"href":"https:\/\/whitelip.com\/de\/wp-json\/wp\/v2\/comments?post=9540"}],"wp:featuredmedia":[{"embeddable":true,"href":"https:\/\/whitelip.com\/de\/wp-json\/wp\/v2\/media\/9541"}],"wp:attachment":[{"href":"https:\/\/whitelip.com\/de\/wp-json\/wp\/v2\/media?parent=9540"}],"wp:term":[{"taxonomy":"product_brand","embeddable":true,"href":"https:\/\/whitelip.com\/de\/wp-json\/wp\/v2\/product_brand?post=9540"},{"taxonomy":"product_cat","embeddable":true,"href":"https:\/\/whitelip.com\/de\/wp-json\/wp\/v2\/product_cat?post=9540"},{"taxonomy":"product_tag","embeddable":true,"href":"https:\/\/whitelip.com\/de\/wp-json\/wp\/v2\/product_tag?post=9540"},{"taxonomy":"flavours","embeddable":true,"href":"https:\/\/whitelip.com\/de\/wp-json\/wp\/v2\/flavours?post=9540"},{"taxonomy":"format","embeddable":true,"href":"https:\/\/whitelip.com\/de\/wp-json\/wp\/v2\/format?post=9540"},{"taxonomy":"nicotine","embeddable":true,"href":"https:\/\/whitelip.com\/de\/wp-json\/wp\/v2\/nicotine?post=9540"}],"curies":[{"name":"wp","href":"https:\/\/api.w.org\/{rel}","templated":true}]}}