{"id":9530,"date":"2025-01-07T09:53:27","date_gmt":"2025-01-07T09:53:27","guid":{"rendered":"https:\/\/whitelip.com\/zyn-cool-watermelon-6mg\/"},"modified":"2026-04-30T10:10:59","modified_gmt":"2026-04-30T10:10:59","slug":"zyn-cool-watermelon-6mg","status":"publish","type":"product","link":"https:\/\/whitelip.com\/de\/zyn\/zyn-cool-watermelon-6mg\/","title":{"rendered":"ZYN K\u00fchle Wassermelone 6mg"},"content":{"rendered":"<h2><b>ZYN K\u00fchle Wassermelone 6mg<\/b><\/h2>\n<p><span style=\"font-weight: 400;\">ZYN Cool Watermelon 6mg bietet ein <\/span><b>erfrischender und saftiger Wassermelonengeschmack<\/b><span style=\"font-weight: 400;\">, erg\u00e4nzt durch eine <\/span><b>k\u00fchlendes Minz-Finish<\/b><span style=\"font-weight: 400;\">. Der s\u00fc\u00dfe, fruchtige Geschmack der reifen Wassermelone ist perfekt mit einem knackigen, mentholartigen K\u00fchleffekt kombiniert und sorgt f\u00fcr ein erfrischendes und befriedigendes Erlebnis. Jeder schlanke, ganz wei\u00dfe Beutel enth\u00e4lt <\/span><b>6 mg Nikotin<\/b><span style=\"font-weight: 400;\">, und liefert eine starke und gleichm\u00e4\u00dfige Freisetzung f\u00fcr Nutzer, die einen intensiveren Nikotinkick suchen.<\/span><\/p>\n<p><span style=\"font-weight: 400;\">Das schlanke Format sorgt f\u00fcr einen diskreten und bequemen Sitz unter der Lippe und bietet eine saubere, fleckenfreie Option f\u00fcr den Nikotingenuss. ZYN Cool Watermelon 6mg ist komplett tabakfrei und wird aus hochwertigen pflanzlichen Materialien hergestellt. Sie bietet eine moderne, geschmackvolle Alternative f\u00fcr alle, die sowohl Fruchtigkeit als auch ein k\u00fchlendes Gef\u00fchl in ihren Nikotinbeuteln suchen.<\/span><\/p>\n<table>\n<tbody>\n<tr>\n<td><b>Attribut<\/b><\/td>\n<td><b>Einzelheiten<\/b><\/td>\n<\/tr>\n<tr>\n<td><b>Marke<\/b><\/td>\n<td><span style=\"font-weight: 400;\">ZYN<\/span><\/td>\n<\/tr>\n<tr>\n<td><b>Produkttyp<\/b><\/td>\n<td><span style=\"font-weight: 400;\">Alle wei\u00dfen Nikotinbeutel<\/span><\/td>\n<\/tr>\n<tr>\n<td><b>Format<\/b><\/td>\n<td><span style=\"font-weight: 400;\">Schlank<\/span><\/td>\n<\/tr>\n<tr>\n<td><b>Geschmack<\/b><\/td>\n<td><span style=\"font-weight: 400;\">Wassermelone und K\u00fchlung<\/span><\/td>\n<\/tr>\n<tr>\n<td><b>Nikotinst\u00e4rke<\/b><\/td>\n<td><span style=\"font-weight: 400;\">6 mg pro Beutel<\/span><\/td>\n<\/tr>\n<tr>\n<td><b>Portion Gewicht<\/b><\/td>\n<td><span style=\"font-weight: 400;\">0,7 Gramm<\/span><\/td>\n<\/tr>\n<tr>\n<td><b>Anzahl der Portionen<\/b><\/td>\n<td><span style=\"font-weight: 400;\">21 pro Dose<\/span><\/td>\n<\/tr>\n<tr>\n<td><b>Gesamtgewicht der Dose<\/b><\/td>\n<td><span style=\"font-weight: 400;\">14,7 Gramm<\/span><\/td>\n<\/tr>\n<tr>\n<td><b>Hersteller<\/b><\/td>\n<td><span style=\"font-weight: 400;\">Schwedisches Streichholz<\/span><\/td>\n<\/tr>\n<tr>\n<td><b>Bemerkenswerte Merkmale<\/b><\/td>\n<td><span style=\"font-weight: 400;\">Tabakfreies, schlankes Format, s\u00fc\u00dfe Wassermelone mit k\u00fchlendem Abgang<\/span><\/td>\n<\/tr>\n<\/tbody>\n<\/table>","protected":false},"excerpt":{"rendered":"<p>ZYN <strong data-start=\"4\" data-end=\"23\">K\u00fchle Wassermelone<\/strong> <strong data-start=\"24\" data-end=\"32\">schlank<\/strong> mischt saftige Wassermelone mit knackig-k\u00fchler Minze f\u00fcr ein erfrischendes, befriedigendes Profil. Jeder Beutel enth\u00e4lt <strong data-start=\"148\" data-end=\"165\">6 mg Nikotin<\/strong> f\u00fcr eine starke, gleichm\u00e4\u00dfige Freisetzung.<\/p>","protected":false},"featured_media":9531,"comment_status":"open","ping_status":"closed","template":"","format":[206],"meta":{"_acf_changed":false},"product_brand":[],"product_cat":[37],"product_tag":[16445,16559],"flavours":[196],"nicotine":[213,232],"class_list":{"0":"post-9530","1":"product","2":"type-product","3":"status-publish","4":"has-post-thumbnail","6":"product_cat-zyn","7":"product_tag-20-off","8":"product_tag-6-mg-pouch","9":"pa_quantity-1-pack","10":"pa_quantity-10-pack","11":"pa_quantity-3-pack","12":"pa_quantity-30-pack","13":"pa_quantity-5-pack","14":"pa_quantity-60-pack","15":"flavours-fruits-berries","16":"format-slim","17":"nicotine-16-mg-g","18":"nicotine-extra-strong","20":"first","21":"outofstock","22":"sale","23":"taxable","24":"shipping-taxable","25":"purchasable","26":"product-type-variable"},"acf":[],"_links":{"self":[{"href":"https:\/\/whitelip.com\/de\/wp-json\/wp\/v2\/product\/9530","targetHints":{"allow":["GET"]}}],"collection":[{"href":"https:\/\/whitelip.com\/de\/wp-json\/wp\/v2\/product"}],"about":[{"href":"https:\/\/whitelip.com\/de\/wp-json\/wp\/v2\/types\/product"}],"replies":[{"embeddable":true,"href":"https:\/\/whitelip.com\/de\/wp-json\/wp\/v2\/comments?post=9530"}],"wp:featuredmedia":[{"embeddable":true,"href":"https:\/\/whitelip.com\/de\/wp-json\/wp\/v2\/media\/9531"}],"wp:attachment":[{"href":"https:\/\/whitelip.com\/de\/wp-json\/wp\/v2\/media?parent=9530"}],"wp:term":[{"taxonomy":"product_brand","embeddable":true,"href":"https:\/\/whitelip.com\/de\/wp-json\/wp\/v2\/product_brand?post=9530"},{"taxonomy":"product_cat","embeddable":true,"href":"https:\/\/whitelip.com\/de\/wp-json\/wp\/v2\/product_cat?post=9530"},{"taxonomy":"product_tag","embeddable":true,"href":"https:\/\/whitelip.com\/de\/wp-json\/wp\/v2\/product_tag?post=9530"},{"taxonomy":"flavours","embeddable":true,"href":"https:\/\/whitelip.com\/de\/wp-json\/wp\/v2\/flavours?post=9530"},{"taxonomy":"format","embeddable":true,"href":"https:\/\/whitelip.com\/de\/wp-json\/wp\/v2\/format?post=9530"},{"taxonomy":"nicotine","embeddable":true,"href":"https:\/\/whitelip.com\/de\/wp-json\/wp\/v2\/nicotine?post=9530"}],"curies":[{"name":"wp","href":"https:\/\/api.w.org\/{rel}","templated":true}]}}