{"id":9506,"date":"2024-12-10T11:14:40","date_gmt":"2024-12-10T11:14:40","guid":{"rendered":"https:\/\/whitelip.com\/zxs-exotic-chill-jumbo-can\/"},"modified":"2026-04-21T13:47:10","modified_gmt":"2026-04-21T13:47:10","slug":"zxs-exotic-chill-jumbo-can","status":"publish","type":"product","link":"https:\/\/whitelip.com\/de\/jumbo-can\/zxs-exotic-chill-jumbo-can\/","title":{"rendered":"Z!XS Exotic Chill Jumbo Dose"},"content":{"rendered":"<h2><b>Z!XS Exotic Chill Jumbo Dose<\/b><\/h2>\n<p><span style=\"font-weight: 400;\">Z!XS Exotic Chill Jumbo Can bietet eine einzigartige Mischung aus <\/span><b>tropische Fruchtgeschmacksrichtungen<\/b><span style=\"font-weight: 400;\"> gepaart mit einem subtilen <\/span><b>k\u00fchlendes Gef\u00fchl<\/b><span style=\"font-weight: 400;\">, und liefert ein erfrischendes und lebendiges Nikotinerlebnis. Perfekt f\u00fcr Nutzer, die eine fruchtige und doch belebende Note sch\u00e4tzen. Jeder schlanke, ganz wei\u00dfe Beutel enth\u00e4lt <\/span><b>12 mg Nikotin<\/b><span style=\"font-weight: 400;\">, und sorgt f\u00fcr eine kraftvolle und gleichm\u00e4\u00dfige Freisetzung, die ideal f\u00fcr erfahrene Anwender ist, die zus\u00e4tzliche St\u00e4rke suchen.<\/span><\/p>\n<p><span style=\"font-weight: 400;\">Verpackt in einem <\/span><b>Jumbo-Dose<\/b><span style=\"font-weight: 400;\"> Mit 320 Portionen ist Z!XS Exotic Chill ideal f\u00fcr den l\u00e4ngeren Gebrauch und bietet einen hohen Nutzen und Komfort. Das schlanke Format sorgt f\u00fcr einen bequemen und diskreten Sitz unter der Lippe, w\u00e4hrend das tabakfreie Design sauberen und fleckenfreien Genuss garantiert. Z!XS Exotic Chill Jumbo Can ist die perfekte Wahl f\u00fcr alle, die sich nach einem kr\u00e4ftigen tropischen Geschmack in Kombination mit einem k\u00fchlen, erfrischenden Abgang sehnen.<\/span><\/p>\n<table>\n<tbody>\n<tr>\n<td><b>Attribut<\/b><\/td>\n<td><b>Einzelheiten<\/b><\/td>\n<\/tr>\n<tr>\n<td><b>Marke<\/b><\/td>\n<td><span style=\"font-weight: 400;\">Z!XS<\/span><\/td>\n<\/tr>\n<tr>\n<td><b>Produkttyp<\/b><\/td>\n<td><span style=\"font-weight: 400;\">Alle wei\u00dfen Nikotinbeutel<\/span><\/td>\n<\/tr>\n<tr>\n<td><b>Format<\/b><\/td>\n<td><span style=\"font-weight: 400;\">Schlank<\/span><\/td>\n<\/tr>\n<tr>\n<td><b>Geschmack<\/b><\/td>\n<td><span style=\"font-weight: 400;\">Tropische Fr\u00fcchte und K\u00fchlung<\/span><\/td>\n<\/tr>\n<tr>\n<td><b>Nikotinst\u00e4rke<\/b><\/td>\n<td><span style=\"font-weight: 400;\">12 mg pro Beutel<\/span><\/td>\n<\/tr>\n<tr>\n<td><b>Portion Gewicht<\/b><\/td>\n<td><span style=\"font-weight: 400;\">0,7 Gramm<\/span><\/td>\n<\/tr>\n<tr>\n<td><b>Anzahl der Portionen<\/b><\/td>\n<td><span style=\"font-weight: 400;\">320 pro Dose (Jumbo-Dose)<\/span><\/td>\n<\/tr>\n<tr>\n<td><b>Gesamtgewicht der Dose<\/b><\/td>\n<td><span style=\"font-weight: 400;\">46,2 Gramm<\/span><\/td>\n<\/tr>\n<tr>\n<td><b>Hersteller<\/b><\/td>\n<td><span style=\"font-weight: 400;\">Z!XS International<\/span><\/td>\n<\/tr>\n<tr>\n<td><b>Bemerkenswerte Merkmale<\/b><\/td>\n<td><span style=\"font-weight: 400;\">Tabakfrei, schlankes Format, tropischer Fruchtgeschmack mit K\u00fchlsensation, Jumbo-Dose mit 66 Portionen<\/span><\/td>\n<\/tr>\n<\/tbody>\n<\/table>","protected":false},"excerpt":{"rendered":"<p>Z!XS <strong data-start=\"5\" data-end=\"21\">Exotisches K\u00fchlen<\/strong> <strong data-start=\"22\" data-end=\"38\">Extra stark<\/strong> verbindet tropische Fr\u00fcchte mit einem subtilen k\u00fchlenden Abgang zu einem erfrischenden, lebendigen Profil. Die <strong data-start=\"130\" data-end=\"138\">schlank<\/strong>, Die ganz in Wei\u00df gehaltenen Beutel sind diskret und bequem. Jeder Beutel enth\u00e4lt <strong data-start=\"208\" data-end=\"226\">12 mg Nikotin<\/strong>, und sorgt f\u00fcr eine kraftvolle, gleichm\u00e4\u00dfige Ausl\u00f6sung f\u00fcr erfahrene Anwender. Die Jumbo-Dose enth\u00e4lt etwa <strong>320 Schlank<\/strong> Beutel, die ein wesentlich gr\u00f6\u00dferes Volumen bieten als Standarddosenformate.<\/p>","protected":false},"featured_media":9507,"comment_status":"open","ping_status":"closed","template":"","format":[206],"meta":{"_acf_changed":false},"product_brand":[],"product_cat":[92,39],"product_tag":[16561],"flavours":[196],"nicotine":[213,232],"class_list":{"0":"post-9506","1":"product","2":"type-product","3":"status-publish","4":"has-post-thumbnail","6":"product_cat-jumbo-can","7":"product_cat-zxs","8":"product_tag-12-mg-pouch","9":"pa_quantity-1-pack","10":"pa_quantity-10-pack","11":"pa_quantity-2-pack","12":"pa_quantity-3-pack","13":"pa_quantity-30-pack","14":"pa_quantity-5-pack","15":"pa_quantity-60-pack","16":"flavours-fruits-berries","17":"format-slim","18":"nicotine-16-mg-g","19":"nicotine-extra-strong","21":"first","22":"instock","23":"taxable","24":"shipping-taxable","25":"purchasable","26":"product-type-variable"},"acf":[],"_links":{"self":[{"href":"https:\/\/whitelip.com\/de\/wp-json\/wp\/v2\/product\/9506","targetHints":{"allow":["GET"]}}],"collection":[{"href":"https:\/\/whitelip.com\/de\/wp-json\/wp\/v2\/product"}],"about":[{"href":"https:\/\/whitelip.com\/de\/wp-json\/wp\/v2\/types\/product"}],"replies":[{"embeddable":true,"href":"https:\/\/whitelip.com\/de\/wp-json\/wp\/v2\/comments?post=9506"}],"wp:featuredmedia":[{"embeddable":true,"href":"https:\/\/whitelip.com\/de\/wp-json\/wp\/v2\/media\/9507"}],"wp:attachment":[{"href":"https:\/\/whitelip.com\/de\/wp-json\/wp\/v2\/media?parent=9506"}],"wp:term":[{"taxonomy":"product_brand","embeddable":true,"href":"https:\/\/whitelip.com\/de\/wp-json\/wp\/v2\/product_brand?post=9506"},{"taxonomy":"product_cat","embeddable":true,"href":"https:\/\/whitelip.com\/de\/wp-json\/wp\/v2\/product_cat?post=9506"},{"taxonomy":"product_tag","embeddable":true,"href":"https:\/\/whitelip.com\/de\/wp-json\/wp\/v2\/product_tag?post=9506"},{"taxonomy":"flavours","embeddable":true,"href":"https:\/\/whitelip.com\/de\/wp-json\/wp\/v2\/flavours?post=9506"},{"taxonomy":"format","embeddable":true,"href":"https:\/\/whitelip.com\/de\/wp-json\/wp\/v2\/format?post=9506"},{"taxonomy":"nicotine","embeddable":true,"href":"https:\/\/whitelip.com\/de\/wp-json\/wp\/v2\/nicotine?post=9506"}],"curies":[{"name":"wp","href":"https:\/\/api.w.org\/{rel}","templated":true}]}}