{"id":9504,"date":"2024-12-10T11:14:41","date_gmt":"2024-12-10T11:14:41","guid":{"rendered":"https:\/\/whitelip.com\/zxs-north-ice-66-jumbo-can\/"},"modified":"2026-04-30T15:31:56","modified_gmt":"2026-04-30T15:31:56","slug":"zxs-north-ice-66-jumbo-can","status":"publish","type":"product","link":"https:\/\/whitelip.com\/de\/jumbo-can\/zxs-north-ice-66-jumbo-can\/","title":{"rendered":"Z!XS Nord Eis -66 Jumbo Dose"},"content":{"rendered":"<h2><b>Z!XS Nord Eis -66 Jumbo Dose<\/b><\/h2>\n<p><span style=\"font-weight: 400;\">Z!XS North Ice -66 Jumbo Can liefert eine <\/span><b>intensiver eisiger Minzgeschmack<\/b><span style=\"font-weight: 400;\"> kombiniert mit einem ultrastarken Nikotinkick, was sie zu einer mutigen Wahl f\u00fcr erfahrene Konsumenten macht. Das scharfe und erfrischende Mentholgef\u00fchl sorgt f\u00fcr ein sauberes und belebendes Erlebnis, w\u00e4hrend der hohe Nikotingehalt f\u00fcr ein <\/span><b>kraftvolle und lang anhaltende Freisetzung<\/b><span style=\"font-weight: 400;\">. Jeder ganz wei\u00dfe Beutel enth\u00e4lt <\/span><b>12 mg Nikotin<\/b><span style=\"font-weight: 400;\">, und bietet eine extrastarke Option f\u00fcr diejenigen, die maximale St\u00e4rke suchen.<\/span><\/p>\n<p><span style=\"font-weight: 400;\">Verpackt in einer praktischen <\/span><b>Jumbo-Dose<\/b><span style=\"font-weight: 400;\"> mit mehr Portionen, ist dieses Produkt ideal f\u00fcr starke Nutzer oder diejenigen, die eine l\u00e4ngere Verf\u00fcgbarkeit w\u00fcnschen. Das schlanke Format sorgt f\u00fcr einen bequemen und diskreten Sitz unter der Lippe, w\u00e4hrend die tabakfreie Zusammensetzung eine fleckenfreie und moderne Alternative zu herk\u00f6mmlichen Produkten darstellt. Z!XS North Ice -66 kombiniert extreme St\u00e4rke mit einem erfrischenden K\u00fchleffekt f\u00fcr ein unvergleichliches Nikotinerlebnis.<\/span><\/p>\n<table>\n<tbody>\n<tr>\n<td><b>Attribut<\/b><\/td>\n<td><b>Einzelheiten<\/b><\/td>\n<\/tr>\n<tr>\n<td><b>Marke<\/b><\/td>\n<td><span style=\"font-weight: 400;\">Z!XS<\/span><\/td>\n<\/tr>\n<tr>\n<td><b>Produkttyp<\/b><\/td>\n<td><span style=\"font-weight: 400;\">Alle wei\u00dfen Nikotinbeutel<\/span><\/td>\n<\/tr>\n<tr>\n<td><b>Format<\/b><\/td>\n<td><span style=\"font-weight: 400;\">Schlank<\/span><\/td>\n<\/tr>\n<tr>\n<td><b>Geschmack<\/b><\/td>\n<td><span style=\"font-weight: 400;\">Eiskalte Minze<\/span><\/td>\n<\/tr>\n<tr>\n<td><b>Nikotinst\u00e4rke<\/b><\/td>\n<td><span style=\"font-weight: 400;\">12 mg pro Beutel<\/span><\/td>\n<\/tr>\n<tr>\n<td><b>Portion Gewicht<\/b><\/td>\n<td><span style=\"font-weight: 400;\">0,7 Gramm<\/span><\/td>\n<\/tr>\n<tr>\n<td><b>Anzahl der Portionen<\/b><\/td>\n<td><span style=\"font-weight: 400;\">320 pro Dose (Jumbo-Dose)<\/span><\/td>\n<\/tr>\n<tr>\n<td><b>Gesamtgewicht der Dose<\/b><\/td>\n<td><span style=\"font-weight: 400;\">46,2 Gramm<\/span><\/td>\n<\/tr>\n<tr>\n<td><b>Hersteller<\/b><\/td>\n<td><span style=\"font-weight: 400;\">Z!XS International<\/span><\/td>\n<\/tr>\n<tr>\n<td><b>Bemerkenswerte Merkmale<\/b><\/td>\n<td><span style=\"font-weight: 400;\">Tabakfrei, schlankes Format, extra starker eisiger Minzgeschmack, Jumbo-Dose mit 66 Portionen<\/span><\/td>\n<\/tr>\n<\/tbody>\n<\/table>","protected":false},"excerpt":{"rendered":"<p>Z!XS <strong data-start=\"5\" data-end=\"22\">Nord-Eis -66<\/strong> <strong data-start=\"23\" data-end=\"39\">Ultrastark<\/strong> liefert intensive eisige Minze\/Menthol f\u00fcr einen sauberen, belebenden Auftrieb. Die <strong data-start=\"110\" data-end=\"123\">ganz in Wei\u00df<\/strong> Beutel sind diskret und bequem. Jeder Beutel enth\u00e4lt <strong data-start=\"182\" data-end=\"200\">12 mg Nikotin<\/strong>, und sorgt f\u00fcr eine kraftvolle, lang anhaltende Freisetzung. Die Jumbo-Dose enth\u00e4lt ca. <strong>320 Schlank<\/strong> Beutel, die ein wesentlich gr\u00f6\u00dferes Volumen bieten als Standarddosenformate.<\/p>","protected":false},"featured_media":9505,"comment_status":"open","ping_status":"closed","template":"","format":[206],"meta":{"_acf_changed":false},"product_brand":[],"product_cat":[92,39],"product_tag":[16561],"flavours":[199],"nicotine":[213,232],"class_list":{"0":"post-9504","1":"product","2":"type-product","3":"status-publish","4":"has-post-thumbnail","6":"product_cat-jumbo-can","7":"product_cat-zxs","8":"product_tag-12-mg-pouch","9":"pa_quantity-1-pack","10":"pa_quantity-10-pack","11":"pa_quantity-2-pack","12":"pa_quantity-3-pack","13":"pa_quantity-30-pack","14":"pa_quantity-5-pack","15":"pa_quantity-60-pack","16":"flavours-mint","17":"format-slim","18":"nicotine-16-mg-g","19":"nicotine-extra-strong","21":"first","22":"instock","23":"taxable","24":"shipping-taxable","25":"purchasable","26":"product-type-variable"},"acf":[],"_links":{"self":[{"href":"https:\/\/whitelip.com\/de\/wp-json\/wp\/v2\/product\/9504","targetHints":{"allow":["GET"]}}],"collection":[{"href":"https:\/\/whitelip.com\/de\/wp-json\/wp\/v2\/product"}],"about":[{"href":"https:\/\/whitelip.com\/de\/wp-json\/wp\/v2\/types\/product"}],"replies":[{"embeddable":true,"href":"https:\/\/whitelip.com\/de\/wp-json\/wp\/v2\/comments?post=9504"}],"wp:featuredmedia":[{"embeddable":true,"href":"https:\/\/whitelip.com\/de\/wp-json\/wp\/v2\/media\/9505"}],"wp:attachment":[{"href":"https:\/\/whitelip.com\/de\/wp-json\/wp\/v2\/media?parent=9504"}],"wp:term":[{"taxonomy":"product_brand","embeddable":true,"href":"https:\/\/whitelip.com\/de\/wp-json\/wp\/v2\/product_brand?post=9504"},{"taxonomy":"product_cat","embeddable":true,"href":"https:\/\/whitelip.com\/de\/wp-json\/wp\/v2\/product_cat?post=9504"},{"taxonomy":"product_tag","embeddable":true,"href":"https:\/\/whitelip.com\/de\/wp-json\/wp\/v2\/product_tag?post=9504"},{"taxonomy":"flavours","embeddable":true,"href":"https:\/\/whitelip.com\/de\/wp-json\/wp\/v2\/flavours?post=9504"},{"taxonomy":"format","embeddable":true,"href":"https:\/\/whitelip.com\/de\/wp-json\/wp\/v2\/format?post=9504"},{"taxonomy":"nicotine","embeddable":true,"href":"https:\/\/whitelip.com\/de\/wp-json\/wp\/v2\/nicotine?post=9504"}],"curies":[{"name":"wp","href":"https:\/\/api.w.org\/{rel}","templated":true}]}}