{"id":9489,"date":"2024-12-05T14:37:43","date_gmt":"2024-12-05T14:37:43","guid":{"rendered":"https:\/\/whitelip.com\/gilo-orange-bubblegum-ice\/"},"modified":"2026-03-05T11:31:35","modified_gmt":"2026-03-05T11:31:35","slug":"gilo-orange-bubblegum-ice","status":"publish","type":"product","link":"https:\/\/whitelip.com\/de\/gilo\/gilo-orange-bubblegum-ice\/","title":{"rendered":"GILO Orange Bubblegum Ice"},"content":{"rendered":"<h2><b>GILO Orange Bubblegum Ice<\/b><\/h2>\n<p><span style=\"font-weight: 400;\">GILO Orange Bubblegum Ice Nikotinbeutel bieten eine k\u00f6stliche Mischung aus s\u00fc\u00dfen und pikanten Aromen, die perfekt die nostalgische Essenz von Kaugummi mit einer belebenden eisigen Note einfangen. Jeder schlanke Beutel enth\u00e4lt 4 mg Nikotin und bietet ein sanftes, belebendes Erlebnis, das Kindheitserinnerungen mit einer raffinierten Note aufleben l\u00e4sst. Die Beutel sind so konzipiert, dass sie diskret verwendet werden k\u00f6nnen, ohne die Z\u00e4hne zu verf\u00e4rben, was sie ideal f\u00fcr den Genuss unterwegs macht. Produziert von GILO, einer Marke, die f\u00fcr ihr Engagement f\u00fcr Qualit\u00e4t und innovative Geschmacksprofile bekannt ist, sind diese Beutel ein Beispiel f\u00fcr hohe Standards und ein Engagement f\u00fcr die Verbesserung der Benutzererfahrung.<\/span><\/p>\n<p><b>Spezifikationen<\/b><\/p>\n<table>\n<tbody>\n<tr>\n<td><b>Attribut<\/b><\/td>\n<td><b>Einzelheiten<\/b><\/td>\n<\/tr>\n<tr>\n<td><b>Nikotingehalt<\/b><\/td>\n<td><span style=\"font-weight: 400;\">4 mg pro Beutel<\/span><\/td>\n<\/tr>\n<tr>\n<td><b>Format des Beutels<\/b><\/td>\n<td><span style=\"font-weight: 400;\">Schlank<\/span><\/td>\n<\/tr>\n<tr>\n<td><b>Geschmack<\/b><\/td>\n<td><span style=\"font-weight: 400;\">Orangen-Kaugummi-Eis<\/span><\/td>\n<\/tr>\n<tr>\n<td><b>Typ<\/b><\/td>\n<td><span style=\"font-weight: 400;\">Tabakfreies Etui<\/span><\/td>\n<\/tr>\n<\/tbody>\n<\/table>","protected":false},"excerpt":{"rendered":"<p><span style=\"font-weight: 400;\">GILO Orange Bubblegum Ice Nikotinbeutel bieten eine k\u00f6stliche Mischung aus s\u00fc\u00dfen und pikanten Aromen, die perfekt die nostalgische Essenz von Kaugummi mit einer belebenden eisigen Note einfangen. Jeder schlanke Beutel enth\u00e4lt 4 mg Nikotin und bietet ein sanftes, belebendes Erlebnis, das Kindheitserinnerungen mit einer raffinierten Note aufleben l\u00e4sst. Die Beutel sind so konzipiert, dass sie diskret verwendet werden k\u00f6nnen, ohne die Z\u00e4hne zu verf\u00e4rben, was sie ideal f\u00fcr den Genuss unterwegs macht. Produziert von GILO, einer Marke, die f\u00fcr ihr Engagement f\u00fcr Qualit\u00e4t und innovative Geschmacksprofile bekannt ist, sind diese Beutel ein Beispiel f\u00fcr hohe Standards und ein Engagement f\u00fcr die Verbesserung der Benutzererfahrung.<\/span><\/p>","protected":false},"featured_media":9490,"comment_status":"open","ping_status":"closed","template":"","format":[206],"meta":{"_acf_changed":false},"product_brand":[],"product_cat":[89],"product_tag":[16585],"flavours":[196],"nicotine":[209,232],"class_list":{"0":"post-9489","1":"product","2":"type-product","3":"status-publish","4":"has-post-thumbnail","6":"product_cat-gilo","7":"product_tag-4-mg-pouch","8":"pa_quantity-1-pack","9":"pa_quantity-10-pack","10":"pa_quantity-3-pack","11":"pa_quantity-30-pack","12":"pa_quantity-5-pack","13":"pa_quantity-60-pack","14":"flavours-fruits-berries","15":"format-slim","16":"nicotine-12-mg-g","17":"nicotine-extra-strong","19":"first","20":"outofstock","21":"taxable","22":"shipping-taxable","23":"purchasable","24":"product-type-variable","25":"has-default-attributes"},"acf":[],"_links":{"self":[{"href":"https:\/\/whitelip.com\/de\/wp-json\/wp\/v2\/product\/9489","targetHints":{"allow":["GET"]}}],"collection":[{"href":"https:\/\/whitelip.com\/de\/wp-json\/wp\/v2\/product"}],"about":[{"href":"https:\/\/whitelip.com\/de\/wp-json\/wp\/v2\/types\/product"}],"replies":[{"embeddable":true,"href":"https:\/\/whitelip.com\/de\/wp-json\/wp\/v2\/comments?post=9489"}],"wp:featuredmedia":[{"embeddable":true,"href":"https:\/\/whitelip.com\/de\/wp-json\/wp\/v2\/media\/9490"}],"wp:attachment":[{"href":"https:\/\/whitelip.com\/de\/wp-json\/wp\/v2\/media?parent=9489"}],"wp:term":[{"taxonomy":"product_brand","embeddable":true,"href":"https:\/\/whitelip.com\/de\/wp-json\/wp\/v2\/product_brand?post=9489"},{"taxonomy":"product_cat","embeddable":true,"href":"https:\/\/whitelip.com\/de\/wp-json\/wp\/v2\/product_cat?post=9489"},{"taxonomy":"product_tag","embeddable":true,"href":"https:\/\/whitelip.com\/de\/wp-json\/wp\/v2\/product_tag?post=9489"},{"taxonomy":"flavours","embeddable":true,"href":"https:\/\/whitelip.com\/de\/wp-json\/wp\/v2\/flavours?post=9489"},{"taxonomy":"format","embeddable":true,"href":"https:\/\/whitelip.com\/de\/wp-json\/wp\/v2\/format?post=9489"},{"taxonomy":"nicotine","embeddable":true,"href":"https:\/\/whitelip.com\/de\/wp-json\/wp\/v2\/nicotine?post=9489"}],"curies":[{"name":"wp","href":"https:\/\/api.w.org\/{rel}","templated":true}]}}