{"id":9484,"date":"2024-12-05T14:34:00","date_gmt":"2024-12-05T14:34:00","guid":{"rendered":"https:\/\/whitelip.com\/gilo-chokehold-grape\/"},"modified":"2026-03-05T11:31:43","modified_gmt":"2026-03-05T11:31:43","slug":"gilo-chokehold-grape","status":"publish","type":"product","link":"https:\/\/whitelip.com\/de\/gilo\/gilo-chokehold-grape\/","title":{"rendered":"GILO W\u00fcrgegriff Traube"},"content":{"rendered":"<h2><b>GILO W\u00fcrgegriff Traube<\/b><\/h2>\n<p><span style=\"font-weight: 400;\">Die GILO Chokehold Grape Nikotinbeutel bieten ein k\u00fchnes und aufregendes Erlebnis f\u00fcr alle, die einen starken Nikotinsto\u00df suchen. Jeder schlanke Beutel enth\u00e4lt 16 mg Nikotin und bietet ein starkes Gef\u00fchl, das den s\u00fc\u00dfen, saftigen Geschmack von reifen Trauben mit einem intensiven, erfrischenden Biss kombiniert. Die Beutel sind so konzipiert, dass sie diskret verwendet werden k\u00f6nnen, ohne die Z\u00e4hne zu verf\u00e4rben, was sie ideal f\u00fcr den Genuss unterwegs macht. Produziert von GILO, einer Marke, die f\u00fcr ihr Engagement f\u00fcr Qualit\u00e4t und innovative Geschmacksprofile bekannt ist, stehen diese Beutel f\u00fcr hohe Standards und ein Engagement f\u00fcr die Verbesserung der Benutzererfahrung.<\/span><\/p>\n<p><b>Spezifikationen<\/b><\/p>\n<table>\n<tbody>\n<tr>\n<td><b>Attribut<\/b><\/td>\n<td><b>Einzelheiten<\/b><\/td>\n<\/tr>\n<tr>\n<td><b>Nikotingehalt<\/b><\/td>\n<td><span style=\"font-weight: 400;\">16 mg pro Beutel<\/span><\/td>\n<\/tr>\n<tr>\n<td><b>Format des Beutels<\/b><\/td>\n<td><span style=\"font-weight: 400;\">Schlank<\/span><\/td>\n<\/tr>\n<tr>\n<td><b>Geschmack<\/b><\/td>\n<td><span style=\"font-weight: 400;\">Weintrauben<\/span><\/td>\n<\/tr>\n<tr>\n<td><b>Typ<\/b><\/td>\n<td><span style=\"font-weight: 400;\">Tabakfreies Etui<\/span><\/td>\n<\/tr>\n<\/tbody>\n<\/table>","protected":false},"excerpt":{"rendered":"<p><span style=\"font-weight: 400;\">Die GILO Chokehold Grape Nikotinbeutel bieten ein k\u00fchnes und aufregendes Erlebnis f\u00fcr alle, die einen starken Nikotinsto\u00df suchen. Jeder schlanke Beutel enth\u00e4lt 16 mg Nikotin und bietet ein starkes Gef\u00fchl, das den s\u00fc\u00dfen, saftigen Geschmack von reifen Trauben mit einem intensiven, erfrischenden Biss kombiniert. Die Beutel sind so konzipiert, dass sie diskret verwendet werden k\u00f6nnen, ohne die Z\u00e4hne zu verf\u00e4rben, was sie ideal f\u00fcr den Genuss unterwegs macht. Produziert von GILO, einer Marke, die f\u00fcr ihr Engagement f\u00fcr Qualit\u00e4t und innovative Geschmacksprofile bekannt ist, stehen diese Beutel f\u00fcr hohe Standards und ein Engagement f\u00fcr die Verbesserung der Benutzererfahrung.<\/span><\/p>","protected":false},"featured_media":9485,"comment_status":"open","ping_status":"closed","template":"","format":[206],"meta":{"_acf_changed":false},"product_brand":[],"product_cat":[89],"product_tag":[16569],"flavours":[196],"nicotine":[209,232],"class_list":{"0":"post-9484","1":"product","2":"type-product","3":"status-publish","4":"has-post-thumbnail","6":"product_cat-gilo","7":"product_tag-16-mg-pouch","8":"pa_quantity-1-pack","9":"pa_quantity-10-pack","10":"pa_quantity-3-pack","11":"pa_quantity-30-pack","12":"pa_quantity-5-pack","13":"pa_quantity-60-pack","14":"flavours-fruits-berries","15":"format-slim","16":"nicotine-12-mg-g","17":"nicotine-extra-strong","19":"first","20":"outofstock","21":"taxable","22":"shipping-taxable","23":"purchasable","24":"product-type-variable","25":"has-default-attributes"},"acf":[],"_links":{"self":[{"href":"https:\/\/whitelip.com\/de\/wp-json\/wp\/v2\/product\/9484","targetHints":{"allow":["GET"]}}],"collection":[{"href":"https:\/\/whitelip.com\/de\/wp-json\/wp\/v2\/product"}],"about":[{"href":"https:\/\/whitelip.com\/de\/wp-json\/wp\/v2\/types\/product"}],"replies":[{"embeddable":true,"href":"https:\/\/whitelip.com\/de\/wp-json\/wp\/v2\/comments?post=9484"}],"wp:featuredmedia":[{"embeddable":true,"href":"https:\/\/whitelip.com\/de\/wp-json\/wp\/v2\/media\/9485"}],"wp:attachment":[{"href":"https:\/\/whitelip.com\/de\/wp-json\/wp\/v2\/media?parent=9484"}],"wp:term":[{"taxonomy":"product_brand","embeddable":true,"href":"https:\/\/whitelip.com\/de\/wp-json\/wp\/v2\/product_brand?post=9484"},{"taxonomy":"product_cat","embeddable":true,"href":"https:\/\/whitelip.com\/de\/wp-json\/wp\/v2\/product_cat?post=9484"},{"taxonomy":"product_tag","embeddable":true,"href":"https:\/\/whitelip.com\/de\/wp-json\/wp\/v2\/product_tag?post=9484"},{"taxonomy":"flavours","embeddable":true,"href":"https:\/\/whitelip.com\/de\/wp-json\/wp\/v2\/flavours?post=9484"},{"taxonomy":"format","embeddable":true,"href":"https:\/\/whitelip.com\/de\/wp-json\/wp\/v2\/format?post=9484"},{"taxonomy":"nicotine","embeddable":true,"href":"https:\/\/whitelip.com\/de\/wp-json\/wp\/v2\/nicotine?post=9484"}],"curies":[{"name":"wp","href":"https:\/\/api.w.org\/{rel}","templated":true}]}}