{"id":94395,"date":"2026-04-13T10:30:14","date_gmt":"2026-04-13T10:30:14","guid":{"rendered":"https:\/\/whitelip.com\/?post_type=product&#038;p=94395"},"modified":"2026-04-22T04:57:38","modified_gmt":"2026-04-22T04:57:38","slug":"hit-apelsin-exp-01-16-2026","status":"publish","type":"product","link":"https:\/\/whitelip.com\/de\/hit\/hit-apelsin-exp-01-16-2026\/","title":{"rendered":"HIT Apelsin Exp.01\/16\/2026"},"content":{"rendered":"<h2>HIT Apelsin Exp.01\/16\/2026<\/h2>\n<p><span style=\"font-weight: 400;\">HIT Apelsin Nikotinbeutel bieten einen erfrischenden und nat\u00fcrlichen Orangengeschmack und liefern eine ausgewogene Mischung aus S\u00fc\u00dfe und Sch\u00e4rfe. Jeder Beutel im schlanken Format enth\u00e4lt 20 mg Nikotin pro Gramm, was ungef\u00e4hr 15 mg pro Beutel entspricht und ein starkes Erlebnis f\u00fcr erfahrene Raucher bietet. Die Beutel sind so konzipiert, dass sie diskret verwendet werden k\u00f6nnen, ohne die Z\u00e4hne zu verf\u00e4rben, was sie ideal f\u00fcr den Genuss unterwegs macht. Produziert von HIT, einem schwedischen Hersteller, der daf\u00fcr bekannt ist, moderne Methoden mit traditioneller Qualit\u00e4t zu verbinden, stehen diese Beutel f\u00fcr hohe Standards und innovative Geschmackskombinationen.<\/span><\/p>\n<table>\n<tbody>\n<tr>\n<td><b>Attribut<\/b><\/td>\n<td><b>Einzelheiten<\/b><\/td>\n<\/tr>\n<tr>\n<td><b>Inhalt pro Dose<\/b><\/td>\n<td><span style=\"font-weight: 400;\">15g (20 Beutel)<\/span><\/td>\n<\/tr>\n<tr>\n<td><b>Nikotingehalt<\/b><\/td>\n<td><span style=\"font-weight: 400;\">20 mg\/g (15 mg pro Beutel)<\/span><\/td>\n<\/tr>\n<tr>\n<td><b>Format des Beutels<\/b><\/td>\n<td><span style=\"font-weight: 400;\">Schlank<\/span><\/td>\n<\/tr>\n<tr>\n<td><b>Produzent<\/b><\/td>\n<td><span style=\"font-weight: 400;\">HIT<\/span><\/td>\n<\/tr>\n<tr>\n<td><b>Geschmack<\/b><\/td>\n<td><span style=\"font-weight: 400;\">Orange<\/span><\/td>\n<\/tr>\n<tr>\n<td><b>Typ<\/b><\/td>\n<td><span style=\"font-weight: 400;\">Ganz wei\u00dfe Tasche<\/span><\/td>\n<\/tr>\n<\/tbody>\n<\/table>","protected":false},"excerpt":{"rendered":"<p>Erfrischend, nat\u00fcrlich <strong data-start=\"20\" data-end=\"30\">orange<\/strong> mit einem ausgewogenen s\u00fc\u00dflich-herben Profil. <strong data-start=\"68\" data-end=\"76\">Schlank<\/strong>, Die komplett wei\u00dfen, tabakfreien Beutel sitzen diskret unter der Lippe und f\u00e4rben nicht auf die Z\u00e4hne ab. Jeder Beutel enth\u00e4lt <strong data-start=\"182\" data-end=\"201\">~15 mg Nikotin<\/strong> (20 mg\/g) und bietet ein starkes Erlebnis f\u00fcr erfahrene Konsumenten. Produziert von GN HIT (Schweden).<\/p>","protected":false},"featured_media":8199,"comment_status":"open","ping_status":"closed","template":"","format":[],"meta":{"_acf_changed":false},"product_brand":[],"product_cat":[66],"product_tag":[16571,17015],"flavours":[],"nicotine":[],"class_list":{"0":"post-94395","1":"product","2":"type-product","3":"status-publish","4":"has-post-thumbnail","6":"product_cat-hit","7":"product_tag-15-mg-pouch","8":"product_tag-50-off","9":"pa_quantity-1-pack","10":"pa_quantity-10-pack","11":"pa_quantity-3-pack","12":"pa_quantity-30-pack","13":"pa_quantity-5-pack","14":"pa_quantity-60-pack","16":"first","17":"outofstock","18":"sale","19":"taxable","20":"shipping-taxable","21":"purchasable","22":"product-type-variable"},"acf":[],"_links":{"self":[{"href":"https:\/\/whitelip.com\/de\/wp-json\/wp\/v2\/product\/94395","targetHints":{"allow":["GET"]}}],"collection":[{"href":"https:\/\/whitelip.com\/de\/wp-json\/wp\/v2\/product"}],"about":[{"href":"https:\/\/whitelip.com\/de\/wp-json\/wp\/v2\/types\/product"}],"replies":[{"embeddable":true,"href":"https:\/\/whitelip.com\/de\/wp-json\/wp\/v2\/comments?post=94395"}],"wp:featuredmedia":[{"embeddable":true,"href":"https:\/\/whitelip.com\/de\/wp-json\/wp\/v2\/media\/8199"}],"wp:attachment":[{"href":"https:\/\/whitelip.com\/de\/wp-json\/wp\/v2\/media?parent=94395"}],"wp:term":[{"taxonomy":"product_brand","embeddable":true,"href":"https:\/\/whitelip.com\/de\/wp-json\/wp\/v2\/product_brand?post=94395"},{"taxonomy":"product_cat","embeddable":true,"href":"https:\/\/whitelip.com\/de\/wp-json\/wp\/v2\/product_cat?post=94395"},{"taxonomy":"product_tag","embeddable":true,"href":"https:\/\/whitelip.com\/de\/wp-json\/wp\/v2\/product_tag?post=94395"},{"taxonomy":"flavours","embeddable":true,"href":"https:\/\/whitelip.com\/de\/wp-json\/wp\/v2\/flavours?post=94395"},{"taxonomy":"format","embeddable":true,"href":"https:\/\/whitelip.com\/de\/wp-json\/wp\/v2\/format?post=94395"},{"taxonomy":"nicotine","embeddable":true,"href":"https:\/\/whitelip.com\/de\/wp-json\/wp\/v2\/nicotine?post=94395"}],"curies":[{"name":"wp","href":"https:\/\/api.w.org\/{rel}","templated":true}]}}