{"id":94063,"date":"2026-04-10T12:44:37","date_gmt":"2026-04-10T12:44:37","guid":{"rendered":"https:\/\/whitelip.com\/?post_type=product&#038;p=94063"},"modified":"2026-04-14T00:01:16","modified_gmt":"2026-04-14T00:01:16","slug":"mynt-mint-3mg","status":"publish","type":"product","link":"https:\/\/whitelip.com\/de\/mynt\/mynt-mint-3mg\/","title":{"rendered":"MYNT Mint 3mg"},"content":{"rendered":"<h1 data-section-id=\"mm18_1ab2\" data-start=\"1\" data-end=\"50\"><strong>Mynt Mint 3mg<\/strong><\/h1>\n<p data-section-id=\"mm18_2cd3\" data-start=\"52\" data-end=\"350\">Mynt Mint 3mg ist ein tabakfreies Nikotinbeutel mit einem sauberen und erfrischenden Minzgeschmack, eine normal starke Option f\u00fcr Benutzer, die einen ausgepr\u00e4gten und konsistenten Nikotineffekt suchen. Jeder schlanke Beutel enth\u00e4lt 3 mg Nikotin (6 mg\/g) und sitzt diskret und komfortabel unter der Lippe f\u00fcr eine gleichm\u00e4\u00dfige und kontrollierte Freisetzung von Geschmack und Nikotin w\u00e4hrend der gesamten Verwendung.<\/p>\n<h2 data-section-id=\"mm18_3ef4\" data-start=\"352\" data-end=\"370\">Aroma und St\u00e4rke<\/h2>\n<p data-section-id=\"mm18_4gh5\" data-start=\"372\" data-end=\"570\">Mynt Mint 3mg liefert einen k\u00fchlen und ausgewogenen Minzgeschmack mit einem knackigen und erfrischenden Charakter, der w\u00e4hrend der gesamten Verwendung konsistent bleibt, ein fokussiertes Geschmacksprofil f\u00fcr diejenigen, die ein sauberes und unmissverst\u00e4ndliches Minzerlebnis bevorzugen. Bei 6 mg\/g und 3 mg Nikotin pro Beutel wird es als normal klassifiziert.<\/p>\n<h2 data-section-id=\"mm18_5ij6\" data-start=\"572\" data-end=\"590\">Format des Beutels<\/h2>\n<p data-section-id=\"mm18_6kl7\" data-start=\"592\" data-end=\"780\">Mynt Mint 3mg kommt in schlankem Format, ein schmaler und ergonomischer Beutel, der diskret und komfortabel unter der Lippe sitzt. Jede Dose enth\u00e4lt 10 g und 20 Beutel, alle wei\u00df und tabakfrei, entwickelt f\u00fcr eine gleichm\u00e4\u00dfige und zuverl\u00e4ssige Freisetzung von Minzgeschmack und Nikotin in jeder Situation.<\/p>\n<h2 data-section-id=\"mm18_7mn8\" data-start=\"782\" data-end=\"796\">\u00dcber Mynt Nikotinbeutel<\/h2>\n<p data-section-id=\"mm18_8op9\" data-start=\"798\" data-end=\"1050\">Mynt ist eine Marke f\u00fcr tabakfreie Nikotinbeutel mit Fokus auf einzigartige Geschmacksprofile und unterschiedliche Nikotinst\u00e4rken, entwickelt um die Vorlieben moderner Benutzer zu erf\u00fcllen. Das Sortiment reicht von milden und s\u00fc\u00dfen Varianten bis zu extra starken Optionen, immer im Slim-Format f\u00fcr diskrete und bequeme Nutzung.<\/p>\n<table style=\"height: 235px;\" width=\"383\">\n<tbody>\n<tr>\n<td><b>Attribut<\/b><\/td>\n<td><b>Einzelheiten<\/b><\/td>\n<\/tr>\n<tr>\n<td><b>Marke<\/b><\/td>\n<td><em><strong>Mynt<\/strong><\/em><\/td>\n<\/tr>\n<tr>\n<td><b>Format des Beutels<\/b><\/td>\n<td><em><strong>Schlank<\/strong><\/em><\/td>\n<\/tr>\n<tr>\n<td><b>Whitelip strength<\/b><\/td>\n<td><em><strong>Normal<\/strong><\/em><\/td>\n<\/tr>\n<tr>\n<td><b>Hersteller<\/b><\/td>\n<td><em><strong>Mynt<\/strong><\/em><\/td>\n<\/tr>\n<tr>\n<td><b>Geschmack<\/b><\/td>\n<td><span style=\"font-weight: 400;\">Minze<\/span><\/td>\n<\/tr>\n<tr>\n<td><b>Nikotingehalt<\/b><\/td>\n<td><b><span style=\"font-weight: 400;\">6 mg\/g (3 mg pro Beutel)<\/span><\/b><\/td>\n<\/tr>\n<tr>\n<td><b>Inhalt pro Dose<\/b><\/td>\n<td><span style=\"font-weight: 400;\">10 g (20 pouches)<\/span><\/td>\n<\/tr>\n<tr>\n<td><b>Kategorie<\/b><\/td>\n<td><em><strong>Nikotin-Beutel<\/strong><\/em><\/td>\n<\/tr>\n<tr>\n<td><b>Typ<\/b><\/td>\n<td><b><span style=\"font-weight: 400;\">Ganz wei\u00dfe Tasche<\/span><\/b><\/td>\n<\/tr>\n<\/tbody>\n<\/table>\n<p>&nbsp;<\/p>","protected":false},"excerpt":{"rendered":"<p data-start=\"1386\" data-end=\"1459\">Mynt Mint 3mg ist ein tabakfreies Nikotinpouch mit sauberem und erfrischendem Mintaroma. Jedes Pouch enth\u00e4lt 3 mg Nikotin.<\/p>","protected":false},"featured_media":93993,"comment_status":"open","ping_status":"closed","template":"","format":[206],"meta":{"_acf_changed":false},"product_brand":[],"product_cat":[11212],"product_tag":[16579],"flavours":[199],"nicotine":[228,235],"class_list":{"0":"post-94063","1":"product","2":"type-product","3":"status-publish","4":"has-post-thumbnail","6":"product_cat-mynt","7":"product_tag-3-mg-pouch","8":"pa_quantity-1-pack","9":"pa_quantity-10-pack","10":"pa_quantity-3-pack","11":"pa_quantity-30-pack","12":"pa_quantity-5-pack","13":"pa_quantity-60-pack","14":"flavours-mint","15":"format-slim","16":"nicotine-6-mg-g","17":"nicotine-normal","19":"first","20":"instock","21":"taxable","22":"shipping-taxable","23":"purchasable","24":"product-type-variable"},"acf":[],"_links":{"self":[{"href":"https:\/\/whitelip.com\/de\/wp-json\/wp\/v2\/product\/94063","targetHints":{"allow":["GET"]}}],"collection":[{"href":"https:\/\/whitelip.com\/de\/wp-json\/wp\/v2\/product"}],"about":[{"href":"https:\/\/whitelip.com\/de\/wp-json\/wp\/v2\/types\/product"}],"replies":[{"embeddable":true,"href":"https:\/\/whitelip.com\/de\/wp-json\/wp\/v2\/comments?post=94063"}],"wp:featuredmedia":[{"embeddable":true,"href":"https:\/\/whitelip.com\/de\/wp-json\/wp\/v2\/media\/93993"}],"wp:attachment":[{"href":"https:\/\/whitelip.com\/de\/wp-json\/wp\/v2\/media?parent=94063"}],"wp:term":[{"taxonomy":"product_brand","embeddable":true,"href":"https:\/\/whitelip.com\/de\/wp-json\/wp\/v2\/product_brand?post=94063"},{"taxonomy":"product_cat","embeddable":true,"href":"https:\/\/whitelip.com\/de\/wp-json\/wp\/v2\/product_cat?post=94063"},{"taxonomy":"product_tag","embeddable":true,"href":"https:\/\/whitelip.com\/de\/wp-json\/wp\/v2\/product_tag?post=94063"},{"taxonomy":"flavours","embeddable":true,"href":"https:\/\/whitelip.com\/de\/wp-json\/wp\/v2\/flavours?post=94063"},{"taxonomy":"format","embeddable":true,"href":"https:\/\/whitelip.com\/de\/wp-json\/wp\/v2\/format?post=94063"},{"taxonomy":"nicotine","embeddable":true,"href":"https:\/\/whitelip.com\/de\/wp-json\/wp\/v2\/nicotine?post=94063"}],"curies":[{"name":"wp","href":"https:\/\/api.w.org\/{rel}","templated":true}]}}