{"id":94017,"date":"2026-04-10T12:17:54","date_gmt":"2026-04-10T12:17:54","guid":{"rendered":"https:\/\/whitelip.com\/?post_type=product&#038;p=94017"},"modified":"2026-04-10T12:36:04","modified_gmt":"2026-04-10T12:36:04","slug":"mynt-sweet-18mg","status":"publish","type":"product","link":"https:\/\/whitelip.com\/de\/mynt\/mynt-sweet-18mg\/","title":{"rendered":"MYNT S\u00fc\u00df 18mg"},"content":{"rendered":"<h1 data-section-id=\"ms1ab2\" data-start=\"1\" data-end=\"50\"><strong>Mynt Sweet 18mg<\/strong><\/h1>\n<p data-section-id=\"ms2cd3\" data-start=\"52\" data-end=\"350\">Mynt Sweet 18mg ist ein tabakfreies Nikotinpouch mit s\u00fc\u00dfem und mildem Geschmacksprofil, eine extra starke Option f\u00fcr diejenigen, die eine intensive Nikotinerfahrung in einem diskreten Slim-Format suchen. Jedes Slim Pouch enth\u00e4lt 18 mg Nikotin (36 mg\/g) und sitzt angenehm unter der Lippe f\u00fcr eine gleichm\u00e4\u00dfige und kontrollierte Freisetzung von Geschmack und Nikotin.<\/p>\n<h2 data-section-id=\"ms3ef4\" data-start=\"352\" data-end=\"370\">Aroma und St\u00e4rke<\/h2>\n<p data-section-id=\"ms4gh5\" data-start=\"372\" data-end=\"570\">Mynt Sweet 18mg bietet ein s\u00fc\u00dfes und ausgewogenes Geschmacksprofil mit mildem und angenehmem Charakter, eine diskrete Geschmackserfahrung f\u00fcr diejenigen, die ein subtiles und abgerundetes Nikotinpouch bevorzugen. Bei 36 mg\/g und 18 mg Nikotin pro Pouch wird es als <a href=\"https:\/\/whitelip.com\/de\/nicotine\/extreme\/\">extrem<\/a>eingestuft, eine kr\u00e4ftige Wahl f\u00fcr diejenigen, die eine intensive und zuverl\u00e4ssige Nikotinfreisetzung anstreben.<\/p>\n<h2 data-section-id=\"ms5ij6\" data-start=\"572\" data-end=\"590\">Format des Beutels<\/h2>\n<p data-section-id=\"ms6kl7\" data-start=\"592\" data-end=\"780\">Mynt Sweet 18mg ist in <a href=\"https:\/\/whitelip.com\/de\/format\/slim\/\">schlankes Format<\/a>erh\u00e4ltlich, ein schmales und ergonomisches Pouch, das diskret und angenehm unter der Lippe sitzt. Jede Dose enth\u00e4lt 10 g und 20 Pouches, alle wei\u00df und tabakfrei, entwickelt f\u00fcr eine gleichm\u00e4\u00dfige und zuverl\u00e4ssige Freisetzung von Geschmack und Nikotin in jeder Situation.<\/p>\n<h2 data-section-id=\"ms7mn8\" data-start=\"782\" data-end=\"796\">\u00dcber Mynt Nikotinbeutel<\/h2>\n<p data-section-id=\"ms8op9\" data-start=\"798\" data-end=\"1050\">Mynt ist eine Marke f\u00fcr tabakfreie Nikotinbeutel mit Fokus auf einzigartige Geschmacksprofile und unterschiedliche Nikotinst\u00e4rken, entwickelt um die Vorlieben moderner Benutzer zu erf\u00fcllen. Das Sortiment reicht von milden und s\u00fc\u00dfen Varianten bis zu extra starken Optionen, immer im Slim-Format f\u00fcr diskrete und bequeme Nutzung.<\/p>\n<table style=\"height: 235px;\" width=\"383\">\n<tbody>\n<tr>\n<td><b>Attribut<\/b><\/td>\n<td><b>Einzelheiten<\/b><\/td>\n<\/tr>\n<tr>\n<td><b>Marke<\/b><\/td>\n<td><a href=\"https:\/\/whitelip.com\/de\/mynt\/\"><em><strong>Mynt<\/strong><\/em><\/a><\/td>\n<\/tr>\n<tr>\n<td><b>Format des Beutels<\/b><\/td>\n<td><em><strong><a href=\"https:\/\/whitelip.com\/de\/format\/slim\/\">Schlank<\/a><\/strong><\/em><\/td>\n<\/tr>\n<tr>\n<td><b>Whitelip strength<\/b><\/td>\n<td><em><strong><a href=\"https:\/\/whitelip.com\/de\/nicotine\/extreme\/\">Extrem<\/a><\/strong><\/em><\/td>\n<\/tr>\n<tr>\n<td><b>Hersteller<\/b><\/td>\n<td><a href=\"https:\/\/whitelip.com\/de\/mynt\/\"><em><strong>Mynt<\/strong><\/em><\/a><\/td>\n<\/tr>\n<tr>\n<td><b>Geschmack<\/b><\/td>\n<td><span style=\"font-weight: 400;\">S\u00fc\u00df<\/span><\/td>\n<\/tr>\n<tr>\n<td><b>Nikotingehalt<\/b><\/td>\n<td><b><span style=\"font-weight: 400;\">36 mg\/g (18 mg per pouch)<\/span><\/b><\/td>\n<\/tr>\n<tr>\n<td><b>Inhalt pro Dose<\/b><\/td>\n<td><span style=\"font-weight: 400;\">10 g (20 pouches)<\/span><\/td>\n<\/tr>\n<tr>\n<td><b>Kategorie<\/b><\/td>\n<td><a href=\"https:\/\/whitelip.com\/de\/snus\/\"><b><i>Nikotin-Beutel<\/i><\/b><\/a><\/td>\n<\/tr>\n<tr>\n<td><b>Typ<\/b><\/td>\n<td><b><span style=\"font-weight: 400;\">Ganz wei\u00dfe Tasche<\/span><\/b><\/td>\n<\/tr>\n<\/tbody>\n<\/table>\n<p>&nbsp;<\/p>","protected":false},"excerpt":{"rendered":"<p data-start=\"1386\" data-end=\"1459\">Mynt Sweet 18mg ist ein tabakfreies Nikotinpouch mit s\u00fc\u00dfem und mildem Geschmacksprofil, eine extra starke Option f\u00fcr diejenigen, die eine intensive Nikotinerfahrung in einem diskreten Slim-Format suchen.<\/p>","protected":false},"featured_media":93999,"comment_status":"open","ping_status":"closed","template":"","format":[],"meta":{"_acf_changed":false},"product_brand":[],"product_cat":[11212],"product_tag":[16795],"flavours":[11216],"nicotine":[11214,233],"class_list":{"0":"post-94017","1":"product","2":"type-product","3":"status-publish","4":"has-post-thumbnail","6":"product_cat-mynt","7":"product_tag-18-mg-pouch","8":"pa_quantity-1-pack","9":"pa_quantity-10-pack","10":"pa_quantity-3-pack","11":"pa_quantity-30-pack","12":"pa_quantity-5-pack","13":"pa_quantity-60-pack","14":"flavours-sweet","15":"nicotine-36-mg-g","16":"nicotine-extreme","18":"first","19":"instock","20":"taxable","21":"shipping-taxable","22":"purchasable","23":"product-type-variable"},"acf":[],"_links":{"self":[{"href":"https:\/\/whitelip.com\/de\/wp-json\/wp\/v2\/product\/94017","targetHints":{"allow":["GET"]}}],"collection":[{"href":"https:\/\/whitelip.com\/de\/wp-json\/wp\/v2\/product"}],"about":[{"href":"https:\/\/whitelip.com\/de\/wp-json\/wp\/v2\/types\/product"}],"replies":[{"embeddable":true,"href":"https:\/\/whitelip.com\/de\/wp-json\/wp\/v2\/comments?post=94017"}],"wp:featuredmedia":[{"embeddable":true,"href":"https:\/\/whitelip.com\/de\/wp-json\/wp\/v2\/media\/93999"}],"wp:attachment":[{"href":"https:\/\/whitelip.com\/de\/wp-json\/wp\/v2\/media?parent=94017"}],"wp:term":[{"taxonomy":"product_brand","embeddable":true,"href":"https:\/\/whitelip.com\/de\/wp-json\/wp\/v2\/product_brand?post=94017"},{"taxonomy":"product_cat","embeddable":true,"href":"https:\/\/whitelip.com\/de\/wp-json\/wp\/v2\/product_cat?post=94017"},{"taxonomy":"product_tag","embeddable":true,"href":"https:\/\/whitelip.com\/de\/wp-json\/wp\/v2\/product_tag?post=94017"},{"taxonomy":"flavours","embeddable":true,"href":"https:\/\/whitelip.com\/de\/wp-json\/wp\/v2\/flavours?post=94017"},{"taxonomy":"format","embeddable":true,"href":"https:\/\/whitelip.com\/de\/wp-json\/wp\/v2\/format?post=94017"},{"taxonomy":"nicotine","embeddable":true,"href":"https:\/\/whitelip.com\/de\/wp-json\/wp\/v2\/nicotine?post=94017"}],"curies":[{"name":"wp","href":"https:\/\/api.w.org\/{rel}","templated":true}]}}