{"id":93973,"date":"2026-04-10T10:55:42","date_gmt":"2026-04-10T10:55:42","guid":{"rendered":"https:\/\/whitelip.com\/?post_type=product&#038;p=93973"},"modified":"2026-04-10T11:12:00","modified_gmt":"2026-04-10T11:12:00","slug":"mynt-mango-3mg","status":"publish","type":"product","link":"https:\/\/whitelip.com\/de\/mynt\/mynt-mango-3mg\/","title":{"rendered":"MYNT Mango 3mg"},"content":{"rendered":"<p data-start=\"212\" data-end=\"505\">MYNT Mango 3mg bietet einen s\u00fc\u00dfen, saftigen tropischen Mangogeschmack mit einem glatten und erfrischenden Abgang. Der Geschmack ist lebhaft, fruchtig und nat\u00fcrlich s\u00fc\u00df und bietet ein belebendes und angenehmes Profil, das sich ideal f\u00fcr den t\u00e4glichen Gebrauch eignet. Es bietet ein geschmackliches Erlebnis, das sich mit seinem reifen und sonnigen Mangocharakter auszeichnet.<\/p>\n<p data-start=\"507\" data-end=\"827\">Jeder schlanke Beutel enth\u00e4lt 3 mg Nikotin und bietet eine mittlere St\u00e4rke mit einer klaren und gleichm\u00e4\u00dfigen Freisetzung, die sich f\u00fcr regelm\u00e4\u00dfige Nutzer eignet. Das rein wei\u00dfe, tabakfreie Format gew\u00e4hrleistet ein sauberes Erlebnis ohne Verf\u00e4rbungen, rauchfrei und ohne Geruchsbel\u00e4stigung \u2013 perfekt f\u00fcr diskrete und erfrischende Genuss jederzeit und \u00fcberall.<\/p>\n<table>\n<tbody>\n<tr>\n<td><b>Attribut<\/b><\/td>\n<td><b>Einzelheiten<\/b><\/td>\n<\/tr>\n<tr>\n<td><b>Marke<\/b><\/td>\n<td><span style=\"font-weight: 400;\">MYNT<\/span><\/td>\n<\/tr>\n<tr>\n<td><b>Produkttyp<\/b><\/td>\n<td><span style=\"font-weight: 400;\">Alle wei\u00dfen Nikotinbeutel<\/span><\/td>\n<\/tr>\n<tr>\n<td><b>Format<\/b><\/td>\n<td>Schlank<\/td>\n<\/tr>\n<tr>\n<td><b>Geschmack<\/b><\/td>\n<td>Mango<\/td>\n<\/tr>\n<tr>\n<td><b>Nikotinst\u00e4rke<\/b><\/td>\n<td><span style=\"font-weight: 400;\">3 mg per pouch (6 mg\/g)<\/span><\/td>\n<\/tr>\n<tr>\n<td><b>Portion Gewicht<\/b><\/td>\n<td><span style=\"font-weight: 400;\">0,5 Gramm<\/span><\/td>\n<\/tr>\n<tr>\n<td><b>Anzahl der Portionen<\/b><\/td>\n<td><span style=\"font-weight: 400;\">20 pro Dose<\/span><\/td>\n<\/tr>\n<tr>\n<td><b>Gesamtgewicht der Dose<\/b><\/td>\n<td><span style=\"font-weight: 400;\">8 Gramm<\/span><\/td>\n<\/tr>\n<tr>\n<td><b>Hersteller<\/b><\/td>\n<td>Satyam\u2019s Sun Products Pvt Ltd<\/td>\n<\/tr>\n<tr>\n<td><b>Bemerkenswerte Merkmale<\/b><\/td>\n<td><span style=\"font-weight: 400;\">Tabakfrei, Slim-Format, s\u00fc\u00dfer und erfrischender tropischer Mango-Geschmack<\/span><\/td>\n<\/tr>\n<\/tbody>\n<\/table>","protected":false},"excerpt":{"rendered":"<p data-start=\"1386\" data-end=\"1459\"><b>Mango <\/b>Geschmack in einem <b>schlank <\/b>Etui mit <strong data-start=\"1494\" data-end=\"1513\">3 mg Nikotin<\/strong> pro Beutel.<\/p>","protected":false},"featured_media":93982,"comment_status":"open","ping_status":"closed","template":"","format":[206],"meta":{"_acf_changed":false},"product_brand":[],"product_cat":[11212],"product_tag":[16579],"flavours":[196],"nicotine":[228,234],"class_list":{"0":"post-93973","1":"product","2":"type-product","3":"status-publish","4":"has-post-thumbnail","6":"product_cat-mynt","7":"product_tag-3-mg-pouch","8":"pa_quantity-1-pack","9":"pa_quantity-10-pack","10":"pa_quantity-3-pack","11":"pa_quantity-30-pack","12":"pa_quantity-5-pack","13":"pa_quantity-60-pack","14":"flavours-fruits-berries","15":"format-slim","16":"nicotine-6-mg-g","17":"nicotine-mild","19":"first","20":"instock","21":"taxable","22":"shipping-taxable","23":"purchasable","24":"product-type-variable"},"acf":[],"_links":{"self":[{"href":"https:\/\/whitelip.com\/de\/wp-json\/wp\/v2\/product\/93973","targetHints":{"allow":["GET"]}}],"collection":[{"href":"https:\/\/whitelip.com\/de\/wp-json\/wp\/v2\/product"}],"about":[{"href":"https:\/\/whitelip.com\/de\/wp-json\/wp\/v2\/types\/product"}],"replies":[{"embeddable":true,"href":"https:\/\/whitelip.com\/de\/wp-json\/wp\/v2\/comments?post=93973"}],"wp:featuredmedia":[{"embeddable":true,"href":"https:\/\/whitelip.com\/de\/wp-json\/wp\/v2\/media\/93982"}],"wp:attachment":[{"href":"https:\/\/whitelip.com\/de\/wp-json\/wp\/v2\/media?parent=93973"}],"wp:term":[{"taxonomy":"product_brand","embeddable":true,"href":"https:\/\/whitelip.com\/de\/wp-json\/wp\/v2\/product_brand?post=93973"},{"taxonomy":"product_cat","embeddable":true,"href":"https:\/\/whitelip.com\/de\/wp-json\/wp\/v2\/product_cat?post=93973"},{"taxonomy":"product_tag","embeddable":true,"href":"https:\/\/whitelip.com\/de\/wp-json\/wp\/v2\/product_tag?post=93973"},{"taxonomy":"flavours","embeddable":true,"href":"https:\/\/whitelip.com\/de\/wp-json\/wp\/v2\/flavours?post=93973"},{"taxonomy":"format","embeddable":true,"href":"https:\/\/whitelip.com\/de\/wp-json\/wp\/v2\/format?post=93973"},{"taxonomy":"nicotine","embeddable":true,"href":"https:\/\/whitelip.com\/de\/wp-json\/wp\/v2\/nicotine?post=93973"}],"curies":[{"name":"wp","href":"https:\/\/api.w.org\/{rel}","templated":true}]}}